{"id":7768,"date":"2026-01-21T07:52:58","date_gmt":"2026-01-21T12:22:58","guid":{"rendered":"https:\/\/www.carlosesandoval.com\/?page_id=7768"},"modified":"2026-01-21T12:48:38","modified_gmt":"2026-01-21T17:18:38","slug":"ximena-rivera","status":"publish","type":"page","link":"https:\/\/www.carlosesandoval.com\/es\/la-firma\/ximena-rivera\/","title":{"rendered":"Ximena Rivera"},"content":{"rendered":"[vc_row tablet_fullwidth_cols=\u00bbyes\u00bb css=\u00bb.vc_custom_1607430817737{padding-bottom: 50px !important;}\u00bb el_class=\u00bbteam-img\u00bb][vc_column width=\u00bb1\/3&#8243;]<div class=\"vcex-spacing\" style=\"height:15px\"><\/div><div class=\"vcex-image vcex-module vcex-clr\"><span class=\"vcex-image-inner\"><img loading=\"lazy\" decoding=\"async\" src=\"https:\/\/www.carlosesandoval.com\/wp-content\/uploads\/2026\/01\/Frame-13-1.png\" alt='' data-no-retina width=\"212\" height=\"297\" \/><\/span><\/div>[\/vc_column][vc_column width=\u00bb2\/3&#8243;]<h1 class=\"vcex-module vcex-heading vcex-heading-plain\" style=\"color:#000000;font-size:26px;text-align:left;\"><span class=\"vcex-heading-inner clr\">Ximena Rivera, Paralegal<\/span><\/h1><div class=\"vcex-module vcex-divider vcex-divider-solid vcex-divider-left\" style=\"width:53%;border-top-width:2px;border-color:#c79d63;\"><\/div><div class=\"wpex-clear\"><\/div><div class=\"vcex-spacing\" style=\"height:15px\"><\/div>[vc_column_text color=\u00bb#222222&#8243; font_size=\u00bb16px\u00bb text_align=\u00bbleft\u00bb]Ximena es una asistente legal especializada en procedimientos de inmigraci\u00f3n, con un enfoque en brindar un acompa\u00f1amiento cercano, claro y emp\u00e1tico a personas y familias que buscan establecerse legalmente en el pa\u00eds, ya sea a trav\u00e9s de la residencia, la ciudadan\u00eda o visas humanitarias.<\/p>\n<p>Cuenta con una s\u00f3lida formaci\u00f3n jur\u00eddica y una trayectoria destacada en el apoyo a las comunidades de inmigrantes, tanto desde un enfoque legal como humano y estrat\u00e9gico. Su experiencia previa en la gesti\u00f3n de casos de inmigraci\u00f3n en Colombia le ha permitido desarrollar habilidades clave en la redacci\u00f3n de documentos, la preparaci\u00f3n de solicitudes, la recopilaci\u00f3n de pruebas y la comunicaci\u00f3n eficaz con clientes de diferentes perfiles.<\/p>\n<p>Comprometida con el acceso justo y eficiente a la justicia migratoria, Ximena combina sus conocimientos t\u00e9cnicos con una profunda sensibilidad hacia las realidades sociales a las que se enfrentan los inmigrantes. Actualmente, contin\u00faa fortaleciendo sus habilidades profesionales con un enfoque \u00e9tico y orientado a los resultados en el contexto migratorio de los Estados Unidos.[\/vc_column_text]<div class=\"vcex-spacing\" style=\"height:30px\"><\/div>[\/vc_column][\/vc_row][vc_row content_placement=\u00bbmiddle\u00bb css=\u00bb.vc_custom_1605946406797{padding-top: 30px !important;padding-bottom: 30px !important;background-color: #f7f7f7 !important;}\u00bb][vc_column width=\u00bb7\/12&#8243;]<div class=\"textcenter theme-button-wrap clr\"><a href=\"https:\/\/www.avvo.com\/attorneys\/33024-fl-carlos-sandoval-1236153\/reviews.html\" class=\"vcex-button theme-button large align-center inline animate-on-hover\" target=\"_blank\" style=\"width:100%;\"><span class=\"theme-button-inner\">Para saber lo que otros han dicho sobre nuestra firma , PULSE AQU\u00cd<\/span><\/a><\/div> [\/vc_column][vc_column width=\u00bb5\/12&#8243;]<div class=\"vcex-image vcex-module vcex-clr textcenter\"><span class=\"vcex-image-inner\"><a href=\"https:\/\/www.avvo.com\/attorneys\/33024-fl-carlos-sandoval-1236153\/reviews.html\" target=\"_blank\"><img loading=\"lazy\" decoding=\"async\" src=\"https:\/\/www.carlosesandoval.com\/wp-content\/uploads\/2020\/09\/Avvo-Logo.png\" alt='' data-no-retina width=\"180\" height=\"90\" \/><\/a><\/span><\/div>[\/vc_column][\/vc_row][vc_row el_id=\u00bbabout-us-post1&#8243; el_class=\u00bbabout-us-post1&#8243;][vc_column]<div class=\"vcex-spacing\" style=\"height:30px\"><\/div><div class=\"vcex-module vcex-post-type-grid-wrap wpex-clr\"><div class=\"wpex-row vcex-post-type-grid entries wpex-clr gap-20\" data-transition-duration=\"0.0\"><div class=\"vcex-post-type-entry vcex-grid-item clr col span_1_of_5 col-1 post-3899 entry type-page has-media translation_priority-17 translation_priority-16\"><div class=\"vcex-post-type-entry-inner entry-inner clr\"><div class=\"vcex-post-type-entry-media entry-media wpex-clr\"><a href=\"https:\/\/www.carlosesandoval.com\/es\/la-firma\/carlos-sandoval-e\/\" title=\"Carlos E. Sandoval, Esq.\"><img loading=\"lazy\" decoding=\"async\" width=\"212\" height=\"297\" src=\"https:\/\/www.carlosesandoval.com\/wp-content\/uploads\/2026\/01\/Frame-1.png\" class=\"attachment-full size-full\" alt=\"\" \/><\/a><\/div><div class=\"vcex-post-type-entry-details entry-details wpex-clr\"><h2 class=\"vcex-post-type-entry-title entry-title\" ><a href=\"https:\/\/www.carlosesandoval.com\/es\/la-firma\/carlos-sandoval-e\/\">Carlos E. Sandoval, Esq.<\/a><\/h2 ><div class=\"vcex-post-type-entry-excerpt entry-excerpt clr\">Abogado<\/div><\/div><\/div><\/div><div class=\"vcex-post-type-entry vcex-grid-item clr col span_1_of_5 col-2 post-6114 entry type-page has-media translation_priority-17 translation_priority-16\"><div class=\"vcex-post-type-entry-inner entry-inner clr\"><div class=\"vcex-post-type-entry-media entry-media wpex-clr\"><a href=\"https:\/\/www.carlosesandoval.com\/es\/la-firma\/carlos-sandoval-sr\/\" title=\"Carlos Sandoval, Sr\"><img loading=\"lazy\" decoding=\"async\" width=\"212\" height=\"297\" src=\"https:\/\/www.carlosesandoval.com\/wp-content\/uploads\/2026\/01\/Frame-2-1.png\" class=\"attachment-full size-full\" alt=\"\" \/><\/a><\/div><div class=\"vcex-post-type-entry-details entry-details wpex-clr\"><h2 class=\"vcex-post-type-entry-title entry-title\" ><a href=\"https:\/\/www.carlosesandoval.com\/es\/la-firma\/carlos-sandoval-sr\/\">Carlos Sandoval, Sr<\/a><\/h2 ><div class=\"vcex-post-type-entry-excerpt entry-excerpt clr\">Ayudante legal<\/div><\/div><\/div><\/div><div class=\"vcex-post-type-entry vcex-grid-item clr col span_1_of_5 col-3 post-7789 entry type-page has-media translation_priority-17\"><div class=\"vcex-post-type-entry-inner entry-inner clr\"><div class=\"vcex-post-type-entry-media entry-media wpex-clr\"><a href=\"https:\/\/www.carlosesandoval.com\/es\/la-firma\/ma-liliana-burgos\/\" title=\"Ma. Liliana Burgos\"><img loading=\"lazy\" decoding=\"async\" width=\"212\" height=\"297\" src=\"https:\/\/www.carlosesandoval.com\/wp-content\/uploads\/2026\/01\/Frame-3-1.png\" class=\"attachment-full size-full\" alt=\"\" \/><\/a><\/div><div class=\"vcex-post-type-entry-details entry-details wpex-clr\"><h2 class=\"vcex-post-type-entry-title entry-title\" ><a href=\"https:\/\/www.carlosesandoval.com\/es\/la-firma\/ma-liliana-burgos\/\">Ma. Liliana Burgos<\/a><\/h2 ><div class=\"vcex-post-type-entry-excerpt entry-excerpt clr\">Gerente de Oficina<\/div><\/div><\/div><\/div><div class=\"vcex-post-type-entry vcex-grid-item clr col span_1_of_5 col-4 post-7808 entry type-page has-media translation_priority-17\"><div class=\"vcex-post-type-entry-inner entry-inner clr\"><div class=\"vcex-post-type-entry-media entry-media wpex-clr\"><a href=\"https:\/\/www.carlosesandoval.com\/es\/la-firma\/maria-julieta-naranjo\/\" title=\"Mar\u00eda Julieta Naranjo\"><img loading=\"lazy\" decoding=\"async\" width=\"212\" height=\"297\" src=\"https:\/\/www.carlosesandoval.com\/wp-content\/uploads\/2026\/01\/Carlos-E.-Sandoval-Esq-4.png\" class=\"attachment-full size-full\" alt=\"\" \/><\/a><\/div><div class=\"vcex-post-type-entry-details entry-details wpex-clr\"><h2 class=\"vcex-post-type-entry-title entry-title\" ><a href=\"https:\/\/www.carlosesandoval.com\/es\/la-firma\/maria-julieta-naranjo\/\">Mar\u00eda Julieta Naranjo<\/a><\/h2 ><div class=\"vcex-post-type-entry-excerpt entry-excerpt clr\">Commercial Manager<\/div><\/div><\/div><\/div><div class=\"vcex-post-type-entry vcex-grid-item clr col span_1_of_5 col-5 post-7816 entry type-page has-media translation_priority-17\"><div class=\"vcex-post-type-entry-inner entry-inner clr\"><div class=\"vcex-post-type-entry-media entry-media wpex-clr\"><a href=\"https:\/\/www.carlosesandoval.com\/es\/la-firma\/ana-lucia-alvarez\/\" title=\"Ana Lucia Alvarez\"><img loading=\"lazy\" decoding=\"async\" width=\"212\" height=\"297\" src=\"https:\/\/www.carlosesandoval.com\/wp-content\/uploads\/2026\/01\/Frame-5.png\" class=\"attachment-full size-full\" alt=\"\" \/><\/a><\/div><div class=\"vcex-post-type-entry-details entry-details wpex-clr\"><h2 class=\"vcex-post-type-entry-title entry-title\" ><a href=\"https:\/\/www.carlosesandoval.com\/es\/la-firma\/ana-lucia-alvarez\/\">Ana Lucia Alvarez<\/a><\/h2 ><div class=\"vcex-post-type-entry-excerpt entry-excerpt clr\">Executive Assitant<\/div><\/div><\/div><\/div><\/div><\/div><a href=\"https:\/\/www.carlosesandoval.com\/es\/la-firma\/\" class=\"vcex-button theme-button inline animate-on-hover\" style=\"background:#c79d63;\"><span class=\"theme-button-inner\">Volver a la Firma<\/span><\/a> <div class=\"vcex-spacing\" style=\"height:30px\"><\/div>[\/vc_column][\/vc_row]\n","protected":false},"excerpt":{"rendered":"<p>Paralegal<\/p>\n","protected":false},"author":2,"featured_media":7845,"parent":3082,"menu_order":0,"comment_status":"closed","ping_status":"closed","template":"","meta":{"_joinchat":[],"footnotes":""},"class_list":["post-7768","page","type-page","status-publish","has-post-thumbnail","hentry","entry","has-media"],"yoast_head":"<!-- This site is optimized with the Yoast SEO plugin v15.3 - https:\/\/yoast.com\/wordpress\/plugins\/seo\/ -->\n<title>Ximena Rivera<\/title>\n<meta name=\"robots\" content=\"index, follow, max-snippet:-1, max-image-preview:large, max-video-preview:-1\" \/>\n<link rel=\"canonical\" href=\"https:\/\/www.carlosesandoval.com\/es\/la-firma\/ximena-rivera\/\" \/>\n<meta property=\"og:locale\" content=\"es_ES\" \/>\n<meta property=\"og:type\" content=\"article\" \/>\n<meta property=\"og:title\" content=\"Ximena Rivera\" \/>\n<meta property=\"og:description\" content=\"Paralegal\" \/>\n<meta property=\"og:url\" content=\"https:\/\/www.carlosesandoval.com\/es\/la-firma\/ximena-rivera\/\" \/>\n<meta property=\"og:site_name\" content=\"Carlos Sandoval\" \/>\n<meta property=\"article:publisher\" content=\"https:\/\/www.facebook.com\/carlosesandovalpa\" \/>\n<meta property=\"article:author\" content=\"http:\/\/www.facebook.com\/carlosesandovalpa\" \/>\n<meta property=\"article:modified_time\" content=\"2026-01-21T17:18:38+00:00\" \/>\n<meta property=\"og:image\" content=\"https:\/\/www.carlosesandoval.com\/wp-content\/uploads\/2026\/01\/Frame-13-1.png\" \/>\n\t<meta property=\"og:image:width\" content=\"212\" \/>\n\t<meta property=\"og:image:height\" content=\"297\" \/>\n<meta name=\"twitter:card\" content=\"summary_large_image\" \/>\n<meta name=\"twitter:title\" content=\"Ximena Rivera\" \/>\n<meta name=\"twitter:label1\" content=\"Escrito por\">\n\t<meta name=\"twitter:data1\" content=\"Carlos Sandoval\">\n\t<meta name=\"twitter:label2\" content=\"Tiempo de lectura\">\n\t<meta name=\"twitter:data2\" content=\"2 minutos\">\n<script type=\"application\/ld+json\" class=\"yoast-schema-graph\">{\"@context\":\"https:\/\/schema.org\",\"@graph\":[{\"@type\":\"Organization\",\"@id\":\"https:\/\/www.carlosesandoval.com\/#organization\",\"name\":\"Carlos E. Sandoval, P.A.\",\"url\":\"https:\/\/www.carlosesandoval.com\/\",\"sameAs\":[\"https:\/\/www.facebook.com\/carlosesandovalpa\",\"https:\/\/www.instagram.com\/carlosesandovalpa\/\",\"https:\/\/www.linkedin.com\/in\/carlosesandoval\/\",\"https:\/\/www.youtube.com\/channel\/UCjV8Lal1X8egP2Wi1r6-eLg\"],\"logo\":{\"@type\":\"ImageObject\",\"@id\":\"https:\/\/www.carlosesandoval.com\/#logo\",\"inLanguage\":\"es\",\"url\":\"https:\/\/www.carlosesandoval.com\/wp-content\/uploads\/2022\/05\/logo-2x-retina.png\",\"width\":848,\"height\":134,\"caption\":\"Carlos E. Sandoval, P.A.\"},\"image\":{\"@id\":\"https:\/\/www.carlosesandoval.com\/#logo\"}},{\"@type\":\"WebSite\",\"@id\":\"https:\/\/www.carlosesandoval.com\/#website\",\"url\":\"https:\/\/www.carlosesandoval.com\/\",\"name\":\"Carlos Sandoval, P.A.\",\"description\":\"\",\"publisher\":{\"@id\":\"https:\/\/www.carlosesandoval.com\/#organization\"},\"potentialAction\":[{\"@type\":\"SearchAction\",\"target\":\"https:\/\/www.carlosesandoval.com\/?s={search_term_string}\",\"query-input\":\"required name=search_term_string\"}],\"inLanguage\":\"es\"},{\"@type\":\"ImageObject\",\"@id\":\"https:\/\/www.carlosesandoval.com\/es\/la-firma\/ximena-rivera\/#primaryimage\",\"inLanguage\":\"es\",\"url\":\"https:\/\/www.carlosesandoval.com\/wp-content\/uploads\/2026\/01\/Frame-13-1.png\",\"width\":212,\"height\":297},{\"@type\":\"WebPage\",\"@id\":\"https:\/\/www.carlosesandoval.com\/es\/la-firma\/ximena-rivera\/#webpage\",\"url\":\"https:\/\/www.carlosesandoval.com\/es\/la-firma\/ximena-rivera\/\",\"name\":\"Ximena Rivera\",\"isPartOf\":{\"@id\":\"https:\/\/www.carlosesandoval.com\/#website\"},\"primaryImageOfPage\":{\"@id\":\"https:\/\/www.carlosesandoval.com\/es\/la-firma\/ximena-rivera\/#primaryimage\"},\"datePublished\":\"2026-01-21T12:22:58+00:00\",\"dateModified\":\"2026-01-21T17:18:38+00:00\",\"breadcrumb\":{\"@id\":\"https:\/\/www.carlosesandoval.com\/es\/la-firma\/ximena-rivera\/#breadcrumb\"},\"inLanguage\":\"es\",\"potentialAction\":[{\"@type\":\"ReadAction\",\"target\":[\"https:\/\/www.carlosesandoval.com\/es\/la-firma\/ximena-rivera\/\"]}]},{\"@type\":\"BreadcrumbList\",\"@id\":\"https:\/\/www.carlosesandoval.com\/es\/la-firma\/ximena-rivera\/#breadcrumb\",\"itemListElement\":[{\"@type\":\"ListItem\",\"position\":1,\"item\":{\"@type\":\"WebPage\",\"@id\":\"https:\/\/www.carlosesandoval.com\/\",\"url\":\"https:\/\/www.carlosesandoval.com\/\",\"name\":\"Home\"}},{\"@type\":\"ListItem\",\"position\":2,\"item\":{\"@type\":\"WebPage\",\"@id\":\"https:\/\/www.carlosesandoval.com\/the-firm\/\",\"url\":\"https:\/\/www.carlosesandoval.com\/the-firm\/\",\"name\":\"Nuestra Firma\"}},{\"@type\":\"ListItem\",\"position\":3,\"item\":{\"@type\":\"WebPage\",\"@id\":\"https:\/\/www.carlosesandoval.com\/es\/la-firma\/ximena-rivera\/\",\"url\":\"https:\/\/www.carlosesandoval.com\/es\/la-firma\/ximena-rivera\/\",\"name\":\"Ximena Rivera\"}}]}]}<\/script>\n<!-- \/ Yoast SEO plugin. -->","_links":{"self":[{"href":"https:\/\/www.carlosesandoval.com\/es\/wp-json\/wp\/v2\/pages\/7768","targetHints":{"allow":["GET"]}}],"collection":[{"href":"https:\/\/www.carlosesandoval.com\/es\/wp-json\/wp\/v2\/pages"}],"about":[{"href":"https:\/\/www.carlosesandoval.com\/es\/wp-json\/wp\/v2\/types\/page"}],"author":[{"embeddable":true,"href":"https:\/\/www.carlosesandoval.com\/es\/wp-json\/wp\/v2\/users\/2"}],"replies":[{"embeddable":true,"href":"https:\/\/www.carlosesandoval.com\/es\/wp-json\/wp\/v2\/comments?post=7768"}],"version-history":[{"count":0,"href":"https:\/\/www.carlosesandoval.com\/es\/wp-json\/wp\/v2\/pages\/7768\/revisions"}],"up":[{"embeddable":true,"href":"https:\/\/www.carlosesandoval.com\/es\/wp-json\/wp\/v2\/pages\/3082"}],"wp:featuredmedia":[{"embeddable":true,"href":"https:\/\/www.carlosesandoval.com\/es\/wp-json\/wp\/v2\/media\/7845"}],"wp:attachment":[{"href":"https:\/\/www.carlosesandoval.com\/es\/wp-json\/wp\/v2\/media?parent=7768"}],"curies":[{"name":"wp","href":"https:\/\/api.w.org\/{rel}","templated":true}]}}