{"id":5975,"date":"2020-12-03T07:51:27","date_gmt":"2020-12-03T12:21:27","guid":{"rendered":"https:\/\/carlossandoval.wpengine.com\/?page_id=5975"},"modified":"2021-01-20T04:23:48","modified_gmt":"2021-01-20T08:53:48","slug":"la-exencion-provisional-i-601a-ayudara-a-mi-conyuge-indocumentado-de-mexico-a-obtener-una-tarjeta-verde","status":"publish","type":"page","link":"https:\/\/www.carlosesandoval.com\/es\/la-exencion-provisional-i-601a-ayudara-a-mi-conyuge-indocumentado-de-mexico-a-obtener-una-tarjeta-verde\/","title":{"rendered":"\u00bfLa exenci\u00f3n provisional I-601A ayudar\u00e1 a mi c\u00f3nyuge indocumentado de M\u00e9xico a obtener una tarjeta verde?"},"content":{"rendered":"[vc_row][vc_column]<div class=\"vcex-spacing\" style=\"height:100px\"><\/div>[vc_custom_heading text=\u00bbComing soon!\u00bb font_container=\u00bbtag:h2|font_size:36px|text_align:center|color:%23000000&#8243; use_theme_fonts=\u00bbyes\u00bb]<div class=\"vcex-spacing\" style=\"height:100px\"><\/div>[\/vc_column][\/vc_row]\n","protected":false},"excerpt":{"rendered":"<p>[vc_row][vc_column][vc_custom_heading text=\u00bbComing soon!\u00bb font_container=\u00bbtag:h2|font_size:36px|text_align:center|color:%23000000&#8243; use_theme_fonts=\u00bbyes\u00bb][\/vc_column][\/vc_row]<\/p>\n","protected":false},"author":2,"featured_media":0,"parent":0,"menu_order":0,"comment_status":"closed","ping_status":"closed","template":"","meta":{"_joinchat":[],"footnotes":""},"class_list":["post-5975","page","type-page","status-publish","hentry","entry","no-media"],"yoast_head":"<!-- This site is optimized with the Yoast SEO plugin v15.3 - https:\/\/yoast.com\/wordpress\/plugins\/seo\/ -->\n<title>\u00bfLa exenci\u00f3n provisional I-601A ayudar\u00e1 a mi c\u00f3nyuge indocumentado de M\u00e9xico a obtener una tarjeta verde? - Carlos Sandoval<\/title>\n<meta name=\"robots\" content=\"index, follow, max-snippet:-1, max-image-preview:large, max-video-preview:-1\" \/>\n<link rel=\"canonical\" href=\"https:\/\/www.carlosesandoval.com\/es\/la-exencion-provisional-i-601a-ayudara-a-mi-conyuge-indocumentado-de-mexico-a-obtener-una-tarjeta-verde\/\" \/>\n<meta property=\"og:locale\" content=\"es_ES\" \/>\n<meta property=\"og:type\" content=\"article\" \/>\n<meta property=\"og:title\" content=\"\u00bfLa exenci\u00f3n provisional I-601A ayudar\u00e1 a mi c\u00f3nyuge indocumentado de M\u00e9xico a obtener una tarjeta verde? - Carlos Sandoval\" \/>\n<meta property=\"og:description\" content=\"[vc_row][vc_column][vc_custom_heading text=\u00bbComing soon!\u00bb font_container=\u00bbtag:h2|font_size:36px|text_align:center|color:%23000000&#8243; use_theme_fonts=\u00bbyes\u00bb][\/vc_column][\/vc_row]\" \/>\n<meta property=\"og:url\" content=\"https:\/\/www.carlosesandoval.com\/es\/la-exencion-provisional-i-601a-ayudara-a-mi-conyuge-indocumentado-de-mexico-a-obtener-una-tarjeta-verde\/\" \/>\n<meta property=\"og:site_name\" content=\"Carlos Sandoval\" \/>\n<meta property=\"article:publisher\" content=\"https:\/\/www.facebook.com\/carlosesandovalpa\" \/>\n<meta property=\"article:author\" content=\"http:\/\/www.facebook.com\/carlosesandovalpa\" \/>\n<meta property=\"article:modified_time\" content=\"2021-01-20T08:53:48+00:00\" \/>\n<meta name=\"twitter:card\" content=\"summary_large_image\" \/>\n<meta name=\"twitter:label1\" content=\"Escrito por\">\n\t<meta name=\"twitter:data1\" content=\"Carlos Sandoval\">\n\t<meta name=\"twitter:label2\" content=\"Tiempo de lectura\">\n\t<meta name=\"twitter:data2\" content=\"0 minutos\">\n<script type=\"application\/ld+json\" class=\"yoast-schema-graph\">{\"@context\":\"https:\/\/schema.org\",\"@graph\":[{\"@type\":\"Organization\",\"@id\":\"https:\/\/www.carlosesandoval.com\/#organization\",\"name\":\"Carlos E. Sandoval, P.A.\",\"url\":\"https:\/\/www.carlosesandoval.com\/\",\"sameAs\":[\"https:\/\/www.facebook.com\/carlosesandovalpa\",\"https:\/\/www.instagram.com\/carlosesandovalpa\/\",\"https:\/\/www.linkedin.com\/in\/carlosesandoval\/\",\"https:\/\/www.youtube.com\/channel\/UCjV8Lal1X8egP2Wi1r6-eLg\"],\"logo\":{\"@type\":\"ImageObject\",\"@id\":\"https:\/\/www.carlosesandoval.com\/#logo\",\"inLanguage\":\"es\",\"url\":\"https:\/\/www.carlosesandoval.com\/wp-content\/uploads\/2022\/05\/logo-2x-retina.png\",\"width\":848,\"height\":134,\"caption\":\"Carlos E. Sandoval, P.A.\"},\"image\":{\"@id\":\"https:\/\/www.carlosesandoval.com\/#logo\"}},{\"@type\":\"WebSite\",\"@id\":\"https:\/\/www.carlosesandoval.com\/#website\",\"url\":\"https:\/\/www.carlosesandoval.com\/\",\"name\":\"Carlos Sandoval, P.A.\",\"description\":\"\",\"publisher\":{\"@id\":\"https:\/\/www.carlosesandoval.com\/#organization\"},\"potentialAction\":[{\"@type\":\"SearchAction\",\"target\":\"https:\/\/www.carlosesandoval.com\/?s={search_term_string}\",\"query-input\":\"required name=search_term_string\"}],\"inLanguage\":\"es\"},{\"@type\":\"WebPage\",\"@id\":\"https:\/\/www.carlosesandoval.com\/es\/la-exencion-provisional-i-601a-ayudara-a-mi-conyuge-indocumentado-de-mexico-a-obtener-una-tarjeta-verde\/#webpage\",\"url\":\"https:\/\/www.carlosesandoval.com\/es\/la-exencion-provisional-i-601a-ayudara-a-mi-conyuge-indocumentado-de-mexico-a-obtener-una-tarjeta-verde\/\",\"name\":\"\\u00bfLa exenci\\u00f3n provisional I-601A ayudar\\u00e1 a mi c\\u00f3nyuge indocumentado de M\\u00e9xico a obtener una tarjeta verde? - Carlos Sandoval\",\"isPartOf\":{\"@id\":\"https:\/\/www.carlosesandoval.com\/#website\"},\"datePublished\":\"2020-12-03T12:21:27+00:00\",\"dateModified\":\"2021-01-20T08:53:48+00:00\",\"breadcrumb\":{\"@id\":\"https:\/\/www.carlosesandoval.com\/es\/la-exencion-provisional-i-601a-ayudara-a-mi-conyuge-indocumentado-de-mexico-a-obtener-una-tarjeta-verde\/#breadcrumb\"},\"inLanguage\":\"es\",\"potentialAction\":[{\"@type\":\"ReadAction\",\"target\":[\"https:\/\/www.carlosesandoval.com\/es\/la-exencion-provisional-i-601a-ayudara-a-mi-conyuge-indocumentado-de-mexico-a-obtener-una-tarjeta-verde\/\"]}]},{\"@type\":\"BreadcrumbList\",\"@id\":\"https:\/\/www.carlosesandoval.com\/es\/la-exencion-provisional-i-601a-ayudara-a-mi-conyuge-indocumentado-de-mexico-a-obtener-una-tarjeta-verde\/#breadcrumb\",\"itemListElement\":[{\"@type\":\"ListItem\",\"position\":1,\"item\":{\"@type\":\"WebPage\",\"@id\":\"https:\/\/www.carlosesandoval.com\/\",\"url\":\"https:\/\/www.carlosesandoval.com\/\",\"name\":\"Home\"}},{\"@type\":\"ListItem\",\"position\":2,\"item\":{\"@type\":\"WebPage\",\"@id\":\"https:\/\/www.carlosesandoval.com\/es\/la-exencion-provisional-i-601a-ayudara-a-mi-conyuge-indocumentado-de-mexico-a-obtener-una-tarjeta-verde\/\",\"url\":\"https:\/\/www.carlosesandoval.com\/es\/la-exencion-provisional-i-601a-ayudara-a-mi-conyuge-indocumentado-de-mexico-a-obtener-una-tarjeta-verde\/\",\"name\":\"\\u00bfLa exenci\\u00f3n provisional I-601A ayudar\\u00e1 a mi c\\u00f3nyuge indocumentado de M\\u00e9xico a obtener una tarjeta verde?\"}}]}]}<\/script>\n<!-- \/ Yoast SEO plugin. -->","_links":{"self":[{"href":"https:\/\/www.carlosesandoval.com\/es\/wp-json\/wp\/v2\/pages\/5975","targetHints":{"allow":["GET"]}}],"collection":[{"href":"https:\/\/www.carlosesandoval.com\/es\/wp-json\/wp\/v2\/pages"}],"about":[{"href":"https:\/\/www.carlosesandoval.com\/es\/wp-json\/wp\/v2\/types\/page"}],"author":[{"embeddable":true,"href":"https:\/\/www.carlosesandoval.com\/es\/wp-json\/wp\/v2\/users\/2"}],"replies":[{"embeddable":true,"href":"https:\/\/www.carlosesandoval.com\/es\/wp-json\/wp\/v2\/comments?post=5975"}],"version-history":[{"count":0,"href":"https:\/\/www.carlosesandoval.com\/es\/wp-json\/wp\/v2\/pages\/5975\/revisions"}],"wp:attachment":[{"href":"https:\/\/www.carlosesandoval.com\/es\/wp-json\/wp\/v2\/media?parent=5975"}],"curies":[{"name":"wp","href":"https:\/\/api.w.org\/{rel}","templated":true}]}}