{"id":3094,"date":"2020-09-11T02:01:29","date_gmt":"2020-09-11T06:31:29","guid":{"rendered":"https:\/\/carlossandoval.wpengine.com\/?page_id=3094"},"modified":"2021-01-21T00:39:00","modified_gmt":"2021-01-21T05:09:00","slug":"visa-h-2b-trabajador-estacional","status":"publish","type":"page","link":"https:\/\/www.carlosesandoval.com\/es\/visa-h-2b-trabajador-estacional\/","title":{"rendered":"Visa H-2B Trabajador Estacional"},"content":{"rendered":"[vc_row][vc_column][vc_column_text color=\u00bb#222222&#8243; font_size=\u00bb1.1428571428571428rem\u00bb]Aunque s\u00f3lo unas pocas visas H-2B son emitidas cada a\u00f1o, este tipo de visa puede ser de mucha utilidad. La visa H-2B permite a las empresas estadounidenses y agentes cubrir las necesidades temporales para trabajadores no inmigrantes. Muchas personas que no pueden obtener un visado O o P puede solicitar esta visa. Sin embargo, los m\u00e9dicos graduados no est\u00e1n autorizados a aplicar para esta visa. La visa no es auto-petici\u00f3n, lo que significa que usted va a necesitar un empleador que lo patrocine. A su c\u00f3nyuge e hijos solteros menores de 21 a\u00f1os se les permite que lo acompa\u00f1e en los EE.UU. bajo H-4. Los dependientes no pueden trabajar, a menos que personalmente califiquen para una visa de trabajo.<\/p>\n<p>La visa H-2B est\u00e1 disponible para los empleadores de extranjeros no profesionales (trabajadores no calificados) que no trabajan en el campo agr\u00edcola. Esta visa est\u00e1 disponible s\u00f3lo para trabajo que es de naturaleza temporal para prop\u00f3sitos H-2B prop\u00f3sitos, que incluyen:[\/vc_column_text]<div class=\"vcex-spacing\" style=\"height:20px\"><\/div><div style=\"color:#222222;font-size:1.1428571428571428rem;\" class=\"vcex-module vcex-bullets custom-icon\">\n<ul>\n<li><div class=\"vcex-bullets-ci-wrap\"><span class=\"vcex-icon-wrap\"><span class=\"vcex-icon ticon ticon-hand-o-right\" style=\"color:#c79d63\" aria-hidden=\"true\"><\/span><\/span><div class=\"vcex-content\">Necesidad estacional recurrente<\/div><\/div><\/li>\n<li><div class=\"vcex-bullets-ci-wrap\"><span class=\"vcex-icon-wrap\"><span class=\"vcex-icon ticon ticon-hand-o-right\" style=\"color:#c79d63\" aria-hidden=\"true\"><\/span><\/span><div class=\"vcex-content\">Necesidad intermitente<\/div><\/div><\/li>\n<li><div class=\"vcex-bullets-ci-wrap\"><span class=\"vcex-icon-wrap\"><span class=\"vcex-icon ticon ticon-hand-o-right\" style=\"color:#c79d63\" aria-hidden=\"true\"><\/span><\/span><div class=\"vcex-content\">Necesidad de carga<\/div><\/div><\/li>\n<li><div class=\"vcex-bullets-ci-wrap\"><span class=\"vcex-icon-wrap\"><span class=\"vcex-icon ticon ticon-hand-o-right\" style=\"color:#c79d63\" aria-hidden=\"true\"><\/span><\/span><div class=\"vcex-content\">Necesidad de una sola vez.<\/div><\/div><\/li>\n<\/ul>\n<\/div>[\/vc_column][\/vc_row][vc_row css=\u00bb.vc_custom_1598687581073{background-color: #f7f7f7 !important;}\u00bb][vc_column]<div class=\"vcex-spacing\" style=\"height:18px\"><\/div>[vc_column_text color=\u00bb#222222&#8243; font_size=\u00bb1.1428571428571428rem\u00bb]Asimismo, el empleador debe demostrar que no hay trabajadores estadounidenses desempleados dispuestos o en condiciones de hacer el trabajo. Esto se establece a trav\u00e9s de la agencia de empleo del estado mediante un proceso de certificaci\u00f3n laboral. Este proceso requiere una campa\u00f1a de contrataci\u00f3n, incluida la publicidad en un peri\u00f3dico local para los trabajadores temporales disponibles.[\/vc_column_text]<div class=\"vcex-spacing\" style=\"height:18px\"><\/div>[\/vc_column][\/vc_row][vc_row][vc_column]<div class=\"vcex-spacing\" style=\"height:35px\"><\/div>[\/vc_column][\/vc_row]\n","protected":false},"excerpt":{"rendered":"<p>[vc_row][vc_column][vc_column_text color=\u00bb#222222&#8243; font_size=\u00bb1.1428571428571428rem\u00bb]Aunque s\u00f3lo unas pocas visas H-2B son emitidas cada a\u00f1o, este tipo de visa puede ser de mucha utilidad. La visa H-2B permite a las empresas estadounidenses y agentes cubrir las necesidades temporales para trabajadores no inmigrantes. Muchas&hellip;<\/p>\n","protected":false},"author":2,"featured_media":6023,"parent":0,"menu_order":0,"comment_status":"closed","ping_status":"closed","template":"","meta":{"_joinchat":[],"footnotes":""},"class_list":["post-3094","page","type-page","status-publish","has-post-thumbnail","hentry","entry","has-media"],"yoast_head":"<!-- This site is optimized with the Yoast SEO plugin v15.3 - https:\/\/yoast.com\/wordpress\/plugins\/seo\/ -->\n<title>Visa H2B Trabajador Estacional | Bilingual Immigration Attorney in South Florida - Bilingual Immigration Attorney in South Florida<\/title>\n<meta name=\"robots\" content=\"index, follow, max-snippet:-1, max-image-preview:large, max-video-preview:-1\" \/>\n<link rel=\"canonical\" href=\"https:\/\/www.carlosesandoval.com\/es\/visa-h-2b-trabajador-estacional\/\" \/>\n<meta property=\"og:locale\" content=\"es_ES\" \/>\n<meta property=\"og:type\" content=\"article\" \/>\n<meta property=\"og:title\" content=\"Visa H2B Trabajador Estacional | Bilingual Immigration Attorney in South Florida - Bilingual Immigration Attorney in South Florida\" \/>\n<meta property=\"og:description\" content=\"[vc_row][vc_column][vc_column_text color=\u00bb#222222&#8243; font_size=\u00bb1.1428571428571428rem\u00bb]Aunque s\u00f3lo unas pocas visas H-2B son emitidas cada a\u00f1o, este tipo de visa puede ser de mucha utilidad. La visa H-2B permite a las empresas estadounidenses y agentes cubrir las necesidades temporales para trabajadores no inmigrantes. Muchas&hellip;\" \/>\n<meta property=\"og:url\" content=\"https:\/\/www.carlosesandoval.com\/es\/visa-h-2b-trabajador-estacional\/\" \/>\n<meta property=\"og:site_name\" content=\"Carlos Sandoval\" \/>\n<meta property=\"article:publisher\" content=\"https:\/\/www.facebook.com\/carlosesandovalpa\" \/>\n<meta property=\"article:author\" content=\"http:\/\/www.facebook.com\/carlosesandovalpa\" \/>\n<meta property=\"article:modified_time\" content=\"2021-01-21T05:09:00+00:00\" \/>\n<meta property=\"og:image\" content=\"https:\/\/www.carlosesandoval.com\/wp-content\/uploads\/2020\/12\/business_visa_3.jpg\" \/>\n\t<meta property=\"og:image:width\" content=\"288\" \/>\n\t<meta property=\"og:image:height\" content=\"95\" \/>\n<meta name=\"twitter:card\" content=\"summary_large_image\" \/>\n<meta name=\"twitter:title\" content=\"Visa H2B Trabajador Estacional | Bilingual Immigration Attorney in South Florida - Bilingual Immigration Attorney in South Florida\" \/>\n<meta name=\"twitter:label1\" content=\"Escrito por\">\n\t<meta name=\"twitter:data1\" content=\"Carlos Sandoval\">\n\t<meta name=\"twitter:label2\" content=\"Tiempo de lectura\">\n\t<meta name=\"twitter:data2\" content=\"1 minuto\">\n<script type=\"application\/ld+json\" class=\"yoast-schema-graph\">{\"@context\":\"https:\/\/schema.org\",\"@graph\":[{\"@type\":\"Organization\",\"@id\":\"https:\/\/www.carlosesandoval.com\/#organization\",\"name\":\"Carlos E. Sandoval, P.A.\",\"url\":\"https:\/\/www.carlosesandoval.com\/\",\"sameAs\":[\"https:\/\/www.facebook.com\/carlosesandovalpa\",\"https:\/\/www.instagram.com\/carlosesandovalpa\/\",\"https:\/\/www.linkedin.com\/in\/carlosesandoval\/\",\"https:\/\/www.youtube.com\/channel\/UCjV8Lal1X8egP2Wi1r6-eLg\"],\"logo\":{\"@type\":\"ImageObject\",\"@id\":\"https:\/\/www.carlosesandoval.com\/#logo\",\"inLanguage\":\"es\",\"url\":\"https:\/\/www.carlosesandoval.com\/wp-content\/uploads\/2022\/05\/logo-2x-retina.png\",\"width\":848,\"height\":134,\"caption\":\"Carlos E. Sandoval, P.A.\"},\"image\":{\"@id\":\"https:\/\/www.carlosesandoval.com\/#logo\"}},{\"@type\":\"WebSite\",\"@id\":\"https:\/\/www.carlosesandoval.com\/#website\",\"url\":\"https:\/\/www.carlosesandoval.com\/\",\"name\":\"Carlos Sandoval, P.A.\",\"description\":\"\",\"publisher\":{\"@id\":\"https:\/\/www.carlosesandoval.com\/#organization\"},\"potentialAction\":[{\"@type\":\"SearchAction\",\"target\":\"https:\/\/www.carlosesandoval.com\/?s={search_term_string}\",\"query-input\":\"required name=search_term_string\"}],\"inLanguage\":\"es\"},{\"@type\":\"ImageObject\",\"@id\":\"https:\/\/www.carlosesandoval.com\/es\/visa-h-2b-trabajador-estacional\/#primaryimage\",\"inLanguage\":\"es\",\"url\":\"https:\/\/www.carlosesandoval.com\/wp-content\/uploads\/2020\/12\/business_visa_3.jpg\",\"width\":288,\"height\":95,\"caption\":\"business_visa_3\"},{\"@type\":\"WebPage\",\"@id\":\"https:\/\/www.carlosesandoval.com\/es\/visa-h-2b-trabajador-estacional\/#webpage\",\"url\":\"https:\/\/www.carlosesandoval.com\/es\/visa-h-2b-trabajador-estacional\/\",\"name\":\"Visa H2B Trabajador Estacional | Bilingual Immigration Attorney in South Florida - Bilingual Immigration Attorney in South Florida\",\"isPartOf\":{\"@id\":\"https:\/\/www.carlosesandoval.com\/#website\"},\"primaryImageOfPage\":{\"@id\":\"https:\/\/www.carlosesandoval.com\/es\/visa-h-2b-trabajador-estacional\/#primaryimage\"},\"datePublished\":\"2020-09-11T06:31:29+00:00\",\"dateModified\":\"2021-01-21T05:09:00+00:00\",\"breadcrumb\":{\"@id\":\"https:\/\/www.carlosesandoval.com\/es\/visa-h-2b-trabajador-estacional\/#breadcrumb\"},\"inLanguage\":\"es\",\"potentialAction\":[{\"@type\":\"ReadAction\",\"target\":[\"https:\/\/www.carlosesandoval.com\/es\/visa-h-2b-trabajador-estacional\/\"]}]},{\"@type\":\"BreadcrumbList\",\"@id\":\"https:\/\/www.carlosesandoval.com\/es\/visa-h-2b-trabajador-estacional\/#breadcrumb\",\"itemListElement\":[{\"@type\":\"ListItem\",\"position\":1,\"item\":{\"@type\":\"WebPage\",\"@id\":\"https:\/\/www.carlosesandoval.com\/\",\"url\":\"https:\/\/www.carlosesandoval.com\/\",\"name\":\"Home\"}},{\"@type\":\"ListItem\",\"position\":2,\"item\":{\"@type\":\"WebPage\",\"@id\":\"https:\/\/www.carlosesandoval.com\/es\/visa-h-2b-trabajador-estacional\/\",\"url\":\"https:\/\/www.carlosesandoval.com\/es\/visa-h-2b-trabajador-estacional\/\",\"name\":\"Visa H-2B Trabajador Estacional\"}}]}]}<\/script>\n<!-- \/ Yoast SEO plugin. -->","_links":{"self":[{"href":"https:\/\/www.carlosesandoval.com\/es\/wp-json\/wp\/v2\/pages\/3094","targetHints":{"allow":["GET"]}}],"collection":[{"href":"https:\/\/www.carlosesandoval.com\/es\/wp-json\/wp\/v2\/pages"}],"about":[{"href":"https:\/\/www.carlosesandoval.com\/es\/wp-json\/wp\/v2\/types\/page"}],"author":[{"embeddable":true,"href":"https:\/\/www.carlosesandoval.com\/es\/wp-json\/wp\/v2\/users\/2"}],"replies":[{"embeddable":true,"href":"https:\/\/www.carlosesandoval.com\/es\/wp-json\/wp\/v2\/comments?post=3094"}],"version-history":[{"count":0,"href":"https:\/\/www.carlosesandoval.com\/es\/wp-json\/wp\/v2\/pages\/3094\/revisions"}],"wp:featuredmedia":[{"embeddable":true,"href":"https:\/\/www.carlosesandoval.com\/es\/wp-json\/wp\/v2\/media\/6023"}],"wp:attachment":[{"href":"https:\/\/www.carlosesandoval.com\/es\/wp-json\/wp\/v2\/media?parent=3094"}],"curies":[{"name":"wp","href":"https:\/\/api.w.org\/{rel}","templated":true}]}}