{"id":3086,"date":"2020-09-11T01:03:16","date_gmt":"2020-09-11T05:33:16","guid":{"rendered":"https:\/\/carlossandoval.wpengine.com\/?page_id=3086"},"modified":"2022-05-26T12:47:54","modified_gmt":"2022-05-26T17:17:54","slug":"recursos-de-inmigracion","status":"publish","type":"page","link":"https:\/\/www.carlosesandoval.com\/es\/recursos-de-inmigracion\/","title":{"rendered":"Recursos de Inmigraci\u00f3n"},"content":{"rendered":"[vc_row][vc_column]<div class=\"vcex-spacing\" style=\"height:30px\"><\/div><h1 class=\"vcex-module vcex-heading vcex-heading-plain\" style=\"color:#000000;font-size:1.7142857142857142rem;font-weight:600;\"><span class=\"vcex-heading-inner clr\">A continuaci\u00f3n es una recopilaci\u00f3n de varios sitios web que pueden ser muy \u00fatiles durante este proceso.<\/span><\/h1><div class=\"vcex-spacing\" style=\"height:30px\"><\/div>[\/vc_column][\/vc_row][vc_row css=\u00bb.vc_custom_1599562071270{margin-bottom: 30px !important;border-top-width: 2px !important;border-right-width: 2px !important;border-bottom-width: 2px !important;border-left-width: 2px !important;padding-top: 30px !important;padding-right: 20px !important;padding-bottom: 10px !important;padding-left: 20px !important;border-left-color: #eeeeee !important;border-right-color: #eeeeee !important;border-top-color: #eeeeee !important;border-bottom-color: #eeeeee !important;}\u00bb][vc_column width=\u00bb1\/2&#8243;]<div style=\"color:#222222;font-size:1.1428571428571428rem;\" class=\"vcex-module vcex-bullets custom-icon\">\n<ul>\n<li><div class=\"vcex-bullets-ci-wrap\"><span class=\"vcex-icon-wrap\"><span class=\"vcex-icon ticon ticon-hand-o-right\" style=\"color:#c79d63\" aria-hidden=\"true\"><\/span><\/span><div class=\"vcex-content\"><a href=\"https:\/\/www.uscis.gov\/\" target=\"_blank\" rel=\"noopener noreferrer\">U.S. Citizenship and Immigration Services (USCIS)<\/a><\/div><\/div><\/li>\n<li><div class=\"vcex-bullets-ci-wrap\"><span class=\"vcex-icon-wrap\"><span class=\"vcex-icon ticon ticon-hand-o-right\" style=\"color:#c79d63\" aria-hidden=\"true\"><\/span><\/span><div class=\"vcex-content\"><a href=\"https:\/\/travel.state.gov\/content\/travel\/en\/us-visas\/immigrate\/the-immigrant-visa-process\/step-1-submit-a-petition\/step-2-begin-nvc-processing.html\" target=\"_blank\" rel=\"noopener noreferrer\">Centro Nacional de visas<\/a><\/div><\/div><\/li>\n<li><div class=\"vcex-bullets-ci-wrap\"><span class=\"vcex-icon-wrap\"><span class=\"vcex-icon ticon ticon-hand-o-right\" style=\"color:#c79d63\" aria-hidden=\"true\"><\/span><\/span><div class=\"vcex-content\"><a href=\"https:\/\/travel.state.gov\/content\/travel\/en\/legal\/visa-law0\/visa-bulletin.html\" target=\"_blank\" rel=\"noopener noreferrer\">Bolet\u00edn de visas<\/a><\/div><\/div><\/li>\n<li><div class=\"vcex-bullets-ci-wrap\"><span class=\"vcex-icon-wrap\"><span class=\"vcex-icon ticon ticon-hand-o-right\" style=\"color:#c79d63\" aria-hidden=\"true\"><\/span><\/span><div class=\"vcex-content\"><a href=\"https:\/\/www.usembassy.gov\/\" target=\"_blank\" rel=\"noopener noreferrer\">Embajada de Estados Unidos<\/a><\/div><\/div><\/li>\n<li><div class=\"vcex-bullets-ci-wrap\"><span class=\"vcex-icon-wrap\"><span class=\"vcex-icon ticon ticon-hand-o-right\" style=\"color:#c79d63\" aria-hidden=\"true\"><\/span><\/span><div class=\"vcex-content\"><a href=\"https:\/\/my.uscis.gov\/en\/appointment\/v2\" target=\"_blank\" rel=\"noopener noreferrer\">Programar un INFOPASS<\/a><\/div><\/div><\/li>\n<li><div class=\"vcex-bullets-ci-wrap\"><span class=\"vcex-icon-wrap\"><span class=\"vcex-icon ticon ticon-hand-o-right\" style=\"color:#c79d63\" aria-hidden=\"true\"><\/span><\/span><div class=\"vcex-content\"><a href=\"https:\/\/www.uscis.gov\/i-864p\" target=\"_blank\" rel=\"noopener noreferrer\">Pautas de la pobreza<\/a><\/div><\/div><\/li>\n<li><div class=\"vcex-bullets-ci-wrap\"><span class=\"vcex-icon-wrap\"><span class=\"vcex-icon ticon ticon-hand-o-right\" style=\"color:#c79d63\" aria-hidden=\"true\"><\/span><\/span><div class=\"vcex-content\"><a href=\"https:\/\/egov.uscis.gov\/casestatus\/landing.do\" target=\"_blank\" rel=\"noopener noreferrer\">Estado de caso<\/a><\/div><\/div><\/li>\n<\/ul>\n<\/div>[\/vc_column][vc_column width=\u00bb1\/2&#8243;]<div style=\"color:#222222;font-size:1.1428571428571428rem;\" class=\"vcex-module vcex-bullets custom-icon\">\n<ul>\n<li><div class=\"vcex-bullets-ci-wrap\"><span class=\"vcex-icon-wrap\"><span class=\"vcex-icon ticon ticon-hand-o-right\" style=\"color:#c79d63\" aria-hidden=\"true\"><\/span><\/span><div class=\"vcex-content\"><a href=\"https:\/\/egov.uscis.gov\/processing-times\/\" target=\"_blank\" rel=\"noopener noreferrer\">Tiempos de procesamiento<\/a><\/div><\/div><\/li>\n<li><div class=\"vcex-bullets-ci-wrap\"><span class=\"vcex-icon-wrap\"><span class=\"vcex-icon ticon ticon-hand-o-right\" style=\"color:#c79d63\" aria-hidden=\"true\"><\/span><\/span><div class=\"vcex-content\"><a href=\"https:\/\/flag.dol.gov\/\" target=\"_blank\" rel=\"noopener noreferrer\">Departamento de trabajo<\/a><\/div><\/div><\/li>\n<li><div class=\"vcex-bullets-ci-wrap\"><span class=\"vcex-icon-wrap\"><span class=\"vcex-icon ticon ticon-hand-o-right\" style=\"color:#c79d63\" aria-hidden=\"true\"><\/span><\/span><div class=\"vcex-content\"><a href=\"https:\/\/www.justice.gov\/eoir\/eoir-immigration-court-listing\" target=\"_blank\" rel=\"noopener noreferrer\">Corte de inmigraci\u00f3n<\/a><\/div><\/div><\/li>\n<li><div class=\"vcex-bullets-ci-wrap\"><span class=\"vcex-icon-wrap\"><span class=\"vcex-icon ticon ticon-hand-o-right\" style=\"color:#c79d63\" aria-hidden=\"true\"><\/span><\/span><div class=\"vcex-content\"><a href=\"https:\/\/www.justice.gov\/eoir\/board-of-immigration-appeals\" target=\"_blank\" rel=\"noopener noreferrer\">Junta de Apelaciones de inmigraci\u00f3n<\/a><\/div><\/div><\/li>\n<li><div class=\"vcex-bullets-ci-wrap\"><span class=\"vcex-icon-wrap\"><span class=\"vcex-icon ticon ticon-hand-o-right\" style=\"color:#c79d63\" aria-hidden=\"true\"><\/span><\/span><div class=\"vcex-content\"><a href=\"https:\/\/www.justice.gov\/eoir\/virtual-law-library\" target=\"_blank\" rel=\"noopener noreferrer\">Biblioteca Jur\u00eddica virtual<\/a><\/div><\/div><\/li>\n<li><div class=\"vcex-bullets-ci-wrap\"><span class=\"vcex-icon-wrap\"><span class=\"vcex-icon ticon ticon-hand-o-right\" style=\"color:#c79d63\" aria-hidden=\"true\"><\/span><\/span><div class=\"vcex-content\"><a href=\"https:\/\/www.avvo.com\/attorneys\/33024-fl-carlos-sandoval-1236153\/reviews.html\" target=\"_blank\" rel=\"noopener noreferrer\">Testimonios acerca de nuestra firma<\/a><\/div><\/div><\/li>\n<\/ul>\n<\/div>[\/vc_column][\/vc_row][vc_row][vc_column]<h1 class=\"vcex-module vcex-heading vcex-heading-plain\" style=\"color:#000000;font-size:1.7142857142857142rem;font-weight:600;\"><span class=\"vcex-heading-inner clr\">Preguntas frecuentes<\/span><\/h1>[vc_raw_html]JTNDaWZyYW1lJTIwaWQlM0QlMjJhdnZvX2Fuc3dlcnMlMjIlMjBzdHlsZSUzRCUyMm1hcmdpbiUzQSUyMDBweCUyMGF1dG8lM0IlMjIlMjBzcmMlM0QlMjJodHRwcyUzQSUyRiUyRnd3dy5hdnZvLmNvbSUyRmF0dG9ybmV5cyUyRmFuc3dlcl9zeW5kaWNhdGlvbl9saXN0JTJGMzMwMjEtZmwtY2FybG9zLXNhbmRvdmFsLTEyMzYxNTMuaHRtbCUyMiUyMHdpZHRoJTNEJTIyMTAwMCUyMiUyMGhlaWdodCUzRCUyMjY1MCUyMiUyMHNjcm9sbGluZyUzRCUyMmF1dG8lMjIlM0UlM0MlMkZpZnJhbWUlM0U=[\/vc_raw_html][\/vc_column][\/vc_row][vc_row][vc_column]<h1 class=\"vcex-module vcex-heading vcex-heading-plain\" style=\"color:#000000;font-size:1.7142857142857142rem;font-weight:600;\"><span class=\"vcex-heading-inner clr\">Legales gu\u00edas (en Espa\u00f1ol)<\/span><\/h1>[vc_raw_html]JTNDaWZyYW1lJTIwaWQlM0QlMjJhdnZvX2Fuc3dlcnMlMjIlMjBzdHlsZSUzRCUyMm1hcmdpbiUzQSUyMDBweCUyMGF1dG8lM0IlMjIlMjBzcmMlM0QlMjJodHRwcyUzQSUyRiUyRnd3dy5hdnZvLmNvbSUyRmF0dG9ybmV5cyUyRmFuc3dlcl9zeW5kaWNhdGlvbl9saXN0JTJGMzMwMjEtZmwtY2FybG9zLXNhbmRvdmFsLTEyMzYxNTMuaHRtbCUyMiUyMHdpZHRoJTNEJTIyMTAwMCUyMiUyMGhlaWdodCUzRCUyMjY1MCUyMiUyMHNjcm9sbGluZyUzRCUyMmF1dG8lMjIlM0UlM0MlMkZpZnJhbWUlM0U=[\/vc_raw_html][\/vc_column][\/vc_row]\n","protected":false},"excerpt":{"rendered":"<p>[vc_row][vc_column][\/vc_column][\/vc_row][vc_row css=\u00bb.vc_custom_1599562071270{margin-bottom: 30px !important;border-top-width: 2px !important;border-right-width: 2px !important;border-bottom-width: 2px !important;border-left-width: 2px !important;padding-top: 30px !important;padding-right: 20px !important;padding-bottom: 10px !important;padding-left: 20px !important;border-left-color: #eeeeee !important;border-right-color: #eeeeee !important;border-top-color: #eeeeee !important;border-bottom-color: #eeeeee !important;}\u00bb][vc_column width=\u00bb1\/2&#8243;][\/vc_column][vc_column width=\u00bb1\/2&#8243;][\/vc_column][\/vc_row][vc_row][vc_column][vc_raw_html]JTNDaWZyYW1lJTIwaWQlM0QlMjJhdnZvX2Fuc3dlcnMlMjIlMjBzdHlsZSUzRCUyMm1hcmdpbiUzQSUyMDBweCUyMGF1dG8lM0IlMjIlMjBzcmMlM0QlMjJodHRwcyUzQSUyRiUyRnd3dy5hdnZvLmNvbSUyRmF0dG9ybmV5cyUyRmFuc3dlcl9zeW5kaWNhdGlvbl9saXN0JTJGMzMwMjEtZmwtY2FybG9zLXNhbmRvdmFsLTEyMzYxNTMuaHRtbCUyMiUyMHdpZHRoJTNEJTIyMTAwMCUyMiUyMGhlaWdodCUzRCUyMjY1MCUyMiUyMHNjcm9sbGluZyUzRCUyMmF1dG8lMjIlM0UlM0MlMkZpZnJhbWUlM0U=[\/vc_raw_html][\/vc_column][\/vc_row][vc_row][vc_column][vc_raw_html]JTNDaWZyYW1lJTIwaWQlM0QlMjJhdnZvX2Fuc3dlcnMlMjIlMjBzdHlsZSUzRCUyMm1hcmdpbiUzQSUyMDBweCUyMGF1dG8lM0IlMjIlMjBzcmMlM0QlMjJodHRwcyUzQSUyRiUyRnd3dy5hdnZvLmNvbSUyRmF0dG9ybmV5cyUyRmFuc3dlcl9zeW5kaWNhdGlvbl9saXN0JTJGMzMwMjEtZmwtY2FybG9zLXNhbmRvdmFsLTEyMzYxNTMuaHRtbCUyMiUyMHdpZHRoJTNEJTIyMTAwMCUyMiUyMGhlaWdodCUzRCUyMjY1MCUyMiUyMHNjcm9sbGluZyUzRCUyMmF1dG8lMjIlM0UlM0MlMkZpZnJhbWUlM0U=[\/vc_raw_html][\/vc_column][\/vc_row]<\/p>\n","protected":false},"author":2,"featured_media":0,"parent":0,"menu_order":0,"comment_status":"closed","ping_status":"closed","template":"","meta":{"_joinchat":[],"footnotes":""},"class_list":["post-3086","page","type-page","status-publish","hentry","entry","no-media"],"yoast_head":"<!-- This site is optimized with the Yoast SEO plugin v15.3 - https:\/\/yoast.com\/wordpress\/plugins\/seo\/ -->\n<title>Recursos de inmigraci\u00f3n | Bilingual Immigration Attorney in South Florida - Bilingual Immigration Attorney in South Florida<\/title>\n<meta name=\"robots\" content=\"index, follow, max-snippet:-1, max-image-preview:large, max-video-preview:-1\" \/>\n<link rel=\"canonical\" href=\"https:\/\/www.carlosesandoval.com\/es\/recursos-de-inmigracion\/\" \/>\n<meta property=\"og:locale\" content=\"es_ES\" \/>\n<meta property=\"og:type\" content=\"article\" \/>\n<meta property=\"og:title\" content=\"Recursos de inmigraci\u00f3n | Bilingual Immigration Attorney in South Florida - Bilingual Immigration Attorney in South Florida\" \/>\n<meta property=\"og:description\" content=\"[vc_row][vc_column][\/vc_column][\/vc_row][vc_row css=\u00bb.vc_custom_1599562071270{margin-bottom: 30px !important;border-top-width: 2px !important;border-right-width: 2px !important;border-bottom-width: 2px !important;border-left-width: 2px !important;padding-top: 30px !important;padding-right: 20px !important;padding-bottom: 10px !important;padding-left: 20px !important;border-left-color: #eeeeee !important;border-right-color: #eeeeee !important;border-top-color: #eeeeee !important;border-bottom-color: #eeeeee !important;}\u00bb][vc_column width=\u00bb1\/2&#8243;][\/vc_column][vc_column width=\u00bb1\/2&#8243;][\/vc_column][\/vc_row][vc_row][vc_column][vc_raw_html]JTNDaWZyYW1lJTIwaWQlM0QlMjJhdnZvX2Fuc3dlcnMlMjIlMjBzdHlsZSUzRCUyMm1hcmdpbiUzQSUyMDBweCUyMGF1dG8lM0IlMjIlMjBzcmMlM0QlMjJodHRwcyUzQSUyRiUyRnd3dy5hdnZvLmNvbSUyRmF0dG9ybmV5cyUyRmFuc3dlcl9zeW5kaWNhdGlvbl9saXN0JTJGMzMwMjEtZmwtY2FybG9zLXNhbmRvdmFsLTEyMzYxNTMuaHRtbCUyMiUyMHdpZHRoJTNEJTIyMTAwMCUyMiUyMGhlaWdodCUzRCUyMjY1MCUyMiUyMHNjcm9sbGluZyUzRCUyMmF1dG8lMjIlM0UlM0MlMkZpZnJhbWUlM0U=[\/vc_raw_html][\/vc_column][\/vc_row][vc_row][vc_column][vc_raw_html]JTNDaWZyYW1lJTIwaWQlM0QlMjJhdnZvX2Fuc3dlcnMlMjIlMjBzdHlsZSUzRCUyMm1hcmdpbiUzQSUyMDBweCUyMGF1dG8lM0IlMjIlMjBzcmMlM0QlMjJodHRwcyUzQSUyRiUyRnd3dy5hdnZvLmNvbSUyRmF0dG9ybmV5cyUyRmFuc3dlcl9zeW5kaWNhdGlvbl9saXN0JTJGMzMwMjEtZmwtY2FybG9zLXNhbmRvdmFsLTEyMzYxNTMuaHRtbCUyMiUyMHdpZHRoJTNEJTIyMTAwMCUyMiUyMGhlaWdodCUzRCUyMjY1MCUyMiUyMHNjcm9sbGluZyUzRCUyMmF1dG8lMjIlM0UlM0MlMkZpZnJhbWUlM0U=[\/vc_raw_html][\/vc_column][\/vc_row]\" \/>\n<meta property=\"og:url\" content=\"https:\/\/www.carlosesandoval.com\/es\/recursos-de-inmigracion\/\" \/>\n<meta property=\"og:site_name\" content=\"Carlos Sandoval\" \/>\n<meta property=\"article:publisher\" content=\"https:\/\/www.facebook.com\/carlosesandovalpa\" \/>\n<meta property=\"article:author\" content=\"http:\/\/www.facebook.com\/carlosesandovalpa\" \/>\n<meta property=\"article:modified_time\" content=\"2022-05-26T17:17:54+00:00\" \/>\n<meta name=\"twitter:card\" content=\"summary_large_image\" \/>\n<meta name=\"twitter:title\" content=\"Recursos de inmigraci\u00f3n | Bilingual Immigration Attorney in South Florida - Bilingual Immigration Attorney in South Florida\" \/>\n<meta name=\"twitter:label1\" content=\"Escrito por\">\n\t<meta name=\"twitter:data1\" content=\"Carlos Sandoval\">\n\t<meta name=\"twitter:label2\" content=\"Tiempo de lectura\">\n\t<meta name=\"twitter:data2\" content=\"1 minuto\">\n<script type=\"application\/ld+json\" class=\"yoast-schema-graph\">{\"@context\":\"https:\/\/schema.org\",\"@graph\":[{\"@type\":\"Organization\",\"@id\":\"https:\/\/www.carlosesandoval.com\/#organization\",\"name\":\"Carlos E. Sandoval, P.A.\",\"url\":\"https:\/\/www.carlosesandoval.com\/\",\"sameAs\":[\"https:\/\/www.facebook.com\/carlosesandovalpa\",\"https:\/\/www.instagram.com\/carlosesandovalpa\/\",\"https:\/\/www.linkedin.com\/in\/carlosesandoval\/\",\"https:\/\/www.youtube.com\/channel\/UCjV8Lal1X8egP2Wi1r6-eLg\"],\"logo\":{\"@type\":\"ImageObject\",\"@id\":\"https:\/\/www.carlosesandoval.com\/#logo\",\"inLanguage\":\"es\",\"url\":\"https:\/\/www.carlosesandoval.com\/wp-content\/uploads\/2022\/05\/logo-2x-retina.png\",\"width\":848,\"height\":134,\"caption\":\"Carlos E. Sandoval, P.A.\"},\"image\":{\"@id\":\"https:\/\/www.carlosesandoval.com\/#logo\"}},{\"@type\":\"WebSite\",\"@id\":\"https:\/\/www.carlosesandoval.com\/#website\",\"url\":\"https:\/\/www.carlosesandoval.com\/\",\"name\":\"Carlos Sandoval, P.A.\",\"description\":\"\",\"publisher\":{\"@id\":\"https:\/\/www.carlosesandoval.com\/#organization\"},\"potentialAction\":[{\"@type\":\"SearchAction\",\"target\":\"https:\/\/www.carlosesandoval.com\/?s={search_term_string}\",\"query-input\":\"required name=search_term_string\"}],\"inLanguage\":\"es\"},{\"@type\":\"WebPage\",\"@id\":\"https:\/\/www.carlosesandoval.com\/es\/recursos-de-inmigracion\/#webpage\",\"url\":\"https:\/\/www.carlosesandoval.com\/es\/recursos-de-inmigracion\/\",\"name\":\"Recursos de inmigraci\\u00f3n | Bilingual Immigration Attorney in South Florida - Bilingual Immigration Attorney in South Florida\",\"isPartOf\":{\"@id\":\"https:\/\/www.carlosesandoval.com\/#website\"},\"datePublished\":\"2020-09-11T05:33:16+00:00\",\"dateModified\":\"2022-05-26T17:17:54+00:00\",\"breadcrumb\":{\"@id\":\"https:\/\/www.carlosesandoval.com\/es\/recursos-de-inmigracion\/#breadcrumb\"},\"inLanguage\":\"es\",\"potentialAction\":[{\"@type\":\"ReadAction\",\"target\":[\"https:\/\/www.carlosesandoval.com\/es\/recursos-de-inmigracion\/\"]}]},{\"@type\":\"BreadcrumbList\",\"@id\":\"https:\/\/www.carlosesandoval.com\/es\/recursos-de-inmigracion\/#breadcrumb\",\"itemListElement\":[{\"@type\":\"ListItem\",\"position\":1,\"item\":{\"@type\":\"WebPage\",\"@id\":\"https:\/\/www.carlosesandoval.com\/\",\"url\":\"https:\/\/www.carlosesandoval.com\/\",\"name\":\"Home\"}},{\"@type\":\"ListItem\",\"position\":2,\"item\":{\"@type\":\"WebPage\",\"@id\":\"https:\/\/www.carlosesandoval.com\/es\/recursos-de-inmigracion\/\",\"url\":\"https:\/\/www.carlosesandoval.com\/es\/recursos-de-inmigracion\/\",\"name\":\"Recursos de Inmigraci\\u00f3n\"}}]}]}<\/script>\n<!-- \/ Yoast SEO plugin. -->","_links":{"self":[{"href":"https:\/\/www.carlosesandoval.com\/es\/wp-json\/wp\/v2\/pages\/3086","targetHints":{"allow":["GET"]}}],"collection":[{"href":"https:\/\/www.carlosesandoval.com\/es\/wp-json\/wp\/v2\/pages"}],"about":[{"href":"https:\/\/www.carlosesandoval.com\/es\/wp-json\/wp\/v2\/types\/page"}],"author":[{"embeddable":true,"href":"https:\/\/www.carlosesandoval.com\/es\/wp-json\/wp\/v2\/users\/2"}],"replies":[{"embeddable":true,"href":"https:\/\/www.carlosesandoval.com\/es\/wp-json\/wp\/v2\/comments?post=3086"}],"version-history":[{"count":0,"href":"https:\/\/www.carlosesandoval.com\/es\/wp-json\/wp\/v2\/pages\/3086\/revisions"}],"wp:attachment":[{"href":"https:\/\/www.carlosesandoval.com\/es\/wp-json\/wp\/v2\/media?parent=3086"}],"curies":[{"name":"wp","href":"https:\/\/api.w.org\/{rel}","templated":true}]}}