{"id":2982,"date":"2020-09-10T07:20:12","date_gmt":"2020-09-10T11:50:12","guid":{"rendered":"https:\/\/carlossandoval.wpengine.com\/?page_id=2982"},"modified":"2021-01-20T04:23:48","modified_gmt":"2021-01-20T08:53:48","slug":"puedo-obtener-un-permiso-de-trabajo-en-estado-de-proteccion-temporal","status":"publish","type":"page","link":"https:\/\/www.carlosesandoval.com\/es\/puedo-obtener-un-permiso-de-trabajo-en-estado-de-proteccion-temporal\/","title":{"rendered":"\u00bfPuedo Obtener Un Permiso De Trabajo En Estado De Protecci\u00f3n Temporal?"},"content":{"rendered":"[vc_row][vc_column][vc_column_text color=\u00bb#222222&#8243; font_size=\u00bb16px\u00bb]Uno de los privilegios bajo TPS es la capacidad de obtener un permiso de trabajo. Si se aprueba el estado de protecci\u00f3n temporal de una persona, tambi\u00e9n se emitir\u00e1 un documento de autorizaci\u00f3n de empleo.[\/vc_column_text]<div class=\"vcex-spacing\" style=\"height:10px\"><\/div>[\/vc_column][\/vc_row][vc_row][vc_column]<div class=\"vcex-spacing\" style=\"height:15px\"><\/div><h1 class=\"vcex-module vcex-heading vcex-heading-plain\" style=\"color:#000000;font-size:1.7142857142857142rem;font-weight:600;\"><span class=\"vcex-heading-inner clr\">\u00bfPuede Mi Empleador De EE. UU. Con Quien Estoy Trabajando En TPS Patrocinarme Para Obtener Una Tarjeta Verde?<\/span><\/h1><div class=\"vcex-spacing\" style=\"height:20px\"><\/div>[vc_column_text color=\u00bb#222222&#8243; font_size=\u00bb16px\u00bb]S\u00ed. El patrocinio de una tarjeta verde depender\u00e1 de la situaci\u00f3n de cada solicitante. Por ejemplo, tengo clientes que est\u00e1n bajo un estado de protecci\u00f3n temporal, y si se casan, sus c\u00f3nyuges pueden presentar una petici\u00f3n. Luego, pueden hacer un ajuste del estado. Las peticiones de empleo, por otro lado, son mucho m\u00e1s dif\u00edciles. Normalmente, las peticiones de empleo requieren que la persona mantenga su estado legal en los Estados Unidos. Hay algunas excepciones por las cuales algunas personas pueden solicitar peticiones basadas en el empleo, pero eso es mucho m\u00e1s complicado y no son muy comunes.[\/vc_column_text]<div class=\"vcex-spacing\" style=\"height:10px\"><\/div>[\/vc_column][\/vc_row][vc_row][vc_column]<div class=\"vcex-spacing\" style=\"height:15px\"><\/div><h1 class=\"vcex-module vcex-heading vcex-heading-plain\" style=\"color:#000000;font-size:1.7142857142857142rem;font-weight:600;\"><span class=\"vcex-heading-inner clr\">\u00bfPuedo Solicitar Una Tarjeta Verde En Una Etapa Posterior Si Se Me Concede El TPS?<\/span><\/h1><div class=\"vcex-spacing\" style=\"height:20px\"><\/div>[vc_column_text color=\u00bb#222222&#8243; font_size=\u00bb16px\u00bb]Tener TPS no significa necesariamente que una persona recibir\u00e1 una tarjeta verde. Algunas personas han estado en TPS durante 15 o 20 a\u00f1os sin obtener una tarjeta verde. Si califican para una tarjeta verde basada en otros factores, entonces pueden solicitarla. Pero TPS, por s\u00ed solo, no le dar\u00e1 a una persona una tarjeta verde o un estado legal permanente.[\/vc_column_text]<div class=\"vcex-spacing\" style=\"height:10px\"><\/div>[\/vc_column][\/vc_row][vc_row][vc_column]<div class=\"vcex-spacing\" style=\"height:15px\"><\/div><h1 class=\"vcex-module vcex-heading vcex-heading-plain\" style=\"color:#000000;font-size:1.7142857142857142rem;font-weight:600;\"><span class=\"vcex-heading-inner clr\">\u00bfPuedo Viajar Fuera De Los Estados Unidos Si Mi Aplicaci\u00f3n TPS Est\u00e1 Pendiente?<\/span><\/h1><div class=\"vcex-spacing\" style=\"height:20px\"><\/div>[vc_column_text color=\u00bb#222222&#8243; font_size=\u00bb16px\u00bb]No, una persona no puede viajar fuera de los Estados Unidos antes de que su solicitud haya sido aprobada. Si lo hicieran, su solicitud ser\u00eda abandonada y no se les permitir\u00eda volver a los Estados Unidos. Por otro lado, si la aplicaci\u00f3n ya ha sido aprobada y la persona est\u00e1 en su estado de protecci\u00f3n temporal, entonces pueden solicitar una libertad condicional anticipada. Con la libertad condicional anticipada, la persona puede viajar fuera de los Estados Unidos asumiendo que no tiene ning\u00fan problema criminal o \u00f3rdenes de deportaci\u00f3n previas. Con la libertad condicional anticipada, pueden viajar fuera de los Estados Unidos y regresar.[\/vc_column_text]<div class=\"vcex-spacing\" style=\"height:10px\"><\/div>[\/vc_column][\/vc_row][vc_row][vc_column]<div class=\"vcex-spacing\" style=\"height:15px\"><\/div><h1 class=\"vcex-module vcex-heading vcex-heading-plain\" style=\"color:#000000;font-size:1.7142857142857142rem;font-weight:600;\"><span class=\"vcex-heading-inner clr\">\u00bfDebo Volver A Registrarme Si Mi Estado De Protecci\u00f3n Temporal Es Extenso?<\/span><\/h1><div class=\"vcex-spacing\" style=\"height:20px\"><\/div>[vc_column_text color=\u00bb#222222&#8243; font_size=\u00bb16px\u00bb]S\u00ed. Al final de cada ciclo de TPS cuando el gobierno ampl\u00eda o redesigna un pa\u00eds para TPS, la persona normalmente tiene 60 d\u00edas para presentar otra solicitud para extender su TPS. Es muy importante que la persona solicite la extensi\u00f3n de TPS. Si una persona no puede solicitar el TPS durante el per\u00edodo de registro, se cancelar\u00e1 y no podr\u00e1 renovarlo.[\/vc_column_text]<div class=\"vcex-spacing\" style=\"height:10px\"><\/div>[\/vc_column][\/vc_row][vc_row][vc_column]<div class=\"vcex-spacing\" style=\"height:15px\"><\/div><h1 class=\"vcex-module vcex-heading vcex-heading-plain\" style=\"color:#000000;font-size:1.7142857142857142rem;font-weight:600;\"><span class=\"vcex-heading-inner clr\">\u00bfC\u00f3mo Puedo Verificar El Estado De Mi Aplicaci\u00f3n TPS?<\/span><\/h1><div class=\"vcex-spacing\" style=\"height:20px\"><\/div>[vc_column_text color=\u00bb#222222&#8243; font_size=\u00bb16px\u00bb]La mejor manera de verificar el estado de la aplicaci\u00f3n es a trav\u00e9s del sitio web de USCIS www.USCIS.com. En general, una persona puede verificar el estado de su caso en ese sitio web. Si una persona llama a inmigraci\u00f3n y proporciona su n\u00famero de caso, un oficial puede darles cierta informaci\u00f3n sobre el estado de su caso. El n\u00famero es 1 800 375 5283.[\/vc_column_text]<div class=\"vcex-spacing\" style=\"height:10px\"><\/div>[\/vc_column][\/vc_row][vc_row][vc_column]<div class=\"vcex-spacing\" style=\"height:15px\"><\/div><h1 class=\"vcex-module vcex-heading vcex-heading-plain\" style=\"color:#000000;font-size:1.7142857142857142rem;font-weight:600;\"><span class=\"vcex-heading-inner clr\">\u00bfQu\u00e9 Es Una Partida Diferida O Forzada O DD?<\/span><\/h1><div class=\"vcex-spacing\" style=\"height:20px\"><\/div>[vc_column_text color=\u00bb#222222&#8243; font_size=\u00bb16px\u00bb]Cuando una persona est\u00e1 en proceso de ser deportada, podr\u00eda ser deportada de los Estados Unidos. Un DD autoriza a una persona a permanecer en los Estados Unidos porque no es una prioridad para ser deportado. A menudo sucede por razones humanitarias o relacionadas con la salud. Por ejemplo, un solicitante puede tener que permanecer en los Estados Unidos si alguien en la familia est\u00e1 muy enfermo y necesita tratamiento m\u00e9dico en los Estados Unidos. Aunque la persona puede ser deportada, el gobierno decide no aplicarla.[\/vc_column_text]<div class=\"vcex-spacing\" style=\"height:10px\"><\/div>[\/vc_column][\/vc_row][vc_row][vc_column]<div class=\"vcex-spacing\" style=\"height:15px\"><\/div><h1 class=\"vcex-module vcex-heading vcex-heading-plain\" style=\"color:#000000;font-size:1.7142857142857142rem;font-weight:600;\"><span class=\"vcex-heading-inner clr\">\u00bfAlguien Puede Solicitar TPS Si Ingresaron A Los Estados Unidos? UU \u00bfIlegalmente O Ha Superado Su Visa?<\/span><\/h1><div class=\"vcex-spacing\" style=\"height:20px\"><\/div>[vc_column_text color=\u00bb#222222&#8243; font_size=\u00bb16px\u00bb]S\u00ed. Mientras la persona estaba dentro de los Estados Unidos antes de que su pa\u00eds fuera designado para el estado de protecci\u00f3n temporal, la persona puede calificar independientemente de c\u00f3mo ingresaron a los Estados Unidos.[\/vc_column_text]<div class=\"vcex-spacing\" style=\"height:20px\"><\/div>[\/vc_column][\/vc_row][vc_row css=\u00bb.vc_custom_1598960662600{background-color: #f7f7f7 !important;}\u00bb][vc_column]<div class=\"vcex-spacing\" style=\"height:25px\"><\/div>[vc_column_text color=\u00bb#222222&#8243; font_size=\u00bb16px\u00bb]Para obtener m\u00e1s informaci\u00f3n sobre c\u00f3mo obtener un permiso de trabajo en TPS en Florida, una consulta inicial es su pr\u00f3ximo mejor paso. Obtenga la informaci\u00f3n y las respuestas legales que est\u00e1 buscando llamando al <a href=\"http:\/\/Tel:+9543066921\">(954) 306-6921<\/a> hoy.[\/vc_column_text]<div class=\"vcex-spacing\" style=\"height:25px\"><\/div>[\/vc_column][\/vc_row][vc_row][vc_column]<div class=\"vcex-spacing\" style=\"height:50px\"><\/div>[\/vc_column][\/vc_row]\n","protected":false},"excerpt":{"rendered":"<p>[vc_row][vc_column][vc_column_text color=\u00bb#222222&#8243; font_size=\u00bb16px\u00bb]Uno de los privilegios bajo TPS es la capacidad de obtener un permiso de trabajo. Si se aprueba el estado de protecci\u00f3n temporal de una persona, tambi\u00e9n se emitir\u00e1 un documento de autorizaci\u00f3n de empleo.[\/vc_column_text][\/vc_column][\/vc_row][vc_row][vc_column][vc_column_text color=\u00bb#222222&#8243; font_size=\u00bb16px\u00bb]S\u00ed. El&hellip;<\/p>\n","protected":false},"author":2,"featured_media":0,"parent":0,"menu_order":0,"comment_status":"closed","ping_status":"closed","template":"","meta":{"_joinchat":[],"footnotes":""},"class_list":["post-2982","page","type-page","status-publish","hentry","entry","no-media"],"yoast_head":"<!-- This site is optimized with the Yoast SEO plugin v15.3 - https:\/\/yoast.com\/wordpress\/plugins\/seo\/ -->\n<title>\u00bfPuedo Obtener Un Permiso De Trabajo En Estado De Protecci\u00f3n Temporal? | Bilingual Immigration Attorney in South Florida - Bilingual Immigration Attorney in South Florida<\/title>\n<meta name=\"robots\" content=\"index, follow, max-snippet:-1, max-image-preview:large, max-video-preview:-1\" \/>\n<link rel=\"canonical\" href=\"https:\/\/www.carlosesandoval.com\/es\/puedo-obtener-un-permiso-de-trabajo-en-estado-de-proteccion-temporal\/\" \/>\n<meta property=\"og:locale\" content=\"es_ES\" \/>\n<meta property=\"og:type\" content=\"article\" \/>\n<meta property=\"og:title\" content=\"\u00bfPuedo Obtener Un Permiso De Trabajo En Estado De Protecci\u00f3n Temporal? | Bilingual Immigration Attorney in South Florida - Bilingual Immigration Attorney in South Florida\" \/>\n<meta property=\"og:description\" content=\"[vc_row][vc_column][vc_column_text color=\u00bb#222222&#8243; font_size=\u00bb16px\u00bb]Uno de los privilegios bajo TPS es la capacidad de obtener un permiso de trabajo. Si se aprueba el estado de protecci\u00f3n temporal de una persona, tambi\u00e9n se emitir\u00e1 un documento de autorizaci\u00f3n de empleo.[\/vc_column_text][\/vc_column][\/vc_row][vc_row][vc_column][vc_column_text color=\u00bb#222222&#8243; font_size=\u00bb16px\u00bb]S\u00ed. El&hellip;\" \/>\n<meta property=\"og:url\" content=\"https:\/\/www.carlosesandoval.com\/es\/puedo-obtener-un-permiso-de-trabajo-en-estado-de-proteccion-temporal\/\" \/>\n<meta property=\"og:site_name\" content=\"Carlos Sandoval\" \/>\n<meta property=\"article:publisher\" content=\"https:\/\/www.facebook.com\/carlosesandovalpa\" \/>\n<meta property=\"article:author\" content=\"http:\/\/www.facebook.com\/carlosesandovalpa\" \/>\n<meta property=\"article:modified_time\" content=\"2021-01-20T08:53:48+00:00\" \/>\n<meta name=\"twitter:card\" content=\"summary_large_image\" \/>\n<meta name=\"twitter:title\" content=\"\u00bfPuedo Obtener Un Permiso De Trabajo En Estado De Protecci\u00f3n Temporal? | Bilingual Immigration Attorney in South Florida - Bilingual Immigration Attorney in South Florida\" \/>\n<meta name=\"twitter:label1\" content=\"Escrito por\">\n\t<meta name=\"twitter:data1\" content=\"Carlos Sandoval\">\n\t<meta name=\"twitter:label2\" content=\"Tiempo de lectura\">\n\t<meta name=\"twitter:data2\" content=\"4 minutos\">\n<script type=\"application\/ld+json\" class=\"yoast-schema-graph\">{\"@context\":\"https:\/\/schema.org\",\"@graph\":[{\"@type\":\"Organization\",\"@id\":\"https:\/\/www.carlosesandoval.com\/#organization\",\"name\":\"Carlos E. Sandoval, P.A.\",\"url\":\"https:\/\/www.carlosesandoval.com\/\",\"sameAs\":[\"https:\/\/www.facebook.com\/carlosesandovalpa\",\"https:\/\/www.instagram.com\/carlosesandovalpa\/\",\"https:\/\/www.linkedin.com\/in\/carlosesandoval\/\",\"https:\/\/www.youtube.com\/channel\/UCjV8Lal1X8egP2Wi1r6-eLg\"],\"logo\":{\"@type\":\"ImageObject\",\"@id\":\"https:\/\/www.carlosesandoval.com\/#logo\",\"inLanguage\":\"es\",\"url\":\"https:\/\/www.carlosesandoval.com\/wp-content\/uploads\/2022\/05\/logo-2x-retina.png\",\"width\":848,\"height\":134,\"caption\":\"Carlos E. Sandoval, P.A.\"},\"image\":{\"@id\":\"https:\/\/www.carlosesandoval.com\/#logo\"}},{\"@type\":\"WebSite\",\"@id\":\"https:\/\/www.carlosesandoval.com\/#website\",\"url\":\"https:\/\/www.carlosesandoval.com\/\",\"name\":\"Carlos Sandoval, P.A.\",\"description\":\"\",\"publisher\":{\"@id\":\"https:\/\/www.carlosesandoval.com\/#organization\"},\"potentialAction\":[{\"@type\":\"SearchAction\",\"target\":\"https:\/\/www.carlosesandoval.com\/?s={search_term_string}\",\"query-input\":\"required name=search_term_string\"}],\"inLanguage\":\"es\"},{\"@type\":\"WebPage\",\"@id\":\"https:\/\/www.carlosesandoval.com\/es\/puedo-obtener-un-permiso-de-trabajo-en-estado-de-proteccion-temporal\/#webpage\",\"url\":\"https:\/\/www.carlosesandoval.com\/es\/puedo-obtener-un-permiso-de-trabajo-en-estado-de-proteccion-temporal\/\",\"name\":\"\\u00bfPuedo Obtener Un Permiso De Trabajo En Estado De Protecci\\u00f3n Temporal? | Bilingual Immigration Attorney in South Florida - Bilingual Immigration Attorney in South Florida\",\"isPartOf\":{\"@id\":\"https:\/\/www.carlosesandoval.com\/#website\"},\"datePublished\":\"2020-09-10T11:50:12+00:00\",\"dateModified\":\"2021-01-20T08:53:48+00:00\",\"breadcrumb\":{\"@id\":\"https:\/\/www.carlosesandoval.com\/es\/puedo-obtener-un-permiso-de-trabajo-en-estado-de-proteccion-temporal\/#breadcrumb\"},\"inLanguage\":\"es\",\"potentialAction\":[{\"@type\":\"ReadAction\",\"target\":[\"https:\/\/www.carlosesandoval.com\/es\/puedo-obtener-un-permiso-de-trabajo-en-estado-de-proteccion-temporal\/\"]}]},{\"@type\":\"BreadcrumbList\",\"@id\":\"https:\/\/www.carlosesandoval.com\/es\/puedo-obtener-un-permiso-de-trabajo-en-estado-de-proteccion-temporal\/#breadcrumb\",\"itemListElement\":[{\"@type\":\"ListItem\",\"position\":1,\"item\":{\"@type\":\"WebPage\",\"@id\":\"https:\/\/www.carlosesandoval.com\/\",\"url\":\"https:\/\/www.carlosesandoval.com\/\",\"name\":\"Home\"}},{\"@type\":\"ListItem\",\"position\":2,\"item\":{\"@type\":\"WebPage\",\"@id\":\"https:\/\/www.carlosesandoval.com\/es\/puedo-obtener-un-permiso-de-trabajo-en-estado-de-proteccion-temporal\/\",\"url\":\"https:\/\/www.carlosesandoval.com\/es\/puedo-obtener-un-permiso-de-trabajo-en-estado-de-proteccion-temporal\/\",\"name\":\"\\u00bfPuedo Obtener Un Permiso De Trabajo En Estado De Protecci\\u00f3n Temporal?\"}}]}]}<\/script>\n<!-- \/ Yoast SEO plugin. -->","_links":{"self":[{"href":"https:\/\/www.carlosesandoval.com\/es\/wp-json\/wp\/v2\/pages\/2982","targetHints":{"allow":["GET"]}}],"collection":[{"href":"https:\/\/www.carlosesandoval.com\/es\/wp-json\/wp\/v2\/pages"}],"about":[{"href":"https:\/\/www.carlosesandoval.com\/es\/wp-json\/wp\/v2\/types\/page"}],"author":[{"embeddable":true,"href":"https:\/\/www.carlosesandoval.com\/es\/wp-json\/wp\/v2\/users\/2"}],"replies":[{"embeddable":true,"href":"https:\/\/www.carlosesandoval.com\/es\/wp-json\/wp\/v2\/comments?post=2982"}],"version-history":[{"count":0,"href":"https:\/\/www.carlosesandoval.com\/es\/wp-json\/wp\/v2\/pages\/2982\/revisions"}],"wp:attachment":[{"href":"https:\/\/www.carlosesandoval.com\/es\/wp-json\/wp\/v2\/media?parent=2982"}],"curies":[{"name":"wp","href":"https:\/\/api.w.org\/{rel}","templated":true}]}}