{"id":2951,"date":"2020-09-10T06:15:41","date_gmt":"2020-09-10T10:45:41","guid":{"rendered":"https:\/\/carlossandoval.wpengine.com\/?page_id=2951"},"modified":"2021-01-21T01:08:56","modified_gmt":"2021-01-21T05:38:56","slug":"eb-3-profesionales-trabajadores","status":"publish","type":"page","link":"https:\/\/www.carlosesandoval.com\/es\/inmigracion-basada-en-empleo\/eb-3-profesionales-trabajadores\/","title":{"rendered":"EB-3 Profesionales Trabajadores"},"content":{"rendered":"[vc_row][vc_column][vc_column_text color=\u00bb#222222&#8243; font_size=\u00bb16px\u00bb]La visa de empleo EB-3 es una visa de inmigrante que permite a los extranjeros que son trabajadores calificados, profesionales o de otro tipo de los trabajadores entrar a los EE.UU. para obtener la residencia permanente. Hay diferentes categor\u00edas en el marco del EB-3 como tal:[\/vc_column_text]<div class=\"vcex-spacing\" style=\"height:30px\"><\/div><div style=\"color:#222222;font-size:1.1428571428571428rem;\" class=\"vcex-module vcex-bullets custom-icon\">\n<ul>\n<li><div class=\"vcex-bullets-ci-wrap\"><span class=\"vcex-icon-wrap\"><span class=\"vcex-icon ticon ticon-hand-o-right\" style=\"color:#c79d63\" aria-hidden=\"true\"><\/span><\/span><div class=\"vcex-content\"><strong>EB-3(A):<\/strong> Esta categor\u00eda es para los \u201ctrabajadores profesionales\u201d con un t\u00edtulo de licenciatura de EE.UU. o equivalente en el extranjero y con una oferta de trabajo de una empresa de EE.UU.<\/div><\/div><\/li>\n<li><div class=\"vcex-bullets-ci-wrap\"><span class=\"vcex-icon-wrap\"><span class=\"vcex-icon ticon ticon-hand-o-right\" style=\"color:#c79d63\" aria-hidden=\"true\"><\/span><\/span><div class=\"vcex-content\"><strong>EB-3(B):<\/strong> Esta categor\u00eda es para los \u201ctrabajadores calificados\u201d para puestos que requieren por lo menos dos a\u00f1os de entrenamiento o experiencia y con una oferta de trabajo de una empresa de EE.UU.<\/div><\/div><\/li>\n<li><div class=\"vcex-bullets-ci-wrap\"><span class=\"vcex-icon-wrap\"><span class=\"vcex-icon ticon ticon-hand-o-right\" style=\"color:#c79d63\" aria-hidden=\"true\"><\/span><\/span><div class=\"vcex-content\"><strong>EB-3(C):<\/strong> Esta categor\u00eda es para los \u201ctrabajadores no calificados para los puestos que requieren una formaci\u00f3n inferior a dos a\u00f1os o la experiencia y con una oferta de trabajo de una empresa de EE.UU.<\/div><\/div><\/li>\n<\/ul>\n<\/div><div class=\"vcex-spacing\" style=\"height:10px\"><\/div>[\/vc_column][\/vc_row][vc_row][vc_column]<div class=\"vcex-spacing\" style=\"height:10px\"><\/div>[vc_column_text color=\u00bb#222222&#8243; font_size=\u00bb16px\u00bb]Para ser elegible como un \u201cprofesional\u201d debe ser calificado como extranjero con por lo menos un t\u00edtulo de licenciatura de EE.UU. o un t\u00edtulo equivalente extranjero y ser miembro de las profesiones:[\/vc_column_text]<div class=\"vcex-spacing\" style=\"height:20px\"><\/div><div style=\"color:#222222;font-size:1.1428571428571428rem;\" class=\"vcex-module vcex-bullets custom-icon\">\n<ul>\n<li><div class=\"vcex-bullets-ci-wrap\"><span class=\"vcex-icon-wrap\"><span class=\"vcex-icon ticon ticon-angle-right\" style=\"color:#c79d63\" aria-hidden=\"true\"><\/span><\/span><div class=\"vcex-content\">Se requiere por lo menos dos a\u00f1os de entrenamiento o experiencia.<\/div><\/div><\/li>\n<li><div class=\"vcex-bullets-ci-wrap\"><span class=\"vcex-icon-wrap\"><span class=\"vcex-icon ticon ticon-angle-right\" style=\"color:#c79d63\" aria-hidden=\"true\"><\/span><\/span><div class=\"vcex-content\">No es de naturaleza temporal o estacional.<\/div><\/div><\/li>\n<li><div class=\"vcex-bullets-ci-wrap\"><span class=\"vcex-icon-wrap\"><span class=\"vcex-icon ticon ticon-angle-right\" style=\"color:#c79d63\" aria-hidden=\"true\"><\/span><\/span><div class=\"vcex-content\">No tiene trabajadores debidamente calificados disponibles en los EE.UU.<\/div><\/div><\/li>\n<\/ul>\n<\/div><div class=\"vcex-spacing\" style=\"height:20px\"><\/div>[vc_column_text color=\u00bb#222222&#8243; font_size=\u00bb16px\u00bb]Para ser elegible como \u201ctrabajador no calificado\u201d, usted debe ser un ciudadano extranjero calificado que sea capaz de realizar trabajo no calificado que:[\/vc_column_text]<div class=\"vcex-spacing\" style=\"height:20px\"><\/div><div style=\"color:#222222;font-size:1.1428571428571428rem;\" class=\"vcex-module vcex-bullets custom-icon\">\n<ul>\n<li><div class=\"vcex-bullets-ci-wrap\"><span class=\"vcex-icon-wrap\"><span class=\"vcex-icon ticon ticon-angle-right\" style=\"color:#c79d63\" aria-hidden=\"true\"><\/span><\/span><div class=\"vcex-content\">Requiere menos de dos a\u00f1os de entrenamiento o experiencia.<\/div><\/div><\/li>\n<li><div class=\"vcex-bullets-ci-wrap\"><span class=\"vcex-icon-wrap\"><span class=\"vcex-icon ticon ticon-angle-right\" style=\"color:#c79d63\" aria-hidden=\"true\"><\/span><\/span><div class=\"vcex-content\">No es de naturaleza temporal o estacional.<\/div><\/div><\/li>\n<li><div class=\"vcex-bullets-ci-wrap\"><span class=\"vcex-icon-wrap\"><span class=\"vcex-icon ticon ticon-angle-right\" style=\"color:#c79d63\" aria-hidden=\"true\"><\/span><\/span><div class=\"vcex-content\">No tiene trabajadores debidamente cualificados disponible en los EE.UU.<\/div><\/div><\/li>\n<\/ul>\n<\/div><div class=\"vcex-spacing\" style=\"height:20px\"><\/div>[vc_column_text color=\u00bb#222222&#8243; font_size=\u00bb16px\u00bb]Con la <strong>Visa EB-3 de inmigrante<\/strong>, usted puede:[\/vc_column_text]<div class=\"vcex-spacing\" style=\"height:20px\"><\/div><div style=\"color:#222222;font-size:1.1428571428571428rem;\" class=\"vcex-module vcex-bullets custom-icon\">\n<ul>\n<li><div class=\"vcex-bullets-ci-wrap\"><span class=\"vcex-icon-wrap\"><span class=\"vcex-icon ticon ticon-angle-right\" style=\"color:#c79d63\" aria-hidden=\"true\"><\/span><\/span><div class=\"vcex-content\">Residir permanentemente los EE.UU.<\/div><\/div><\/li>\n<li><div class=\"vcex-bullets-ci-wrap\"><span class=\"vcex-icon-wrap\"><span class=\"vcex-icon ticon ticon-angle-right\" style=\"color:#c79d63\" aria-hidden=\"true\"><\/span><\/span><div class=\"vcex-content\">Trabajar en los EE.UU.<\/div><\/div><\/li>\n<li><div class=\"vcex-bullets-ci-wrap\"><span class=\"vcex-icon-wrap\"><span class=\"vcex-icon ticon ticon-angle-right\" style=\"color:#c79d63\" aria-hidden=\"true\"><\/span><\/span><div class=\"vcex-content\">Viajar libremente dentro y fuera de los EE.UU.<\/div><\/div><\/li>\n<li><div class=\"vcex-bullets-ci-wrap\"><span class=\"vcex-icon-wrap\"><span class=\"vcex-icon ticon ticon-angle-right\" style=\"color:#c79d63\" aria-hidden=\"true\"><\/span><\/span><div class=\"vcex-content\">Solicitar visas dependientes para su c\u00f3nyuge e hijos menores de 21 a\u00f1os.<\/div><\/div><\/li>\n<\/ul>\n<\/div><div class=\"vcex-spacing\" style=\"height:10px\"><\/div>[\/vc_column][\/vc_row][vc_row css=\u00bb.vc_custom_1599218441303{padding-right: 10px !important;padding-left: 10px !important;background-color: #f7f7f7 !important;}\u00bb][vc_column]<div class=\"vcex-spacing\" style=\"height:20px\"><\/div>[vc_column_text color=\u00bb#222222&#8243; font_size=\u00bb16px\u00bb]El Departamento de Estado no impone ninguna restricci\u00f3n sobre el n\u00famero de veces que puede viajar dentro y fuera de los EE.UU. Todas las categor\u00edas de visa requieren ciertas pruebas para ser modificadas. Nuestra firma le informar\u00e1 sobre qu\u00e9 documentos ser\u00e1n necesarios.[\/vc_column_text]<div class=\"vcex-spacing\" style=\"height:20px\"><\/div><div class=\"vcex-spacing\" style=\"height:10px\"><\/div>[\/vc_column][\/vc_row][vc_row][vc_column]<div class=\"vcex-spacing\" style=\"height:50px\"><\/div>[\/vc_column][\/vc_row]\n","protected":false},"excerpt":{"rendered":"<p>[vc_row][vc_column][vc_column_text color=\u00bb#222222&#8243; font_size=\u00bb16px\u00bb]La visa de empleo EB-3 es una visa de inmigrante que permite a los extranjeros que son trabajadores calificados, profesionales o de otro tipo de los trabajadores entrar a los EE.UU. para obtener la residencia permanente. Hay diferentes&hellip;<\/p>\n","protected":false},"author":2,"featured_media":6272,"parent":2552,"menu_order":0,"comment_status":"closed","ping_status":"closed","template":"","meta":{"_joinchat":[],"footnotes":""},"class_list":["post-2951","page","type-page","status-publish","has-post-thumbnail","hentry","entry","has-media"],"yoast_head":"<!-- This site is optimized with the Yoast SEO plugin v15.3 - https:\/\/yoast.com\/wordpress\/plugins\/seo\/ -->\n<title>EB3 Profesionales Trabajadores | Bilingual Immigration Attorney in South Florida - Bilingual Immigration Attorney in South Florida<\/title>\n<meta name=\"robots\" content=\"index, follow, max-snippet:-1, max-image-preview:large, max-video-preview:-1\" \/>\n<link rel=\"canonical\" href=\"https:\/\/www.carlosesandoval.com\/es\/inmigracion-basada-en-empleo\/eb-3-profesionales-trabajadores\/\" \/>\n<meta property=\"og:locale\" content=\"es_ES\" \/>\n<meta property=\"og:type\" content=\"article\" \/>\n<meta property=\"og:title\" content=\"EB3 Profesionales Trabajadores | Bilingual Immigration Attorney in South Florida - Bilingual Immigration Attorney in South Florida\" \/>\n<meta property=\"og:description\" content=\"[vc_row][vc_column][vc_column_text color=\u00bb#222222&#8243; font_size=\u00bb16px\u00bb]La visa de empleo EB-3 es una visa de inmigrante que permite a los extranjeros que son trabajadores calificados, profesionales o de otro tipo de los trabajadores entrar a los EE.UU. para obtener la residencia permanente. Hay diferentes&hellip;\" \/>\n<meta property=\"og:url\" content=\"https:\/\/www.carlosesandoval.com\/es\/inmigracion-basada-en-empleo\/eb-3-profesionales-trabajadores\/\" \/>\n<meta property=\"og:site_name\" content=\"Carlos Sandoval\" \/>\n<meta property=\"article:publisher\" content=\"https:\/\/www.facebook.com\/carlosesandovalpa\" \/>\n<meta property=\"article:author\" content=\"http:\/\/www.facebook.com\/carlosesandovalpa\" \/>\n<meta property=\"article:modified_time\" content=\"2021-01-21T05:38:56+00:00\" \/>\n<meta property=\"og:image\" content=\"https:\/\/www.carlosesandoval.com\/wp-content\/uploads\/2020\/12\/EB3-employment_immigration_5-2.jpg\" \/>\n\t<meta property=\"og:image:width\" content=\"288\" \/>\n\t<meta property=\"og:image:height\" content=\"95\" \/>\n<meta name=\"twitter:card\" content=\"summary_large_image\" \/>\n<meta name=\"twitter:title\" content=\"EB3 Profesionales Trabajadores | Bilingual Immigration Attorney in South Florida - Bilingual Immigration Attorney in South Florida\" \/>\n<meta name=\"twitter:label1\" content=\"Escrito por\">\n\t<meta name=\"twitter:data1\" content=\"Carlos Sandoval\">\n\t<meta name=\"twitter:label2\" content=\"Tiempo de lectura\">\n\t<meta name=\"twitter:data2\" content=\"2 minutos\">\n<script type=\"application\/ld+json\" class=\"yoast-schema-graph\">{\"@context\":\"https:\/\/schema.org\",\"@graph\":[{\"@type\":\"Organization\",\"@id\":\"https:\/\/www.carlosesandoval.com\/#organization\",\"name\":\"Carlos E. Sandoval, P.A.\",\"url\":\"https:\/\/www.carlosesandoval.com\/\",\"sameAs\":[\"https:\/\/www.facebook.com\/carlosesandovalpa\",\"https:\/\/www.instagram.com\/carlosesandovalpa\/\",\"https:\/\/www.linkedin.com\/in\/carlosesandoval\/\",\"https:\/\/www.youtube.com\/channel\/UCjV8Lal1X8egP2Wi1r6-eLg\"],\"logo\":{\"@type\":\"ImageObject\",\"@id\":\"https:\/\/www.carlosesandoval.com\/#logo\",\"inLanguage\":\"es\",\"url\":\"https:\/\/www.carlosesandoval.com\/wp-content\/uploads\/2022\/05\/logo-2x-retina.png\",\"width\":848,\"height\":134,\"caption\":\"Carlos E. Sandoval, P.A.\"},\"image\":{\"@id\":\"https:\/\/www.carlosesandoval.com\/#logo\"}},{\"@type\":\"WebSite\",\"@id\":\"https:\/\/www.carlosesandoval.com\/#website\",\"url\":\"https:\/\/www.carlosesandoval.com\/\",\"name\":\"Carlos Sandoval, P.A.\",\"description\":\"\",\"publisher\":{\"@id\":\"https:\/\/www.carlosesandoval.com\/#organization\"},\"potentialAction\":[{\"@type\":\"SearchAction\",\"target\":\"https:\/\/www.carlosesandoval.com\/?s={search_term_string}\",\"query-input\":\"required name=search_term_string\"}],\"inLanguage\":\"es\"},{\"@type\":\"ImageObject\",\"@id\":\"https:\/\/www.carlosesandoval.com\/es\/inmigracion-basada-en-empleo\/eb-3-profesionales-trabajadores\/#primaryimage\",\"inLanguage\":\"es\",\"url\":\"https:\/\/www.carlosesandoval.com\/wp-content\/uploads\/2020\/12\/EB3-employment_immigration_5-2.jpg\",\"width\":288,\"height\":95,\"caption\":\"EB-3 Foreign National Skilled and Working Professionals\"},{\"@type\":\"WebPage\",\"@id\":\"https:\/\/www.carlosesandoval.com\/es\/inmigracion-basada-en-empleo\/eb-3-profesionales-trabajadores\/#webpage\",\"url\":\"https:\/\/www.carlosesandoval.com\/es\/inmigracion-basada-en-empleo\/eb-3-profesionales-trabajadores\/\",\"name\":\"EB3 Profesionales Trabajadores | Bilingual Immigration Attorney in South Florida - Bilingual Immigration Attorney in South Florida\",\"isPartOf\":{\"@id\":\"https:\/\/www.carlosesandoval.com\/#website\"},\"primaryImageOfPage\":{\"@id\":\"https:\/\/www.carlosesandoval.com\/es\/inmigracion-basada-en-empleo\/eb-3-profesionales-trabajadores\/#primaryimage\"},\"datePublished\":\"2020-09-10T10:45:41+00:00\",\"dateModified\":\"2021-01-21T05:38:56+00:00\",\"breadcrumb\":{\"@id\":\"https:\/\/www.carlosesandoval.com\/es\/inmigracion-basada-en-empleo\/eb-3-profesionales-trabajadores\/#breadcrumb\"},\"inLanguage\":\"es\",\"potentialAction\":[{\"@type\":\"ReadAction\",\"target\":[\"https:\/\/www.carlosesandoval.com\/es\/inmigracion-basada-en-empleo\/eb-3-profesionales-trabajadores\/\"]}]},{\"@type\":\"BreadcrumbList\",\"@id\":\"https:\/\/www.carlosesandoval.com\/es\/inmigracion-basada-en-empleo\/eb-3-profesionales-trabajadores\/#breadcrumb\",\"itemListElement\":[{\"@type\":\"ListItem\",\"position\":1,\"item\":{\"@type\":\"WebPage\",\"@id\":\"https:\/\/www.carlosesandoval.com\/\",\"url\":\"https:\/\/www.carlosesandoval.com\/\",\"name\":\"Home\"}},{\"@type\":\"ListItem\",\"position\":2,\"item\":{\"@type\":\"WebPage\",\"@id\":\"https:\/\/www.carlosesandoval.com\/es\/inmigracion-basada-en-empleo\/\",\"url\":\"https:\/\/www.carlosesandoval.com\/es\/inmigracion-basada-en-empleo\/\",\"name\":\"Inmigraci\\u00f3n basada en Empleo\"}},{\"@type\":\"ListItem\",\"position\":3,\"item\":{\"@type\":\"WebPage\",\"@id\":\"https:\/\/www.carlosesandoval.com\/es\/inmigracion-basada-en-empleo\/eb-3-profesionales-trabajadores\/\",\"url\":\"https:\/\/www.carlosesandoval.com\/es\/inmigracion-basada-en-empleo\/eb-3-profesionales-trabajadores\/\",\"name\":\"EB-3 Profesionales Trabajadores\"}}]}]}<\/script>\n<!-- \/ Yoast SEO plugin. -->","_links":{"self":[{"href":"https:\/\/www.carlosesandoval.com\/es\/wp-json\/wp\/v2\/pages\/2951","targetHints":{"allow":["GET"]}}],"collection":[{"href":"https:\/\/www.carlosesandoval.com\/es\/wp-json\/wp\/v2\/pages"}],"about":[{"href":"https:\/\/www.carlosesandoval.com\/es\/wp-json\/wp\/v2\/types\/page"}],"author":[{"embeddable":true,"href":"https:\/\/www.carlosesandoval.com\/es\/wp-json\/wp\/v2\/users\/2"}],"replies":[{"embeddable":true,"href":"https:\/\/www.carlosesandoval.com\/es\/wp-json\/wp\/v2\/comments?post=2951"}],"version-history":[{"count":0,"href":"https:\/\/www.carlosesandoval.com\/es\/wp-json\/wp\/v2\/pages\/2951\/revisions"}],"up":[{"embeddable":true,"href":"https:\/\/www.carlosesandoval.com\/es\/wp-json\/wp\/v2\/pages\/2552"}],"wp:featuredmedia":[{"embeddable":true,"href":"https:\/\/www.carlosesandoval.com\/es\/wp-json\/wp\/v2\/media\/6272"}],"wp:attachment":[{"href":"https:\/\/www.carlosesandoval.com\/es\/wp-json\/wp\/v2\/media?parent=2951"}],"curies":[{"name":"wp","href":"https:\/\/api.w.org\/{rel}","templated":true}]}}