{"id":2790,"date":"2020-09-09T07:22:44","date_gmt":"2020-09-09T11:52:44","guid":{"rendered":"https:\/\/carlossandoval.wpengine.com\/?page_id=2790"},"modified":"2021-03-08T01:32:03","modified_gmt":"2021-03-08T06:02:03","slug":"eb-1c-transferencia-de-managers-y-executivos","status":"publish","type":"page","link":"https:\/\/www.carlosesandoval.com\/es\/inmigracion-basada-en-empleo\/eb-1c-transferencia-de-managers-y-executivos\/","title":{"rendered":"EB-1C Transferencia de Managers y Executivos"},"content":{"rendered":"[vc_row][vc_column]<h3 class=\"vcex-module vcex-heading vcex-heading-plain\" style=\"color:#000000;font-size:1.7142857142857142rem;font-weight:600;\"><span class=\"vcex-heading-inner clr\">Gerente de EB \u2013 1C y traslado Ejecutivo<\/span><\/h3><div class=\"vcex-spacing\" style=\"height:20px\"><\/div>[vc_column_text color=\u00bb#222222&#8243; font_size=\u00bb16px\u00bb]<img loading=\"lazy\" decoding=\"async\" class=\"alignright size-full wp-image-6037\" src=\"https:\/\/www.carlosesandoval.com\/wp-content\/uploads\/2020\/12\/EB1C-employment_immigration_3-2.jpg\" alt=\"business_visa_5\" width=\"288\" height=\"95\" \/>EB-1C es una de las varias categor\u00edas establecidas por el Congreso de los Estados Unidos para obtener estatus legal en forma de residente permanente. Esta categor\u00eda es para los inmigrantes que son elegibles para la residencia permanente como transferido entra-compa\u00f1\u00eda y que est\u00e1n continuando su empleo en los Estados Unidos en una capacidad directiva o ejecutiva. Cuando un patr\u00f3n desea transferir a los Estados Unidos como inmigrante multinacional del ejecutivo EB1-C a un empleado extranjero que trabaja en el exterior, debe existir entre el patr\u00f3n extranjero y el patr\u00f3n de Estados Unidos una relaci\u00f3n calificativa.[\/vc_column_text]<div class=\"vcex-spacing\" style=\"height:20px\"><\/div>[vc_column_text color=\u00bb#222222&#8243; font_size=\u00bb16px\u00bb]Una relaci\u00f3n calificativa existe cuando el patr\u00f3n en los Estados Unidos es un afiliado un subsidiario de la firma extranjera, de la corporaci\u00f3n, o de la otra entidad legal. Para establecer una \u201crelaci\u00f3n calificativa\u201d bajo regulaciones, el solicitante debe demostrar que el patr\u00f3n extranjero y el patr\u00f3n establecido en los Estados Unidos son el mismo empleador , o que est\u00e1n relacionado como un \u201cun subsidiario\u201d o como \u201cafiliados\u201d. El abogado Carlos Sandoval puede asistirle en la determinaci\u00f3n de esto.[\/vc_column_text]<div class=\"vcex-spacing\" style=\"height:20px\"><\/div>[vc_column_text color=\u00bb#222222&#8243; font_size=\u00bb16px\u00bb]En este respeto, la \u201cpropiedad\u201d y el \u201ccontrol\u201d son los factores que deben ser examinados en la determinaci\u00f3n de que si una relaci\u00f3n calificativa existe entre la compa\u00f1\u00eda de Estados Unidos y la entidad extranjera. Esto ser\u00e1 utilizado con objeto de la determinaci\u00f3n de la clasificaci\u00f3n de la visa. En el contexto de una petici\u00f3n de Visa \u201cdue\u00f1o\u201d se refiere al derecho legal directa o indirectamente de la posesi\u00f3n de los activos de una entidad con plenos poderes y autoridad de controlar. En el contexto de una petici\u00f3n de Visa \u201ccontrol\u201d se define como la derecha legal y la autoridad directa o indirecta en que contiene el poder de dirigir el establecimiento, manejarlo, y delegar las operaciones de una entidad. El solicitante debe demostrar lo siguiente:[\/vc_column_text]<div class=\"vcex-spacing\" style=\"height:20px\"><\/div><div style=\"color:#222222;font-size:1.1428571428571428rem;\" class=\"vcex-module vcex-bullets custom-icon\">\n<ul>\n<li><div class=\"vcex-bullets-ci-wrap\"><span class=\"vcex-icon-wrap\"><span class=\"vcex-icon ticon ticon-hand-o-right\" style=\"color:#c79d63\" aria-hidden=\"true\"><\/span><\/span><div class=\"vcex-content\">Que la organizaci\u00f3n establecida en los Estados Unidos y la organizaci\u00f3n al exterior mantienen una relaci\u00f3n calificativa;<\/div><\/div><\/li>\n<li><div class=\"vcex-bullets-ci-wrap\"><span class=\"vcex-icon-wrap\"><span class=\"vcex-icon ticon ticon-hand-o-right\" style=\"color:#c79d63\" aria-hidden=\"true\"><\/span><\/span><div class=\"vcex-content\">Que la organizaci\u00f3n establecida en los Estados Unidos y la organizaci\u00f3n en el exterior est\u00e1n ambas activamente haciendo negocios; y<\/div><\/div><\/li>\n<li><div class=\"vcex-bullets-ci-wrap\"><span class=\"vcex-icon-wrap\"><span class=\"vcex-icon ticon ticon-hand-o-right\" style=\"color:#c79d63\" aria-hidden=\"true\"><\/span><\/span><div class=\"vcex-content\">Que la organizaci\u00f3n de los Estados Unidos ha estado operando activamente por lo menos un a\u00f1o.<\/div><\/div><\/li>\n<\/ul>\n<\/div><div class=\"vcex-spacing\" style=\"height:10px\"><\/div>[\/vc_column][\/vc_row][vc_row css=\u00bb.vc_custom_1599542828923{margin-right: 10px !important;margin-left: -5px !important;background-color: #f7f7f7 !important;}\u00bb][vc_column]<div class=\"vcex-spacing\" style=\"height:25px\"><\/div>[vc_column_text color=\u00bb#222222&#8243; font_size=\u00bb16px\u00bb]Adem\u00e1s de lo mencionado anteriormente, se deben someter pruebas para reflejar que la compa\u00f1\u00eda puede pagar el sueldo de la persona empleada. El abogado Carlos Sandoval le asistir\u00e1 con la informaci\u00f3n necesitada para reconocer qu\u00e9 documentos y pruebas se necesita para preparar este tipo de petici\u00f3n.[\/vc_column_text]<div class=\"vcex-spacing\" style=\"height:25px\"><\/div>[\/vc_column][\/vc_row][vc_row][vc_column]<div class=\"vcex-spacing\" style=\"height:40px\"><\/div>[\/vc_column][\/vc_row]\n","protected":false},"excerpt":{"rendered":"<p>EB \u2013 1C es una de las varias categor\u00edas establecidas por el Congreso de Estados Unidos para lograr Estados Unidos Residencia permanente\u2026<\/p>\n","protected":false},"author":2,"featured_media":6264,"parent":2552,"menu_order":0,"comment_status":"closed","ping_status":"closed","template":"","meta":{"_joinchat":[],"footnotes":""},"class_list":["post-2790","page","type-page","status-publish","has-post-thumbnail","hentry","entry","has-media"],"yoast_head":"<!-- This site is optimized with the Yoast SEO plugin v15.3 - https:\/\/yoast.com\/wordpress\/plugins\/seo\/ -->\n<title>EB1C Transferencia de Managers y Executivos | Bilingual Immigration Attorney in South Florida - Bilingual Immigration Attorney in South Florida<\/title>\n<meta name=\"robots\" content=\"index, follow, max-snippet:-1, max-image-preview:large, max-video-preview:-1\" \/>\n<link rel=\"canonical\" href=\"https:\/\/www.carlosesandoval.com\/es\/inmigracion-basada-en-empleo\/eb-1c-transferencia-de-managers-y-executivos\/\" \/>\n<meta property=\"og:locale\" content=\"es_ES\" \/>\n<meta property=\"og:type\" content=\"article\" \/>\n<meta property=\"og:title\" content=\"EB1C Transferencia de Managers y Executivos | Bilingual Immigration Attorney in South Florida - Bilingual Immigration Attorney in South Florida\" \/>\n<meta property=\"og:description\" content=\"EB \u2013 1C es una de las varias categor\u00edas establecidas por el Congreso de Estados Unidos para lograr Estados Unidos Residencia permanente\u2026\" \/>\n<meta property=\"og:url\" content=\"https:\/\/www.carlosesandoval.com\/es\/inmigracion-basada-en-empleo\/eb-1c-transferencia-de-managers-y-executivos\/\" \/>\n<meta property=\"og:site_name\" content=\"Carlos Sandoval\" \/>\n<meta property=\"article:publisher\" content=\"https:\/\/www.facebook.com\/carlosesandovalpa\" \/>\n<meta property=\"article:author\" content=\"http:\/\/www.facebook.com\/carlosesandovalpa\" \/>\n<meta property=\"article:modified_time\" content=\"2021-03-08T06:02:03+00:00\" \/>\n<meta property=\"og:image\" content=\"https:\/\/www.carlosesandoval.com\/wp-content\/uploads\/2020\/12\/EB1C-employment_immigration_3-2.jpg\" \/>\n\t<meta property=\"og:image:width\" content=\"288\" \/>\n\t<meta property=\"og:image:height\" content=\"95\" \/>\n<meta name=\"twitter:card\" content=\"summary_large_image\" \/>\n<meta name=\"twitter:title\" content=\"EB1C Transferencia de Managers y Executivos | Bilingual Immigration Attorney in South Florida - Bilingual Immigration Attorney in South Florida\" \/>\n<meta name=\"twitter:label1\" content=\"Escrito por\">\n\t<meta name=\"twitter:data1\" content=\"Carlos Sandoval\">\n\t<meta name=\"twitter:label2\" content=\"Tiempo de lectura\">\n\t<meta name=\"twitter:data2\" content=\"2 minutos\">\n<script type=\"application\/ld+json\" class=\"yoast-schema-graph\">{\"@context\":\"https:\/\/schema.org\",\"@graph\":[{\"@type\":\"Organization\",\"@id\":\"https:\/\/www.carlosesandoval.com\/#organization\",\"name\":\"Carlos E. Sandoval, P.A.\",\"url\":\"https:\/\/www.carlosesandoval.com\/\",\"sameAs\":[\"https:\/\/www.facebook.com\/carlosesandovalpa\",\"https:\/\/www.instagram.com\/carlosesandovalpa\/\",\"https:\/\/www.linkedin.com\/in\/carlosesandoval\/\",\"https:\/\/www.youtube.com\/channel\/UCjV8Lal1X8egP2Wi1r6-eLg\"],\"logo\":{\"@type\":\"ImageObject\",\"@id\":\"https:\/\/www.carlosesandoval.com\/#logo\",\"inLanguage\":\"es\",\"url\":\"https:\/\/www.carlosesandoval.com\/wp-content\/uploads\/2022\/05\/logo-2x-retina.png\",\"width\":848,\"height\":134,\"caption\":\"Carlos E. Sandoval, P.A.\"},\"image\":{\"@id\":\"https:\/\/www.carlosesandoval.com\/#logo\"}},{\"@type\":\"WebSite\",\"@id\":\"https:\/\/www.carlosesandoval.com\/#website\",\"url\":\"https:\/\/www.carlosesandoval.com\/\",\"name\":\"Carlos Sandoval, P.A.\",\"description\":\"\",\"publisher\":{\"@id\":\"https:\/\/www.carlosesandoval.com\/#organization\"},\"potentialAction\":[{\"@type\":\"SearchAction\",\"target\":\"https:\/\/www.carlosesandoval.com\/?s={search_term_string}\",\"query-input\":\"required name=search_term_string\"}],\"inLanguage\":\"es\"},{\"@type\":\"ImageObject\",\"@id\":\"https:\/\/www.carlosesandoval.com\/es\/inmigracion-basada-en-empleo\/eb-1c-transferencia-de-managers-y-executivos\/#primaryimage\",\"inLanguage\":\"es\",\"url\":\"https:\/\/www.carlosesandoval.com\/wp-content\/uploads\/2020\/12\/EB1C-employment_immigration_3-2.jpg\",\"width\":288,\"height\":95,\"caption\":\"EB-1C Manager & Executive Transfers\"},{\"@type\":\"WebPage\",\"@id\":\"https:\/\/www.carlosesandoval.com\/es\/inmigracion-basada-en-empleo\/eb-1c-transferencia-de-managers-y-executivos\/#webpage\",\"url\":\"https:\/\/www.carlosesandoval.com\/es\/inmigracion-basada-en-empleo\/eb-1c-transferencia-de-managers-y-executivos\/\",\"name\":\"EB1C Transferencia de Managers y Executivos | Bilingual Immigration Attorney in South Florida - Bilingual Immigration Attorney in South Florida\",\"isPartOf\":{\"@id\":\"https:\/\/www.carlosesandoval.com\/#website\"},\"primaryImageOfPage\":{\"@id\":\"https:\/\/www.carlosesandoval.com\/es\/inmigracion-basada-en-empleo\/eb-1c-transferencia-de-managers-y-executivos\/#primaryimage\"},\"datePublished\":\"2020-09-09T11:52:44+00:00\",\"dateModified\":\"2021-03-08T06:02:03+00:00\",\"breadcrumb\":{\"@id\":\"https:\/\/www.carlosesandoval.com\/es\/inmigracion-basada-en-empleo\/eb-1c-transferencia-de-managers-y-executivos\/#breadcrumb\"},\"inLanguage\":\"es\",\"potentialAction\":[{\"@type\":\"ReadAction\",\"target\":[\"https:\/\/www.carlosesandoval.com\/es\/inmigracion-basada-en-empleo\/eb-1c-transferencia-de-managers-y-executivos\/\"]}]},{\"@type\":\"BreadcrumbList\",\"@id\":\"https:\/\/www.carlosesandoval.com\/es\/inmigracion-basada-en-empleo\/eb-1c-transferencia-de-managers-y-executivos\/#breadcrumb\",\"itemListElement\":[{\"@type\":\"ListItem\",\"position\":1,\"item\":{\"@type\":\"WebPage\",\"@id\":\"https:\/\/www.carlosesandoval.com\/\",\"url\":\"https:\/\/www.carlosesandoval.com\/\",\"name\":\"Home\"}},{\"@type\":\"ListItem\",\"position\":2,\"item\":{\"@type\":\"WebPage\",\"@id\":\"https:\/\/www.carlosesandoval.com\/es\/inmigracion-basada-en-empleo\/\",\"url\":\"https:\/\/www.carlosesandoval.com\/es\/inmigracion-basada-en-empleo\/\",\"name\":\"Inmigraci\\u00f3n basada en Empleo\"}},{\"@type\":\"ListItem\",\"position\":3,\"item\":{\"@type\":\"WebPage\",\"@id\":\"https:\/\/www.carlosesandoval.com\/es\/inmigracion-basada-en-empleo\/eb-1c-transferencia-de-managers-y-executivos\/\",\"url\":\"https:\/\/www.carlosesandoval.com\/es\/inmigracion-basada-en-empleo\/eb-1c-transferencia-de-managers-y-executivos\/\",\"name\":\"EB-1C Transferencia de Managers y Executivos\"}}]}]}<\/script>\n<!-- \/ Yoast SEO plugin. -->","_links":{"self":[{"href":"https:\/\/www.carlosesandoval.com\/es\/wp-json\/wp\/v2\/pages\/2790","targetHints":{"allow":["GET"]}}],"collection":[{"href":"https:\/\/www.carlosesandoval.com\/es\/wp-json\/wp\/v2\/pages"}],"about":[{"href":"https:\/\/www.carlosesandoval.com\/es\/wp-json\/wp\/v2\/types\/page"}],"author":[{"embeddable":true,"href":"https:\/\/www.carlosesandoval.com\/es\/wp-json\/wp\/v2\/users\/2"}],"replies":[{"embeddable":true,"href":"https:\/\/www.carlosesandoval.com\/es\/wp-json\/wp\/v2\/comments?post=2790"}],"version-history":[{"count":0,"href":"https:\/\/www.carlosesandoval.com\/es\/wp-json\/wp\/v2\/pages\/2790\/revisions"}],"up":[{"embeddable":true,"href":"https:\/\/www.carlosesandoval.com\/es\/wp-json\/wp\/v2\/pages\/2552"}],"wp:featuredmedia":[{"embeddable":true,"href":"https:\/\/www.carlosesandoval.com\/es\/wp-json\/wp\/v2\/media\/6264"}],"wp:attachment":[{"href":"https:\/\/www.carlosesandoval.com\/es\/wp-json\/wp\/v2\/media?parent=2790"}],"curies":[{"name":"wp","href":"https:\/\/api.w.org\/{rel}","templated":true}]}}