{"id":2674,"date":"2020-09-09T05:43:01","date_gmt":"2020-09-09T10:13:01","guid":{"rendered":"https:\/\/carlossandoval.wpengine.com\/?page_id=2674"},"modified":"2021-01-21T00:09:47","modified_gmt":"2021-01-21T04:39:47","slug":"visa-h-2a-trabajador-de-agricultura","status":"publish","type":"page","link":"https:\/\/www.carlosesandoval.com\/es\/nuestros-servicios\/visas-de-negocios\/visa-h-2a-trabajador-de-agricultura\/","title":{"rendered":"Visa H-2A Trabajador de Agricultura"},"content":{"rendered":"[vc_row][vc_column][vc_column_text color=\u00bb#222222&#8243; font_size=\u00bb1.1428571428571428rem\u00bb]La visa H-2A permite a los trabajadores extranjeros la entrada a los EE.UU. para trabajar en la agricultura. La visa H-2A no es auto-petici\u00f3n. Los empleadores deben solicitar en nombre de sus empleados. El empleador puede trabajar por cuenta propia, una sociedad, corporaci\u00f3n o asociaci\u00f3n agr\u00edcola. Un agente tambi\u00e9n puede solicitar en nombre del empleador.<\/p>\n<p>A los c\u00f3nyuges de los trabajadores e hijos solteros menores de 21 a\u00f1os se les permite unirse a ellos en los EE.UU. bajo H-4. Los dependientes no pueden trabajar, a menos que personalmente califiquen para una visa de trabajo.[\/vc_column_text]<div class=\"vcex-spacing\" style=\"height:30px\"><\/div>[\/vc_column][\/vc_row]\n","protected":false},"excerpt":{"rendered":"<p>[vc_row][vc_column][vc_column_text color=\u00bb#222222&#8243; font_size=\u00bb1.1428571428571428rem\u00bb]La visa H-2A permite a los trabajadores extranjeros la entrada a los EE.UU. para trabajar en la agricultura. La visa H-2A no es auto-petici\u00f3n. Los empleadores deben solicitar en nombre de sus empleados. El empleador puede trabajar por&hellip;<\/p>\n","protected":false},"author":2,"featured_media":6018,"parent":2546,"menu_order":0,"comment_status":"closed","ping_status":"closed","template":"","meta":{"_joinchat":[],"footnotes":""},"class_list":["post-2674","page","type-page","status-publish","has-post-thumbnail","hentry","entry","has-media"],"yoast_head":"<!-- This site is optimized with the Yoast SEO plugin v15.3 - https:\/\/yoast.com\/wordpress\/plugins\/seo\/ -->\n<title>Visa H2A Trabajador de Agricultura | Bilingual Immigration Attorney in South Florida - Bilingual Immigration Attorney in South Florida<\/title>\n<meta name=\"robots\" content=\"index, follow, max-snippet:-1, max-image-preview:large, max-video-preview:-1\" \/>\n<link rel=\"canonical\" href=\"https:\/\/www.carlosesandoval.com\/es\/nuestros-servicios\/visas-de-negocios\/visa-h-2a-trabajador-de-agricultura\/\" \/>\n<meta property=\"og:locale\" content=\"es_ES\" \/>\n<meta property=\"og:type\" content=\"article\" \/>\n<meta property=\"og:title\" content=\"Visa H2A Trabajador de Agricultura | Bilingual Immigration Attorney in South Florida - Bilingual Immigration Attorney in South Florida\" \/>\n<meta property=\"og:description\" content=\"[vc_row][vc_column][vc_column_text color=\u00bb#222222&#8243; font_size=\u00bb1.1428571428571428rem\u00bb]La visa H-2A permite a los trabajadores extranjeros la entrada a los EE.UU. para trabajar en la agricultura. La visa H-2A no es auto-petici\u00f3n. Los empleadores deben solicitar en nombre de sus empleados. El empleador puede trabajar por&hellip;\" \/>\n<meta property=\"og:url\" content=\"https:\/\/www.carlosesandoval.com\/es\/nuestros-servicios\/visas-de-negocios\/visa-h-2a-trabajador-de-agricultura\/\" \/>\n<meta property=\"og:site_name\" content=\"Carlos Sandoval\" \/>\n<meta property=\"article:publisher\" content=\"https:\/\/www.facebook.com\/carlosesandovalpa\" \/>\n<meta property=\"article:author\" content=\"http:\/\/www.facebook.com\/carlosesandovalpa\" \/>\n<meta property=\"article:modified_time\" content=\"2021-01-21T04:39:47+00:00\" \/>\n<meta property=\"og:image\" content=\"https:\/\/www.carlosesandoval.com\/wp-content\/uploads\/2020\/12\/business_visa_2.jpg\" \/>\n\t<meta property=\"og:image:width\" content=\"288\" \/>\n\t<meta property=\"og:image:height\" content=\"95\" \/>\n<meta name=\"twitter:card\" content=\"summary_large_image\" \/>\n<meta name=\"twitter:title\" content=\"Visa H2A Trabajador de Agricultura | Bilingual Immigration Attorney in South Florida - Bilingual Immigration Attorney in South Florida\" \/>\n<meta name=\"twitter:label1\" content=\"Escrito por\">\n\t<meta name=\"twitter:data1\" content=\"Carlos Sandoval\">\n\t<meta name=\"twitter:label2\" content=\"Tiempo de lectura\">\n\t<meta name=\"twitter:data2\" content=\"0 minutos\">\n<script type=\"application\/ld+json\" class=\"yoast-schema-graph\">{\"@context\":\"https:\/\/schema.org\",\"@graph\":[{\"@type\":\"Organization\",\"@id\":\"https:\/\/www.carlosesandoval.com\/#organization\",\"name\":\"Carlos E. Sandoval, P.A.\",\"url\":\"https:\/\/www.carlosesandoval.com\/\",\"sameAs\":[\"https:\/\/www.facebook.com\/carlosesandovalpa\",\"https:\/\/www.instagram.com\/carlosesandovalpa\/\",\"https:\/\/www.linkedin.com\/in\/carlosesandoval\/\",\"https:\/\/www.youtube.com\/channel\/UCjV8Lal1X8egP2Wi1r6-eLg\"],\"logo\":{\"@type\":\"ImageObject\",\"@id\":\"https:\/\/www.carlosesandoval.com\/#logo\",\"inLanguage\":\"es\",\"url\":\"https:\/\/www.carlosesandoval.com\/wp-content\/uploads\/2022\/05\/logo-2x-retina.png\",\"width\":848,\"height\":134,\"caption\":\"Carlos E. Sandoval, P.A.\"},\"image\":{\"@id\":\"https:\/\/www.carlosesandoval.com\/#logo\"}},{\"@type\":\"WebSite\",\"@id\":\"https:\/\/www.carlosesandoval.com\/#website\",\"url\":\"https:\/\/www.carlosesandoval.com\/\",\"name\":\"Carlos Sandoval, P.A.\",\"description\":\"\",\"publisher\":{\"@id\":\"https:\/\/www.carlosesandoval.com\/#organization\"},\"potentialAction\":[{\"@type\":\"SearchAction\",\"target\":\"https:\/\/www.carlosesandoval.com\/?s={search_term_string}\",\"query-input\":\"required name=search_term_string\"}],\"inLanguage\":\"es\"},{\"@type\":\"ImageObject\",\"@id\":\"https:\/\/www.carlosesandoval.com\/es\/nuestros-servicios\/visas-de-negocios\/visa-h-2a-trabajador-de-agricultura\/#primaryimage\",\"inLanguage\":\"es\",\"url\":\"https:\/\/www.carlosesandoval.com\/wp-content\/uploads\/2020\/12\/business_visa_2.jpg\",\"width\":288,\"height\":95,\"caption\":\"business_visa_2\"},{\"@type\":\"WebPage\",\"@id\":\"https:\/\/www.carlosesandoval.com\/es\/nuestros-servicios\/visas-de-negocios\/visa-h-2a-trabajador-de-agricultura\/#webpage\",\"url\":\"https:\/\/www.carlosesandoval.com\/es\/nuestros-servicios\/visas-de-negocios\/visa-h-2a-trabajador-de-agricultura\/\",\"name\":\"Visa H2A Trabajador de Agricultura | Bilingual Immigration Attorney in South Florida - Bilingual Immigration Attorney in South Florida\",\"isPartOf\":{\"@id\":\"https:\/\/www.carlosesandoval.com\/#website\"},\"primaryImageOfPage\":{\"@id\":\"https:\/\/www.carlosesandoval.com\/es\/nuestros-servicios\/visas-de-negocios\/visa-h-2a-trabajador-de-agricultura\/#primaryimage\"},\"datePublished\":\"2020-09-09T10:13:01+00:00\",\"dateModified\":\"2021-01-21T04:39:47+00:00\",\"breadcrumb\":{\"@id\":\"https:\/\/www.carlosesandoval.com\/es\/nuestros-servicios\/visas-de-negocios\/visa-h-2a-trabajador-de-agricultura\/#breadcrumb\"},\"inLanguage\":\"es\",\"potentialAction\":[{\"@type\":\"ReadAction\",\"target\":[\"https:\/\/www.carlosesandoval.com\/es\/nuestros-servicios\/visas-de-negocios\/visa-h-2a-trabajador-de-agricultura\/\"]}]},{\"@type\":\"BreadcrumbList\",\"@id\":\"https:\/\/www.carlosesandoval.com\/es\/nuestros-servicios\/visas-de-negocios\/visa-h-2a-trabajador-de-agricultura\/#breadcrumb\",\"itemListElement\":[{\"@type\":\"ListItem\",\"position\":1,\"item\":{\"@type\":\"WebPage\",\"@id\":\"https:\/\/www.carlosesandoval.com\/\",\"url\":\"https:\/\/www.carlosesandoval.com\/\",\"name\":\"Home\"}},{\"@type\":\"ListItem\",\"position\":2,\"item\":{\"@type\":\"WebPage\",\"@id\":\"https:\/\/www.carlosesandoval.com\/es\/nuestros-servicios\/\",\"url\":\"https:\/\/www.carlosesandoval.com\/es\/nuestros-servicios\/\",\"name\":\"Nuestros Servicios\"}},{\"@type\":\"ListItem\",\"position\":3,\"item\":{\"@type\":\"WebPage\",\"@id\":\"https:\/\/www.carlosesandoval.com\/es\/nuestros-servicios\/visas-de-negocios\/\",\"url\":\"https:\/\/www.carlosesandoval.com\/es\/nuestros-servicios\/visas-de-negocios\/\",\"name\":\"Visas de Negocios\"}},{\"@type\":\"ListItem\",\"position\":4,\"item\":{\"@type\":\"WebPage\",\"@id\":\"https:\/\/www.carlosesandoval.com\/es\/nuestros-servicios\/visas-de-negocios\/visa-h-2a-trabajador-de-agricultura\/\",\"url\":\"https:\/\/www.carlosesandoval.com\/es\/nuestros-servicios\/visas-de-negocios\/visa-h-2a-trabajador-de-agricultura\/\",\"name\":\"Visa H-2A Trabajador de Agricultura\"}}]}]}<\/script>\n<!-- \/ Yoast SEO plugin. -->","_links":{"self":[{"href":"https:\/\/www.carlosesandoval.com\/es\/wp-json\/wp\/v2\/pages\/2674","targetHints":{"allow":["GET"]}}],"collection":[{"href":"https:\/\/www.carlosesandoval.com\/es\/wp-json\/wp\/v2\/pages"}],"about":[{"href":"https:\/\/www.carlosesandoval.com\/es\/wp-json\/wp\/v2\/types\/page"}],"author":[{"embeddable":true,"href":"https:\/\/www.carlosesandoval.com\/es\/wp-json\/wp\/v2\/users\/2"}],"replies":[{"embeddable":true,"href":"https:\/\/www.carlosesandoval.com\/es\/wp-json\/wp\/v2\/comments?post=2674"}],"version-history":[{"count":0,"href":"https:\/\/www.carlosesandoval.com\/es\/wp-json\/wp\/v2\/pages\/2674\/revisions"}],"up":[{"embeddable":true,"href":"https:\/\/www.carlosesandoval.com\/es\/wp-json\/wp\/v2\/pages\/2546"}],"wp:featuredmedia":[{"embeddable":true,"href":"https:\/\/www.carlosesandoval.com\/es\/wp-json\/wp\/v2\/media\/6018"}],"wp:attachment":[{"href":"https:\/\/www.carlosesandoval.com\/es\/wp-json\/wp\/v2\/media?parent=2674"}],"curies":[{"name":"wp","href":"https:\/\/api.w.org\/{rel}","templated":true}]}}