{"id":2603,"date":"2020-09-09T03:38:17","date_gmt":"2020-09-09T08:08:17","guid":{"rendered":"https:\/\/carlossandoval.wpengine.com\/?page_id=2603"},"modified":"2021-01-21T00:48:49","modified_gmt":"2021-01-21T05:18:49","slug":"gobierno-corporativo","status":"publish","type":"page","link":"https:\/\/www.carlosesandoval.com\/es\/nuestros-servicios\/servicios-corporativos\/gobierno-corporativo\/","title":{"rendered":"Gobierno corporativo"},"content":{"rendered":"[vc_row][vc_column][vc_column_text color=\u00bb#222222&#8243; font_size=\u00bb16px\u00bb]El gobierno corporativo se refiere a un conjunto de procesos, costumbres, pol\u00edticas y leyes por las que se dirige una empresa, administrada o controlada. Es un t\u00e9rmino gen\u00e9rico que describe las maneras en que los derechos y las responsabilidades son compartidos entre los diferentes participantes empresariales, en especial los directivos y los accionistas.[\/vc_column_text]<div class=\"vcex-spacing\" style=\"height:20px\"><\/div>[vc_column_text color=\u00bb#222222&#8243; font_size=\u00bb16px\u00bb]Se basa en los principios de responsabilidad, transparencia y rendici\u00f3n de cuentas. Un objetivo importante del gobierno corporativo es asegurar la rendici\u00f3n de cuentas de ciertos individuos dentro de una organizaci\u00f3n a trav\u00e9s de mecanismos que tratan de reducir o eliminar los problemas agentes-principales. Es una herramienta para el desarrollo socio-econ\u00f3mico. Tambi\u00e9n se conoce como corporaci\u00f3n de gobierno.[\/vc_column_text][\/vc_column][\/vc_row][vc_row][vc_column]<div class=\"vcex-spacing\" style=\"height:50px\"><\/div>[\/vc_column][\/vc_row]\n","protected":false},"excerpt":{"rendered":"<p>El gobierno corporativo se refiere a un conjunto de procesos, costumbres, pol\u00edticas y leyes por las que se dirige una empresa, administrada o controlada\u2026.<\/p>\n","protected":false},"author":2,"featured_media":6016,"parent":2639,"menu_order":0,"comment_status":"closed","ping_status":"closed","template":"","meta":{"_joinchat":[],"footnotes":""},"class_list":["post-2603","page","type-page","status-publish","has-post-thumbnail","hentry","entry","has-media"],"yoast_head":"<!-- This site is optimized with the Yoast SEO plugin v15.3 - https:\/\/yoast.com\/wordpress\/plugins\/seo\/ -->\n<title>Gobierno corporativo | Bilingual Immigration Attorney in South Florida - Bilingual Immigration Attorney in South Florida<\/title>\n<meta name=\"robots\" content=\"index, follow, max-snippet:-1, max-image-preview:large, max-video-preview:-1\" \/>\n<link rel=\"canonical\" href=\"https:\/\/www.carlosesandoval.com\/es\/nuestros-servicios\/servicios-corporativos\/gobierno-corporativo\/\" \/>\n<meta property=\"og:locale\" content=\"es_ES\" \/>\n<meta property=\"og:type\" content=\"article\" \/>\n<meta property=\"og:title\" content=\"Gobierno corporativo | Bilingual Immigration Attorney in South Florida - Bilingual Immigration Attorney in South Florida\" \/>\n<meta property=\"og:description\" content=\"El gobierno corporativo se refiere a un conjunto de procesos, costumbres, pol\u00edticas y leyes por las que se dirige una empresa, administrada o controlada\u2026.\" \/>\n<meta property=\"og:url\" content=\"https:\/\/www.carlosesandoval.com\/es\/nuestros-servicios\/servicios-corporativos\/gobierno-corporativo\/\" \/>\n<meta property=\"og:site_name\" content=\"Carlos Sandoval\" \/>\n<meta property=\"article:publisher\" content=\"https:\/\/www.facebook.com\/carlosesandovalpa\" \/>\n<meta property=\"article:author\" content=\"http:\/\/www.facebook.com\/carlosesandovalpa\" \/>\n<meta property=\"article:modified_time\" content=\"2021-01-21T05:18:49+00:00\" \/>\n<meta property=\"og:image\" content=\"https:\/\/www.carlosesandoval.com\/wp-content\/uploads\/2020\/12\/corporate_services_3.jpg\" \/>\n\t<meta property=\"og:image:width\" content=\"288\" \/>\n\t<meta property=\"og:image:height\" content=\"95\" \/>\n<meta name=\"twitter:card\" content=\"summary_large_image\" \/>\n<meta name=\"twitter:title\" content=\"Gobierno corporativo | Bilingual Immigration Attorney in South Florida - Bilingual Immigration Attorney in South Florida\" \/>\n<meta name=\"twitter:label1\" content=\"Escrito por\">\n\t<meta name=\"twitter:data1\" content=\"Carlos Sandoval\">\n\t<meta name=\"twitter:label2\" content=\"Tiempo de lectura\">\n\t<meta name=\"twitter:data2\" content=\"1 minuto\">\n<script type=\"application\/ld+json\" class=\"yoast-schema-graph\">{\"@context\":\"https:\/\/schema.org\",\"@graph\":[{\"@type\":\"Organization\",\"@id\":\"https:\/\/www.carlosesandoval.com\/#organization\",\"name\":\"Carlos E. Sandoval, P.A.\",\"url\":\"https:\/\/www.carlosesandoval.com\/\",\"sameAs\":[\"https:\/\/www.facebook.com\/carlosesandovalpa\",\"https:\/\/www.instagram.com\/carlosesandovalpa\/\",\"https:\/\/www.linkedin.com\/in\/carlosesandoval\/\",\"https:\/\/www.youtube.com\/channel\/UCjV8Lal1X8egP2Wi1r6-eLg\"],\"logo\":{\"@type\":\"ImageObject\",\"@id\":\"https:\/\/www.carlosesandoval.com\/#logo\",\"inLanguage\":\"es\",\"url\":\"https:\/\/www.carlosesandoval.com\/wp-content\/uploads\/2022\/05\/logo-2x-retina.png\",\"width\":848,\"height\":134,\"caption\":\"Carlos E. Sandoval, P.A.\"},\"image\":{\"@id\":\"https:\/\/www.carlosesandoval.com\/#logo\"}},{\"@type\":\"WebSite\",\"@id\":\"https:\/\/www.carlosesandoval.com\/#website\",\"url\":\"https:\/\/www.carlosesandoval.com\/\",\"name\":\"Carlos Sandoval, P.A.\",\"description\":\"\",\"publisher\":{\"@id\":\"https:\/\/www.carlosesandoval.com\/#organization\"},\"potentialAction\":[{\"@type\":\"SearchAction\",\"target\":\"https:\/\/www.carlosesandoval.com\/?s={search_term_string}\",\"query-input\":\"required name=search_term_string\"}],\"inLanguage\":\"es\"},{\"@type\":\"ImageObject\",\"@id\":\"https:\/\/www.carlosesandoval.com\/es\/nuestros-servicios\/servicios-corporativos\/gobierno-corporativo\/#primaryimage\",\"inLanguage\":\"es\",\"url\":\"https:\/\/www.carlosesandoval.com\/wp-content\/uploads\/2020\/12\/corporate_services_3.jpg\",\"width\":288,\"height\":95,\"caption\":\"Corporate Governance Services\"},{\"@type\":\"WebPage\",\"@id\":\"https:\/\/www.carlosesandoval.com\/es\/nuestros-servicios\/servicios-corporativos\/gobierno-corporativo\/#webpage\",\"url\":\"https:\/\/www.carlosesandoval.com\/es\/nuestros-servicios\/servicios-corporativos\/gobierno-corporativo\/\",\"name\":\"Gobierno corporativo | Bilingual Immigration Attorney in South Florida - Bilingual Immigration Attorney in South Florida\",\"isPartOf\":{\"@id\":\"https:\/\/www.carlosesandoval.com\/#website\"},\"primaryImageOfPage\":{\"@id\":\"https:\/\/www.carlosesandoval.com\/es\/nuestros-servicios\/servicios-corporativos\/gobierno-corporativo\/#primaryimage\"},\"datePublished\":\"2020-09-09T08:08:17+00:00\",\"dateModified\":\"2021-01-21T05:18:49+00:00\",\"breadcrumb\":{\"@id\":\"https:\/\/www.carlosesandoval.com\/es\/nuestros-servicios\/servicios-corporativos\/gobierno-corporativo\/#breadcrumb\"},\"inLanguage\":\"es\",\"potentialAction\":[{\"@type\":\"ReadAction\",\"target\":[\"https:\/\/www.carlosesandoval.com\/es\/nuestros-servicios\/servicios-corporativos\/gobierno-corporativo\/\"]}]},{\"@type\":\"BreadcrumbList\",\"@id\":\"https:\/\/www.carlosesandoval.com\/es\/nuestros-servicios\/servicios-corporativos\/gobierno-corporativo\/#breadcrumb\",\"itemListElement\":[{\"@type\":\"ListItem\",\"position\":1,\"item\":{\"@type\":\"WebPage\",\"@id\":\"https:\/\/www.carlosesandoval.com\/\",\"url\":\"https:\/\/www.carlosesandoval.com\/\",\"name\":\"Home\"}},{\"@type\":\"ListItem\",\"position\":2,\"item\":{\"@type\":\"WebPage\",\"@id\":\"https:\/\/www.carlosesandoval.com\/es\/nuestros-servicios\/\",\"url\":\"https:\/\/www.carlosesandoval.com\/es\/nuestros-servicios\/\",\"name\":\"Nuestros Servicios\"}},{\"@type\":\"ListItem\",\"position\":3,\"item\":{\"@type\":\"WebPage\",\"@id\":\"https:\/\/www.carlosesandoval.com\/es\/nuestros-servicios\/servicios-corporativos\/\",\"url\":\"https:\/\/www.carlosesandoval.com\/es\/nuestros-servicios\/servicios-corporativos\/\",\"name\":\"Servicios Corporativos\"}},{\"@type\":\"ListItem\",\"position\":4,\"item\":{\"@type\":\"WebPage\",\"@id\":\"https:\/\/www.carlosesandoval.com\/es\/nuestros-servicios\/servicios-corporativos\/gobierno-corporativo\/\",\"url\":\"https:\/\/www.carlosesandoval.com\/es\/nuestros-servicios\/servicios-corporativos\/gobierno-corporativo\/\",\"name\":\"Gobierno corporativo\"}}]}]}<\/script>\n<!-- \/ Yoast SEO plugin. -->","_links":{"self":[{"href":"https:\/\/www.carlosesandoval.com\/es\/wp-json\/wp\/v2\/pages\/2603","targetHints":{"allow":["GET"]}}],"collection":[{"href":"https:\/\/www.carlosesandoval.com\/es\/wp-json\/wp\/v2\/pages"}],"about":[{"href":"https:\/\/www.carlosesandoval.com\/es\/wp-json\/wp\/v2\/types\/page"}],"author":[{"embeddable":true,"href":"https:\/\/www.carlosesandoval.com\/es\/wp-json\/wp\/v2\/users\/2"}],"replies":[{"embeddable":true,"href":"https:\/\/www.carlosesandoval.com\/es\/wp-json\/wp\/v2\/comments?post=2603"}],"version-history":[{"count":0,"href":"https:\/\/www.carlosesandoval.com\/es\/wp-json\/wp\/v2\/pages\/2603\/revisions"}],"up":[{"embeddable":true,"href":"https:\/\/www.carlosesandoval.com\/es\/wp-json\/wp\/v2\/pages\/2639"}],"wp:featuredmedia":[{"embeddable":true,"href":"https:\/\/www.carlosesandoval.com\/es\/wp-json\/wp\/v2\/media\/6016"}],"wp:attachment":[{"href":"https:\/\/www.carlosesandoval.com\/es\/wp-json\/wp\/v2\/media?parent=2603"}],"curies":[{"name":"wp","href":"https:\/\/api.w.org\/{rel}","templated":true}]}}