{"id":2567,"date":"2020-09-09T02:50:03","date_gmt":"2020-09-09T07:20:03","guid":{"rendered":"https:\/\/carlossandoval.wpengine.com\/?page_id=2567"},"modified":"2021-01-21T00:45:28","modified_gmt":"2021-01-21T05:15:28","slug":"status-de-proteccion-temporal-tps-temporary-protected-status","status":"publish","type":"page","link":"https:\/\/www.carlosesandoval.com\/es\/nuestros-servicios\/familiar-basado-en-inmigracion\/status-de-proteccion-temporal-tps-temporary-protected-status\/","title":{"rendered":"Status de Protecci\u00f3n Temporal \u201c TPS\u201d  (Temporary Protected Status)"},"content":{"rendered":"[vc_row][vc_column][vc_column_text color=\u00bb#222222&#8243; font_size=\u00bb16px\u00bb]Estatus de Protecci\u00f3n Temporal (TPS) es un estatus migratorio temporal otorgado a los nacionales elegibles de pa\u00edses designados. Los beneficiarios del TPS no tendr\u00e1n que salir de los Estados Unidos (TPS mientras que sigue siendo v\u00e1lida) y pueden obtener una autorizaci\u00f3n de trabajo para el per\u00edodo inicial de TPS y para cualquier extensi\u00f3n de la designaci\u00f3n. El TPS no conduce a la residencia permanente. Cuando el gobierno de los EE.UU. termina una designaci\u00f3n del TPS, los beneficiarios vuelven al estatus migratorio que ten\u00edan antes del TPS (a menos que el estatus haya caducado o se ha terminado) o cualquier otro estatus que puedan haber tenido mientras estaban bajo estatus de TPS.[\/vc_column_text]<div class=\"vcex-spacing\" style=\"height:10px\"><\/div>[\/vc_column][\/vc_row][vc_row][vc_column]<div class=\"vcex-spacing\" style=\"height:20px\"><\/div>[vc_column_text color=\u00bb#222222&#8243; font_size=\u00bb16px\u00bb]Actualmente usted puede ser elegible para el Estatus de Protecci\u00f3n Temporal si es de El Salvador, Honduras, Burundi, Liberia, Somalia, Sud\u00e1n o Nicaragua, y no tiene ning\u00fan delito grave o m\u00e1s de dos condenas por delitos menores.<br \/>\n[\/vc_column_text]<div class=\"vcex-spacing\" style=\"height:20px\"><\/div>[vc_column_text color=\u00bb#222222&#8243; font_size=\u00bb16px\u00bb]Estatus de Protecci\u00f3n Temporal ofrece a las personas de ciertos pa\u00edses de manera temporal permanecer en los Estados Unidos como una alternativa al asilo. Sin embargo, como su nombre claramente lo indica, TPS es s\u00f3lo una soluci\u00f3n a corto plazo, y est\u00e1 disponible s\u00f3lo para los solicitantes de algunos pa\u00edses seleccionados.[\/vc_column_text]<div class=\"vcex-spacing\" style=\"height:20px\"><\/div>[\/vc_column][\/vc_row][vc_row][vc_column]<div class=\"vcex-spacing\" style=\"height:10px\"><\/div>[\/vc_column][\/vc_row]\n","protected":false},"excerpt":{"rendered":"<p>Estatus de Protecci\u00f3n Temporal (TPS) es un estatus migratorio temporal otorgado a los nacionales elegibles de pa\u00edses designados\u2026<\/p>\n","protected":false},"author":2,"featured_media":6339,"parent":2585,"menu_order":0,"comment_status":"closed","ping_status":"closed","template":"","meta":{"_joinchat":[],"footnotes":""},"class_list":["post-2567","page","type-page","status-publish","has-post-thumbnail","hentry","entry","has-media"],"yoast_head":"<!-- This site is optimized with the Yoast SEO plugin v15.3 - https:\/\/yoast.com\/wordpress\/plugins\/seo\/ -->\n<title>Status de Protecci\u00f3n Temporal \u201cTPS\u201d (Temporary Protected Status) | Bilingual Immigration Attorney in South Florida - Bilingual Immigration Attorney in South Florida<\/title>\n<meta name=\"robots\" content=\"index, follow, max-snippet:-1, max-image-preview:large, max-video-preview:-1\" \/>\n<link rel=\"canonical\" href=\"https:\/\/www.carlosesandoval.com\/es\/nuestros-servicios\/familiar-basado-en-inmigracion\/status-de-proteccion-temporal-tps-temporary-protected-status\/\" \/>\n<meta property=\"og:locale\" content=\"es_ES\" \/>\n<meta property=\"og:type\" content=\"article\" \/>\n<meta property=\"og:title\" content=\"Status de Protecci\u00f3n Temporal \u201cTPS\u201d (Temporary Protected Status) | Bilingual Immigration Attorney in South Florida - Bilingual Immigration Attorney in South Florida\" \/>\n<meta property=\"og:description\" content=\"Estatus de Protecci\u00f3n Temporal (TPS) es un estatus migratorio temporal otorgado a los nacionales elegibles de pa\u00edses designados\u2026\" \/>\n<meta property=\"og:url\" content=\"https:\/\/www.carlosesandoval.com\/es\/nuestros-servicios\/familiar-basado-en-inmigracion\/status-de-proteccion-temporal-tps-temporary-protected-status\/\" \/>\n<meta property=\"og:site_name\" content=\"Carlos Sandoval\" \/>\n<meta property=\"article:publisher\" content=\"https:\/\/www.facebook.com\/carlosesandovalpa\" \/>\n<meta property=\"article:author\" content=\"http:\/\/www.facebook.com\/carlosesandovalpa\" \/>\n<meta property=\"article:modified_time\" content=\"2021-01-21T05:15:28+00:00\" \/>\n<meta property=\"og:image\" content=\"https:\/\/www.carlosesandoval.com\/wp-content\/uploads\/2020\/12\/special_immigrant_2.jpg\" \/>\n\t<meta property=\"og:image:width\" content=\"288\" \/>\n\t<meta property=\"og:image:height\" content=\"95\" \/>\n<meta name=\"twitter:card\" content=\"summary_large_image\" \/>\n<meta name=\"twitter:title\" content=\"Status de Protecci\u00f3n Temporal \u201cTPS\u201d (Temporary Protected Status) | Bilingual Immigration Attorney in South Florida - Bilingual Immigration Attorney in South Florida\" \/>\n<meta name=\"twitter:label1\" content=\"Escrito por\">\n\t<meta name=\"twitter:data1\" content=\"Carlos Sandoval\">\n\t<meta name=\"twitter:label2\" content=\"Tiempo de lectura\">\n\t<meta name=\"twitter:data2\" content=\"1 minuto\">\n<script type=\"application\/ld+json\" class=\"yoast-schema-graph\">{\"@context\":\"https:\/\/schema.org\",\"@graph\":[{\"@type\":\"Organization\",\"@id\":\"https:\/\/www.carlosesandoval.com\/#organization\",\"name\":\"Carlos E. Sandoval, P.A.\",\"url\":\"https:\/\/www.carlosesandoval.com\/\",\"sameAs\":[\"https:\/\/www.facebook.com\/carlosesandovalpa\",\"https:\/\/www.instagram.com\/carlosesandovalpa\/\",\"https:\/\/www.linkedin.com\/in\/carlosesandoval\/\",\"https:\/\/www.youtube.com\/channel\/UCjV8Lal1X8egP2Wi1r6-eLg\"],\"logo\":{\"@type\":\"ImageObject\",\"@id\":\"https:\/\/www.carlosesandoval.com\/#logo\",\"inLanguage\":\"es\",\"url\":\"https:\/\/www.carlosesandoval.com\/wp-content\/uploads\/2022\/05\/logo-2x-retina.png\",\"width\":848,\"height\":134,\"caption\":\"Carlos E. Sandoval, P.A.\"},\"image\":{\"@id\":\"https:\/\/www.carlosesandoval.com\/#logo\"}},{\"@type\":\"WebSite\",\"@id\":\"https:\/\/www.carlosesandoval.com\/#website\",\"url\":\"https:\/\/www.carlosesandoval.com\/\",\"name\":\"Carlos Sandoval, P.A.\",\"description\":\"\",\"publisher\":{\"@id\":\"https:\/\/www.carlosesandoval.com\/#organization\"},\"potentialAction\":[{\"@type\":\"SearchAction\",\"target\":\"https:\/\/www.carlosesandoval.com\/?s={search_term_string}\",\"query-input\":\"required name=search_term_string\"}],\"inLanguage\":\"es\"},{\"@type\":\"ImageObject\",\"@id\":\"https:\/\/www.carlosesandoval.com\/es\/nuestros-servicios\/familiar-basado-en-inmigracion\/status-de-proteccion-temporal-tps-temporary-protected-status\/#primaryimage\",\"inLanguage\":\"es\",\"url\":\"https:\/\/www.carlosesandoval.com\/wp-content\/uploads\/2020\/12\/special_immigrant_2.jpg\",\"width\":288,\"height\":95,\"caption\":\"TPS (Temporary Protected Status)\"},{\"@type\":\"WebPage\",\"@id\":\"https:\/\/www.carlosesandoval.com\/es\/nuestros-servicios\/familiar-basado-en-inmigracion\/status-de-proteccion-temporal-tps-temporary-protected-status\/#webpage\",\"url\":\"https:\/\/www.carlosesandoval.com\/es\/nuestros-servicios\/familiar-basado-en-inmigracion\/status-de-proteccion-temporal-tps-temporary-protected-status\/\",\"name\":\"Status de Protecci\\u00f3n Temporal \\u201cTPS\\u201d (Temporary Protected Status) | Bilingual Immigration Attorney in South Florida - Bilingual Immigration Attorney in South Florida\",\"isPartOf\":{\"@id\":\"https:\/\/www.carlosesandoval.com\/#website\"},\"primaryImageOfPage\":{\"@id\":\"https:\/\/www.carlosesandoval.com\/es\/nuestros-servicios\/familiar-basado-en-inmigracion\/status-de-proteccion-temporal-tps-temporary-protected-status\/#primaryimage\"},\"datePublished\":\"2020-09-09T07:20:03+00:00\",\"dateModified\":\"2021-01-21T05:15:28+00:00\",\"breadcrumb\":{\"@id\":\"https:\/\/www.carlosesandoval.com\/es\/nuestros-servicios\/familiar-basado-en-inmigracion\/status-de-proteccion-temporal-tps-temporary-protected-status\/#breadcrumb\"},\"inLanguage\":\"es\",\"potentialAction\":[{\"@type\":\"ReadAction\",\"target\":[\"https:\/\/www.carlosesandoval.com\/es\/nuestros-servicios\/familiar-basado-en-inmigracion\/status-de-proteccion-temporal-tps-temporary-protected-status\/\"]}]},{\"@type\":\"BreadcrumbList\",\"@id\":\"https:\/\/www.carlosesandoval.com\/es\/nuestros-servicios\/familiar-basado-en-inmigracion\/status-de-proteccion-temporal-tps-temporary-protected-status\/#breadcrumb\",\"itemListElement\":[{\"@type\":\"ListItem\",\"position\":1,\"item\":{\"@type\":\"WebPage\",\"@id\":\"https:\/\/www.carlosesandoval.com\/\",\"url\":\"https:\/\/www.carlosesandoval.com\/\",\"name\":\"Home\"}},{\"@type\":\"ListItem\",\"position\":2,\"item\":{\"@type\":\"WebPage\",\"@id\":\"https:\/\/www.carlosesandoval.com\/es\/nuestros-servicios\/\",\"url\":\"https:\/\/www.carlosesandoval.com\/es\/nuestros-servicios\/\",\"name\":\"Nuestros Servicios\"}},{\"@type\":\"ListItem\",\"position\":3,\"item\":{\"@type\":\"WebPage\",\"@id\":\"https:\/\/www.carlosesandoval.com\/es\/nuestros-servicios\/familiar-basado-en-inmigracion\/\",\"url\":\"https:\/\/www.carlosesandoval.com\/es\/nuestros-servicios\/familiar-basado-en-inmigracion\/\",\"name\":\"Inmigraci\\u00f3n Basada en Familia\"}},{\"@type\":\"ListItem\",\"position\":4,\"item\":{\"@type\":\"WebPage\",\"@id\":\"https:\/\/www.carlosesandoval.com\/es\/nuestros-servicios\/familiar-basado-en-inmigracion\/status-de-proteccion-temporal-tps-temporary-protected-status\/\",\"url\":\"https:\/\/www.carlosesandoval.com\/es\/nuestros-servicios\/familiar-basado-en-inmigracion\/status-de-proteccion-temporal-tps-temporary-protected-status\/\",\"name\":\"Status de Protecci\\u00f3n Temporal \\u201c TPS\\u201d (Temporary Protected Status)\"}}]}]}<\/script>\n<!-- \/ Yoast SEO plugin. -->","_links":{"self":[{"href":"https:\/\/www.carlosesandoval.com\/es\/wp-json\/wp\/v2\/pages\/2567","targetHints":{"allow":["GET"]}}],"collection":[{"href":"https:\/\/www.carlosesandoval.com\/es\/wp-json\/wp\/v2\/pages"}],"about":[{"href":"https:\/\/www.carlosesandoval.com\/es\/wp-json\/wp\/v2\/types\/page"}],"author":[{"embeddable":true,"href":"https:\/\/www.carlosesandoval.com\/es\/wp-json\/wp\/v2\/users\/2"}],"replies":[{"embeddable":true,"href":"https:\/\/www.carlosesandoval.com\/es\/wp-json\/wp\/v2\/comments?post=2567"}],"version-history":[{"count":0,"href":"https:\/\/www.carlosesandoval.com\/es\/wp-json\/wp\/v2\/pages\/2567\/revisions"}],"up":[{"embeddable":true,"href":"https:\/\/www.carlosesandoval.com\/es\/wp-json\/wp\/v2\/pages\/2585"}],"wp:featuredmedia":[{"embeddable":true,"href":"https:\/\/www.carlosesandoval.com\/es\/wp-json\/wp\/v2\/media\/6339"}],"wp:attachment":[{"href":"https:\/\/www.carlosesandoval.com\/es\/wp-json\/wp\/v2\/media?parent=2567"}],"curies":[{"name":"wp","href":"https:\/\/api.w.org\/{rel}","templated":true}]}}