{"id":2548,"date":"2020-09-09T02:17:42","date_gmt":"2020-09-09T06:47:42","guid":{"rendered":"https:\/\/carlossandoval.wpengine.com\/?page_id=2548"},"modified":"2021-03-08T01:47:56","modified_gmt":"2021-03-08T06:17:56","slug":"ajuste-cubano","status":"publish","type":"page","link":"https:\/\/www.carlosesandoval.com\/es\/nuestros-servicios\/familiar-basado-en-inmigracion\/ajuste-cubano\/","title":{"rendered":"Ajuste Cubano"},"content":{"rendered":"[vc_row][vc_column]<h3 class=\"vcex-module vcex-heading vcex-heading-plain\" style=\"color:#000000;font-size:1.7142857142857142rem;font-weight:600;\"><span class=\"vcex-heading-inner clr\">Ajuste Cubano<br \/>\n(Ciudadanos Cubanos y sus C\u00f3nyuges)<\/span><\/h3><div class=\"vcex-spacing\" style=\"height:20px\"><\/div>[vc_column_text color=\u00bb#222222&#8243; font_size=\u00bb16px\u00bb]La Ley de Ajuste Cubano de 1996 (CAA) establece un procedimiento especial en virtud del cual los nativos o ciudadanos cubanos y sus c\u00f3nyuges acompa\u00f1antes y ni\u00f1os, pueden obtener un refugio en los Estados Unidos como residentes permanentes legales. El CAA otorga al Fiscal General la facultad de conceder la residencia permanente a los nativos o ciudadanos cubanos que buscan un ajuste de estatus si han estado presentes en los Estados Unidos por lo menos 1 a\u00f1o despu\u00e9s de la admisi\u00f3n o la libertad condicional y son admisibles como inmigrantes. Sus solicitudes de ajuste de estatus puede ser aprobadas incluso si no cumplen con los requisitos ordinarios para el ajuste de estatus bajo la secci\u00f3n 245 del Acta de Inmigraci\u00f3n y Nacionalidad (Ley). Dado que los l\u00edmites a la inmigraci\u00f3n no se aplican a los ajustes previstos en el CAA, no es necesario que el extranjero sea el beneficiario de una petici\u00f3n de visa basada en la familia y basados en el empleo de inmigrantes.[\/vc_column_text]<div class=\"vcex-spacing\" style=\"height:30px\"><\/div>[vc_column_text color=\u00bb#222222&#8243; font_size=\u00bb16px\u00bb]El 30 de septiembre de 1996, el Congreso promulg\u00f3 la Ley de Reforma de la Inmigraci\u00f3n Ilegal y Responsabilidad del Inmigrante (IIRIRA). IIRIRA hizo varios cambios integrales a las leyes de inmigraci\u00f3n. En particular, IIRIRA se\u00f1al\u00f3 que la llegada a los Estados Unidos a un lugar que no sea un puerto de entrada es un motivo de inadmisibilidad. Sin embargo, despu\u00e9s de una seria consideraci\u00f3n de IIRIRA, el Servicio estableci\u00f3 que un nativo o ciudadano cubano que llega a un lugar que no sea un puerto de entrada puede ser elegible para ajuste de estatus, si el servicio ha puesto en libertad condicional el extranjero en los Estados Unidos Estados.[\/vc_column_text]<div class=\"vcex-spacing\" style=\"height:15px\"><\/div>[\/vc_column][\/vc_row][vc_row][vc_column]<div class=\"vcex-spacing\" style=\"height:10px\"><\/div><h3 class=\"vcex-module vcex-heading vcex-heading-plain\" style=\"color:#000000;font-size:1.7142857142857142rem;font-weight:600;\"><span class=\"vcex-heading-inner clr\">Elegibilidad<\/span><\/h3><div class=\"vcex-spacing\" style=\"height:20px\"><\/div>[vc_column_text color=\u00bb#222222&#8243; font_size=\u00bb16px\u00bb]Nativos o ciudadanos cubanos pueden solicitar el ajuste de estatus si han estado presentes en los Estados Unidos por lo menos 1 a\u00f1o desde la admisi\u00f3n o libertad condicional y son admisibles como inmigrantes. El delito de carga p\u00fablica de inadmisibilidad no se aplica a los solicitantes que solicitaron beneficios bajo la Ley de Ajuste Cubano. Tampoco aplica estatus de inadmisibilidad por haber llegado a un lugar que no sea un puerto abierto de entrada se aplican. Un nativo o ciudadano cubano que llega a un lugar que no sea un puerto de entrada, por lo tanto, sigue siendo elegible para ajuste de estatus, siempre y cuando \u00e9l o ella han sido puestos en libertad condicional. Si el solicitante es inadmisible por cualquier otro motivo, el solicitante no es elegible para el ajuste bajo el CAA a menos que el solicitante sea elegible para, y haya obtenido una excepcion de inadmisibilidad.[\/vc_column_text]<div class=\"vcex-spacing\" style=\"height:10px\"><\/div>[\/vc_column][\/vc_row][vc_row][vc_column]<div class=\"vcex-spacing\" style=\"height:10px\"><\/div><h3 class=\"vcex-module vcex-heading vcex-heading-plain\" style=\"color:#000000;font-size:1.7142857142857142rem;font-weight:600;\"><span class=\"vcex-heading-inner clr\">Informaci\u00f3n sobre miembros de la familia<\/span><\/h3><div class=\"vcex-spacing\" style=\"height:20px\"><\/div>[vc_column_text color=\u00bb#222222&#8243; font_size=\u00bb16px\u00bb]El CAA se aplica al c\u00f3nyuge del extranjero y los ni\u00f1os, independientemente de su pa\u00eds de nacionalidad o lugar de nacimiento, siempre que:[\/vc_column_text]<div class=\"vcex-spacing\" style=\"height:20px\"><\/div><div style=\"color:#222222;font-size:1.1428571428571428rem;\" class=\"vcex-module vcex-bullets custom-icon\">\n<ul>\n<li><div class=\"vcex-bullets-ci-wrap\"><span class=\"vcex-icon-wrap\"><span class=\"vcex-icon ticon ticon-angle-right\" style=\"color:#c79d63\" aria-hidden=\"true\"><\/span><\/span><div class=\"vcex-content\">la relaci\u00f3n contin\u00faa existiendo hasta que el c\u00f3nyuge o hijo a cargo ajusta su estatus.<\/div><\/div><\/li>\n<li><div class=\"vcex-bullets-ci-wrap\"><span class=\"vcex-icon-wrap\"><span class=\"vcex-icon ticon ticon-angle-right\" style=\"color:#c79d63\" aria-hidden=\"true\"><\/span><\/span><div class=\"vcex-content\">Residen con el solicitante principal en los Estados Unidos.<\/div><\/div><\/li>\n<li><div class=\"vcex-bullets-ci-wrap\"><span class=\"vcex-icon-wrap\"><span class=\"vcex-icon ticon ticon-angle-right\" style=\"color:#c79d63\" aria-hidden=\"true\"><\/span><\/span><div class=\"vcex-content\">Hacen una solicitud de ajuste de estatus bajo la Ley de Ajuste Cubano.<\/div><\/div><\/li>\n<li><div class=\"vcex-bullets-ci-wrap\"><span class=\"vcex-icon-wrap\"><span class=\"vcex-icon ticon ticon-angle-right\" style=\"color:#c79d63\" aria-hidden=\"true\"><\/span><\/span><div class=\"vcex-content\">Son elegibles para recibir una visa de inmigrante.<\/div><\/div><\/li>\n<li><div class=\"vcex-bullets-ci-wrap\"><span class=\"vcex-icon-wrap\"><span class=\"vcex-icon ticon ticon-angle-right\" style=\"color:#c79d63\" aria-hidden=\"true\"><\/span><\/span><div class=\"vcex-content\">Son de otra manera admisibles en los Estados Unidos como residente permanente.<\/div><\/div><\/li>\n<\/ul>\n<\/div><div class=\"vcex-spacing\" style=\"height:10px\"><\/div>[\/vc_column][\/vc_row][vc_row css=\u00bb.vc_custom_1599459650954{margin-top: 10px !important;padding-right: 10px !important;padding-bottom: 10px !important;padding-left: 10px !important;background-color: #f7f7f7 !important;}\u00bb][vc_column]<div class=\"vcex-spacing\" style=\"height:20px\"><\/div>[vc_column_text color=\u00bb#222222&#8243; font_size=\u00bb16px\u00bb]Tenga en cuenta que la Ley de Inmigraci\u00f3n y Nacionalidad define como \u201cni\u00f1o\u201d, a los hijos de una persona que son solteros y a\u00fan no cumplen los 21 a\u00f1os de edad. Hijastros, hijos adoptivos y los ni\u00f1os nacidos fuera del matrimonio puede calificar como \u201cni\u00f1os\u201d bajo propositos del ajuste CAA, si la supuesta relaci\u00f3n padre-hijo cumple con los requisitos especificados en la secci\u00f3n 101 (b) (1) de la Ley de Inmigraci\u00f3n y Nacionalidad Actuar.[\/vc_column_text]<div class=\"vcex-spacing\" style=\"height:20px\"><\/div>[\/vc_column][\/vc_row][vc_row][vc_column]<div class=\"vcex-spacing\" style=\"height:20px\"><\/div><h3 class=\"vcex-module vcex-heading vcex-heading-plain\" style=\"color:#000000;font-size:1.7142857142857142rem;font-weight:600;\"><span class=\"vcex-heading-inner clr\">Documentos Necesarios<\/span><\/h3><div class=\"vcex-spacing\" style=\"height:20px\"><\/div><div style=\"color:#222222;font-size:1.1428571428571428rem;\" class=\"vcex-module vcex-bullets custom-icon\">\n<ul>\n<li><div class=\"vcex-bullets-ci-wrap\"><span class=\"vcex-icon-wrap\"><span class=\"vcex-icon ticon ticon-angle-right\" style=\"color:#c79d63\" aria-hidden=\"true\"><\/span><\/span><div class=\"vcex-content\">Un formulario independiente I-485, Solicitud para Registrar Residencia Permanente o Ajuste de Estatus, junto con la cuota, por cada solicitante<\/div><\/div><\/li>\n<li><div class=\"vcex-bullets-ci-wrap\"><span class=\"vcex-icon-wrap\"><span class=\"vcex-icon ticon ticon-angle-right\" style=\"color:#c79d63\" aria-hidden=\"true\"><\/span><\/span><div class=\"vcex-content\">Una copia del acta de nacimiento del solicitante o su acta de nacimiento con otra traducci\u00f3n, si la tiene<\/div><\/div><\/li>\n<li><div class=\"vcex-bullets-ci-wrap\"><span class=\"vcex-icon-wrap\"><span class=\"vcex-icon ticon ticon-angle-right\" style=\"color:#c79d63\" aria-hidden=\"true\"><\/span><\/span><div class=\"vcex-content\">Un cargo adicional para la huella dactilar, si el solicitante tiene 14 a\u00f1os de edad o m\u00e1s<\/div><\/div><\/li>\n<li><div class=\"vcex-bullets-ci-wrap\"><span class=\"vcex-icon-wrap\"><span class=\"vcex-icon ticon ticon-angle-right\" style=\"color:#c79d63\" aria-hidden=\"true\"><\/span><\/span><div class=\"vcex-content\">Dos fotograf\u00edas tal como se describe en el Formulario I-485 instrucciones<\/div><\/div><\/li>\n<li><div class=\"vcex-bullets-ci-wrap\"><span class=\"vcex-icon-wrap\"><span class=\"vcex-icon ticon ticon-angle-right\" style=\"color:#c79d63\" aria-hidden=\"true\"><\/span><\/span><div class=\"vcex-content\">Una hoja completa de informaci\u00f3n biogr\u00e1fica (Formulario G-325A) si el solicitante tiene entre 14 y 79 a\u00f1os de edad<\/div><\/div><\/li>\n<li><div class=\"vcex-bullets-ci-wrap\"><span class=\"vcex-icon-wrap\"><span class=\"vcex-icon ticon ticon-angle-right\" style=\"color:#c79d63\" aria-hidden=\"true\"><\/span><\/span><div class=\"vcex-content\">Una copia de Entrada y Salida del solicitante (formulario I-94) u otra prueba de inspecci\u00f3n y admisi\u00f3n o libertad condicional en los Estados Unidos<\/div><\/div><\/li>\n<li><div class=\"vcex-bullets-ci-wrap\"><span class=\"vcex-icon-wrap\"><span class=\"vcex-icon ticon ticon-angle-right\" style=\"color:#c79d63\" aria-hidden=\"true\"><\/span><\/span><div class=\"vcex-content\">Informe m\u00e9dico con el Suplemento de vacunaci\u00f3n<\/div><\/div><\/li>\n<li><div class=\"vcex-bullets-ci-wrap\"><span class=\"vcex-icon-wrap\"><span class=\"vcex-icon ticon ticon-angle-right\" style=\"color:#c79d63\" aria-hidden=\"true\"><\/span><\/span><div class=\"vcex-content\">Evidencia de la presencia f\u00edsica de un a\u00f1o<\/div><\/div><\/li>\n<\/ul>\n<\/div>[\/vc_column][\/vc_row][vc_row][vc_column]<div class=\"vcex-spacing\" style=\"height:30px\"><\/div>[\/vc_column][\/vc_row]\n","protected":false},"excerpt":{"rendered":"<p>La Ley de Ajuste Cubano de 1996 (CAA) establece un procedimiento especial en virtud del cual los nativos o ciudadanos cubanos y sus c\u00f3nyuges\u2026<\/p>\n","protected":false},"author":2,"featured_media":6340,"parent":2585,"menu_order":0,"comment_status":"closed","ping_status":"closed","template":"","meta":{"_joinchat":[],"footnotes":""},"class_list":["post-2548","page","type-page","status-publish","has-post-thumbnail","hentry","entry","has-media"],"yoast_head":"<!-- This site is optimized with the Yoast SEO plugin v15.3 - https:\/\/yoast.com\/wordpress\/plugins\/seo\/ -->\n<title>Ajuste Cubano | Bilingual Immigration Attorney in South Florida - Bilingual Immigration Attorney in South Florida<\/title>\n<meta name=\"robots\" content=\"index, follow, max-snippet:-1, max-image-preview:large, max-video-preview:-1\" \/>\n<link rel=\"canonical\" href=\"https:\/\/www.carlosesandoval.com\/es\/nuestros-servicios\/familiar-basado-en-inmigracion\/ajuste-cubano\/\" \/>\n<meta property=\"og:locale\" content=\"es_ES\" \/>\n<meta property=\"og:type\" content=\"article\" \/>\n<meta property=\"og:title\" content=\"Ajuste Cubano | Bilingual Immigration Attorney in South Florida - Bilingual Immigration Attorney in South Florida\" \/>\n<meta property=\"og:description\" content=\"La Ley de Ajuste Cubano de 1996 (CAA) establece un procedimiento especial en virtud del cual los nativos o ciudadanos cubanos y sus c\u00f3nyuges\u2026\" \/>\n<meta property=\"og:url\" content=\"https:\/\/www.carlosesandoval.com\/es\/nuestros-servicios\/familiar-basado-en-inmigracion\/ajuste-cubano\/\" \/>\n<meta property=\"og:site_name\" content=\"Carlos Sandoval\" \/>\n<meta property=\"article:publisher\" content=\"https:\/\/www.facebook.com\/carlosesandovalpa\" \/>\n<meta property=\"article:author\" content=\"http:\/\/www.facebook.com\/carlosesandovalpa\" \/>\n<meta property=\"article:modified_time\" content=\"2021-03-08T06:17:56+00:00\" \/>\n<meta property=\"og:image\" content=\"https:\/\/www.carlosesandoval.com\/wp-content\/uploads\/2020\/12\/special_immigrant_3.jpg\" \/>\n\t<meta property=\"og:image:width\" content=\"288\" \/>\n\t<meta property=\"og:image:height\" content=\"95\" \/>\n<meta name=\"twitter:card\" content=\"summary_large_image\" \/>\n<meta name=\"twitter:title\" content=\"Ajuste Cubano | Bilingual Immigration Attorney in South Florida - Bilingual Immigration Attorney in South Florida\" \/>\n<meta name=\"twitter:label1\" content=\"Escrito por\">\n\t<meta name=\"twitter:data1\" content=\"Carlos Sandoval\">\n\t<meta name=\"twitter:label2\" content=\"Tiempo de lectura\">\n\t<meta name=\"twitter:data2\" content=\"4 minutos\">\n<script type=\"application\/ld+json\" class=\"yoast-schema-graph\">{\"@context\":\"https:\/\/schema.org\",\"@graph\":[{\"@type\":\"Organization\",\"@id\":\"https:\/\/www.carlosesandoval.com\/#organization\",\"name\":\"Carlos E. Sandoval, P.A.\",\"url\":\"https:\/\/www.carlosesandoval.com\/\",\"sameAs\":[\"https:\/\/www.facebook.com\/carlosesandovalpa\",\"https:\/\/www.instagram.com\/carlosesandovalpa\/\",\"https:\/\/www.linkedin.com\/in\/carlosesandoval\/\",\"https:\/\/www.youtube.com\/channel\/UCjV8Lal1X8egP2Wi1r6-eLg\"],\"logo\":{\"@type\":\"ImageObject\",\"@id\":\"https:\/\/www.carlosesandoval.com\/#logo\",\"inLanguage\":\"es\",\"url\":\"https:\/\/www.carlosesandoval.com\/wp-content\/uploads\/2022\/05\/logo-2x-retina.png\",\"width\":848,\"height\":134,\"caption\":\"Carlos E. Sandoval, P.A.\"},\"image\":{\"@id\":\"https:\/\/www.carlosesandoval.com\/#logo\"}},{\"@type\":\"WebSite\",\"@id\":\"https:\/\/www.carlosesandoval.com\/#website\",\"url\":\"https:\/\/www.carlosesandoval.com\/\",\"name\":\"Carlos Sandoval, P.A.\",\"description\":\"\",\"publisher\":{\"@id\":\"https:\/\/www.carlosesandoval.com\/#organization\"},\"potentialAction\":[{\"@type\":\"SearchAction\",\"target\":\"https:\/\/www.carlosesandoval.com\/?s={search_term_string}\",\"query-input\":\"required name=search_term_string\"}],\"inLanguage\":\"es\"},{\"@type\":\"ImageObject\",\"@id\":\"https:\/\/www.carlosesandoval.com\/es\/nuestros-servicios\/familiar-basado-en-inmigracion\/ajuste-cubano\/#primaryimage\",\"inLanguage\":\"es\",\"url\":\"https:\/\/www.carlosesandoval.com\/wp-content\/uploads\/2020\/12\/special_immigrant_3.jpg\",\"width\":288,\"height\":95,\"caption\":\"Cuban Adjustment\"},{\"@type\":\"WebPage\",\"@id\":\"https:\/\/www.carlosesandoval.com\/es\/nuestros-servicios\/familiar-basado-en-inmigracion\/ajuste-cubano\/#webpage\",\"url\":\"https:\/\/www.carlosesandoval.com\/es\/nuestros-servicios\/familiar-basado-en-inmigracion\/ajuste-cubano\/\",\"name\":\"Ajuste Cubano | Bilingual Immigration Attorney in South Florida - Bilingual Immigration Attorney in South Florida\",\"isPartOf\":{\"@id\":\"https:\/\/www.carlosesandoval.com\/#website\"},\"primaryImageOfPage\":{\"@id\":\"https:\/\/www.carlosesandoval.com\/es\/nuestros-servicios\/familiar-basado-en-inmigracion\/ajuste-cubano\/#primaryimage\"},\"datePublished\":\"2020-09-09T06:47:42+00:00\",\"dateModified\":\"2021-03-08T06:17:56+00:00\",\"breadcrumb\":{\"@id\":\"https:\/\/www.carlosesandoval.com\/es\/nuestros-servicios\/familiar-basado-en-inmigracion\/ajuste-cubano\/#breadcrumb\"},\"inLanguage\":\"es\",\"potentialAction\":[{\"@type\":\"ReadAction\",\"target\":[\"https:\/\/www.carlosesandoval.com\/es\/nuestros-servicios\/familiar-basado-en-inmigracion\/ajuste-cubano\/\"]}]},{\"@type\":\"BreadcrumbList\",\"@id\":\"https:\/\/www.carlosesandoval.com\/es\/nuestros-servicios\/familiar-basado-en-inmigracion\/ajuste-cubano\/#breadcrumb\",\"itemListElement\":[{\"@type\":\"ListItem\",\"position\":1,\"item\":{\"@type\":\"WebPage\",\"@id\":\"https:\/\/www.carlosesandoval.com\/\",\"url\":\"https:\/\/www.carlosesandoval.com\/\",\"name\":\"Home\"}},{\"@type\":\"ListItem\",\"position\":2,\"item\":{\"@type\":\"WebPage\",\"@id\":\"https:\/\/www.carlosesandoval.com\/es\/nuestros-servicios\/\",\"url\":\"https:\/\/www.carlosesandoval.com\/es\/nuestros-servicios\/\",\"name\":\"Nuestros Servicios\"}},{\"@type\":\"ListItem\",\"position\":3,\"item\":{\"@type\":\"WebPage\",\"@id\":\"https:\/\/www.carlosesandoval.com\/es\/nuestros-servicios\/familiar-basado-en-inmigracion\/\",\"url\":\"https:\/\/www.carlosesandoval.com\/es\/nuestros-servicios\/familiar-basado-en-inmigracion\/\",\"name\":\"Inmigraci\\u00f3n Basada en Familia\"}},{\"@type\":\"ListItem\",\"position\":4,\"item\":{\"@type\":\"WebPage\",\"@id\":\"https:\/\/www.carlosesandoval.com\/es\/nuestros-servicios\/familiar-basado-en-inmigracion\/ajuste-cubano\/\",\"url\":\"https:\/\/www.carlosesandoval.com\/es\/nuestros-servicios\/familiar-basado-en-inmigracion\/ajuste-cubano\/\",\"name\":\"Ajuste Cubano\"}}]}]}<\/script>\n<!-- \/ Yoast SEO plugin. -->","_links":{"self":[{"href":"https:\/\/www.carlosesandoval.com\/es\/wp-json\/wp\/v2\/pages\/2548","targetHints":{"allow":["GET"]}}],"collection":[{"href":"https:\/\/www.carlosesandoval.com\/es\/wp-json\/wp\/v2\/pages"}],"about":[{"href":"https:\/\/www.carlosesandoval.com\/es\/wp-json\/wp\/v2\/types\/page"}],"author":[{"embeddable":true,"href":"https:\/\/www.carlosesandoval.com\/es\/wp-json\/wp\/v2\/users\/2"}],"replies":[{"embeddable":true,"href":"https:\/\/www.carlosesandoval.com\/es\/wp-json\/wp\/v2\/comments?post=2548"}],"version-history":[{"count":0,"href":"https:\/\/www.carlosesandoval.com\/es\/wp-json\/wp\/v2\/pages\/2548\/revisions"}],"up":[{"embeddable":true,"href":"https:\/\/www.carlosesandoval.com\/es\/wp-json\/wp\/v2\/pages\/2585"}],"wp:featuredmedia":[{"embeddable":true,"href":"https:\/\/www.carlosesandoval.com\/es\/wp-json\/wp\/v2\/media\/6340"}],"wp:attachment":[{"href":"https:\/\/www.carlosesandoval.com\/es\/wp-json\/wp\/v2\/media?parent=2548"}],"curies":[{"name":"wp","href":"https:\/\/api.w.org\/{rel}","templated":true}]}}