{"id":2504,"date":"2020-09-09T00:46:49","date_gmt":"2020-09-09T05:16:49","guid":{"rendered":"https:\/\/carlossandoval.wpengine.com\/?page_id=2504"},"modified":"2021-03-08T01:45:22","modified_gmt":"2021-03-08T06:15:22","slug":"perdones-de-inadmisibilidad","status":"publish","type":"page","link":"https:\/\/www.carlosesandoval.com\/es\/nuestros-servicios\/familiar-basado-en-inmigracion\/perdones-de-inadmisibilidad\/","title":{"rendered":"Perdones de Inadmisibilidad"},"content":{"rendered":"[vc_row][vc_column][vc_column_text color=\u00bb#222222&#8243; font_size=\u00bb16px\u00bb]Una persona no elegible para ser admitida en los Estados Unidos o para ajustar su estatus puede obtener admisi\u00f3n legal mediante la presentaci\u00f3n de una solicitud de suspensi\u00f3n de los motivos de inadmisibilidad.[\/vc_column_text]<div class=\"vcex-spacing\" style=\"height:30px\"><\/div><h3 class=\"vcex-module vcex-heading vcex-heading-plain\" style=\"color:#000000;font-size:1.7142857142857142rem;font-weight:600;\"><span class=\"vcex-heading-inner clr\">Personas Elegibles<\/span><\/h3><div class=\"vcex-spacing\" style=\"height:20px\"><\/div>[vc_column_text color=\u00bb#222222&#8243; font_size=\u00bb16px\u00bb]Tanto los inmigrantes (con intenci\u00f3n de residentes permanentes) y los no inmigrantes (visitantes temporales) pueden solicitar la excepci\u00f3n (waiver) de la mayor\u00eda de los motivos de inadmisibilidad, aunque las posibilidades de \u00e9xito variar\u00e1n basado en funci\u00f3n de la causa de inadmisibilidad y lo que se llama las \u201cacciones\u201d del caso. Es decir, es importante y necesario a menudo mostrar lazos con los Estados Unidos (por ejemplo, miembros de la familia o haber sido residente por largo tiempo) y dar la impresi\u00f3n de que, en conjunto, una excepci\u00f3n es m\u00e1s justa que una negaci\u00f3n. Si es posible, tambi\u00e9n mostrar que permitir que la persona se quede ser\u00e1 ventajoso para los EE.UU. de alguna forma.[\/vc_column_text]<div class=\"vcex-spacing\" style=\"height:20px\"><\/div>[\/vc_column][\/vc_row][vc_row][vc_column]<div class=\"vcex-spacing\" style=\"height:25px\"><\/div><h3 class=\"vcex-module vcex-heading vcex-heading-plain\" style=\"color:#000000;font-size:1.7142857142857142rem;font-weight:600;\"><span class=\"vcex-heading-inner clr\">Motivos de Inadmisibilidad<\/span><\/h3><div class=\"vcex-spacing\" style=\"height:20px\"><\/div>[vc_column_text color=\u00bb#222222&#8243; font_size=\u00bb16px\u00bb]Un extranjero elegible puede solicitar una excepci\u00f3n (Perd\u00f3n) \u00fanicamente con las siguientes \u201crazones de inadmisibilidad\u201d:[\/vc_column_text]<div class=\"vcex-spacing\" style=\"height:20px\"><\/div><div style=\"color:#222222;font-size:1.1428571428571428rem;\" class=\"vcex-module vcex-bullets custom-icon\">\n<ul>\n<li><div class=\"vcex-bullets-ci-wrap\"><span class=\"vcex-icon-wrap\"><span class=\"vcex-icon ticon ticon-angle-right\" style=\"color:#c79d63\" aria-hidden=\"true\"><\/span><\/span><div class=\"vcex-content\">No poseer la documentaci\u00f3n necesaria, como tarjetas de residencia, pasaportes o visas de EE.UU.<\/div><\/div><\/li>\n<li><div class=\"vcex-bullets-ci-wrap\"><span class=\"vcex-icon-wrap\"><span class=\"vcex-icon ticon ticon-angle-right\" style=\"color:#c79d63\" aria-hidden=\"true\"><\/span><\/span><div class=\"vcex-content\">Motivos relacionados con la salud tales como las enfermedades transmisibles y los trastornos del comportamiento<\/div><\/div><\/li>\n<li><div class=\"vcex-bullets-ci-wrap\"><span class=\"vcex-icon-wrap\"><span class=\"vcex-icon ticon ticon-angle-right\" style=\"color:#c79d63\" aria-hidden=\"true\"><\/span><\/span><div class=\"vcex-content\">Ciertos motivos penales, como los delitos de \u201cvileza moral\u201d, sustancias controladas, la prostituci\u00f3n y otros delitos graves<\/div><\/div><\/li>\n<li><div class=\"vcex-bullets-ci-wrap\"><span class=\"vcex-icon-wrap\"><span class=\"vcex-icon ticon ticon-angle-right\" style=\"color:#c79d63\" aria-hidden=\"true\"><\/span><\/span><div class=\"vcex-content\">Inmigraci\u00f3n fraude o tergiversaci\u00f3n<\/div><\/div><\/li>\n<li><div class=\"vcex-bullets-ci-wrap\"><span class=\"vcex-icon-wrap\"><span class=\"vcex-icon ticon ticon-angle-right\" style=\"color:#c79d63\" aria-hidden=\"true\"><\/span><\/span><div class=\"vcex-content\">La pertenencia a un partido totalitario<\/div><\/div><\/li>\n<li><div class=\"vcex-bullets-ci-wrap\"><span class=\"vcex-icon-wrap\"><span class=\"vcex-icon ticon ticon-angle-right\" style=\"color:#c79d63\" aria-hidden=\"true\"><\/span><\/span><div class=\"vcex-content\">El contrabando de extranjeros<\/div><\/div><\/li>\n<li><div class=\"vcex-bullets-ci-wrap\"><span class=\"vcex-icon-wrap\"><span class=\"vcex-icon ticon ticon-angle-right\" style=\"color:#c79d63\" aria-hidden=\"true\"><\/span><\/span><div class=\"vcex-content\">La presencia ilegal en los EE.UU.<\/div><\/div><\/li>\n<li><div class=\"vcex-bullets-ci-wrap\"><span class=\"vcex-icon-wrap\"><span class=\"vcex-icon ticon ticon-angle-right\" style=\"color:#c79d63\" aria-hidden=\"true\"><\/span><\/span><div class=\"vcex-content\">Ciertos motivos de inadmisibilidad si se presenta por un solicitante de Estado Protegido Temporalmente<\/div><\/div><\/li>\n<li><div class=\"vcex-bullets-ci-wrap\"><span class=\"vcex-icon-wrap\"><span class=\"vcex-icon ticon ticon-angle-right\" style=\"color:#c79d63\" aria-hidden=\"true\"><\/span><\/span><div class=\"vcex-content\">Inadmisibilidad basada en la deportaci\u00f3n previa o presencia ilegal despu\u00e9s de violaciones de inmigraci\u00f3n anteriores (HRIFA y solicitantes de NACARA)<\/div><\/div><\/li>\n<li><div class=\"vcex-bullets-ci-wrap\"><span class=\"vcex-icon-wrap\"><span class=\"vcex-icon ticon ticon-angle-right\" style=\"color:#c79d63\" aria-hidden=\"true\"><\/span><\/span><div class=\"vcex-content\">La presencia ilegal despu\u00e9s de una violaci\u00f3n migratoria previa (VAWA propio peticionario)<\/div><\/div><\/li>\n<li><div class=\"vcex-bullets-ci-wrap\"><span class=\"vcex-icon-wrap\"><span class=\"vcex-icon ticon ticon-angle-right\" style=\"color:#c79d63\" aria-hidden=\"true\"><\/span><\/span><div class=\"vcex-content\">La posibilidad de convertirse en una carga p\u00fablica \u2013 en la c\u00e1rcel, o recibir beneficios p\u00fablicos (wellfare)<\/div><\/div><\/li>\n<\/ul>\n<\/div><div class=\"vcex-spacing\" style=\"height:20px\"><\/div>[\/vc_column][\/vc_row][vc_row][vc_column]<h3 class=\"vcex-module vcex-heading vcex-heading-plain\" style=\"color:#000000;font-size:1.7142857142857142rem;font-weight:600;\"><span class=\"vcex-heading-inner clr\">Documentos Requeridos<\/span><\/h3><div class=\"vcex-spacing\" style=\"height:20px\"><\/div>[vc_column_text color=\u00bb#222222&#8243; font_size=\u00bb16px\u00bb]El solicitante es responsable de cumplir con todos los requisitos para obtener el derecho de excepci\u00f3n (Perd\u00f3n) de inadmisibilidad y tiene que demostrar que es merecedor de la ayuda solicitada. Dependiendo del tipo de perd\u00f3n solicitado, el solicitante necesitara a presentar los siguientes documentos:[\/vc_column_text]<div class=\"vcex-spacing\" style=\"height:20px\"><\/div><div style=\"color:#222222;font-size:1.1428571428571428rem;\" class=\"vcex-module vcex-bullets custom-icon\">\n<ul>\n<li><div class=\"vcex-bullets-ci-wrap\"><span class=\"vcex-icon-wrap\"><span class=\"vcex-icon ticon ticon-angle-right\" style=\"color:#c79d63\" aria-hidden=\"true\"><\/span><\/span><div class=\"vcex-content\">Declaraciones legales por escrito de la persona extranjera o de otra \u00edndole en apoyo de la solicitud.<\/div><\/div><\/li>\n<li><div class=\"vcex-bullets-ci-wrap\"><span class=\"vcex-icon-wrap\"><span class=\"vcex-icon ticon ticon-angle-right\" style=\"color:#c79d63\" aria-hidden=\"true\"><\/span><\/span><div class=\"vcex-content\">Informes de la polic\u00eda de su pa\u00eds de origen<\/div><\/div><\/li>\n<li><div class=\"vcex-bullets-ci-wrap\"><span class=\"vcex-icon-wrap\"><span class=\"vcex-icon ticon ticon-angle-right\" style=\"color:#c79d63\" aria-hidden=\"true\"><\/span><\/span><div class=\"vcex-content\">Todos los registros de la corte de cualquier condena o cargos de cualquier pa\u00eds<\/div><\/div><\/li>\n<li><div class=\"vcex-bullets-ci-wrap\"><span class=\"vcex-icon-wrap\"><span class=\"vcex-icon ticon ticon-angle-right\" style=\"color:#c79d63\" aria-hidden=\"true\"><\/span><\/span><div class=\"vcex-content\">Evidencia de rehabilitaci\u00f3n, si es necesario<\/div><\/div><\/li>\n<li><div class=\"vcex-bullets-ci-wrap\"><span class=\"vcex-icon-wrap\"><span class=\"vcex-icon ticon ticon-angle-right\" style=\"color:#c79d63\" aria-hidden=\"true\"><\/span><\/span><div class=\"vcex-content\">Evidencia que muestre que el otorgar una excepci\u00f3n (waiver) no ser\u00eda riesgo publico o nacional<\/div><\/div><\/li>\n<li><div class=\"vcex-bullets-ci-wrap\"><span class=\"vcex-icon-wrap\"><span class=\"vcex-icon ticon ticon-angle-right\" style=\"color:#c79d63\" aria-hidden=\"true\"><\/span><\/span><div class=\"vcex-content\">Informes m\u00e9dicos<\/div><\/div><\/li>\n<li><div class=\"vcex-bullets-ci-wrap\"><span class=\"vcex-icon-wrap\"><span class=\"vcex-icon ticon ticon-angle-right\" style=\"color:#c79d63\" aria-hidden=\"true\"><\/span><\/span><div class=\"vcex-content\">Evidencia de agresi\u00f3n o crueldad extrema<\/div><\/div><\/li>\n<\/ul>\n<\/div><div class=\"vcex-spacing\" style=\"height:10px\"><\/div>[\/vc_column][\/vc_row][vc_row][vc_column]<div class=\"vcex-spacing\" style=\"height:5px\"><\/div><h3 class=\"vcex-module vcex-heading vcex-heading-plain\" style=\"color:#000000;font-size:1.7142857142857142rem;font-weight:600;\"><span class=\"vcex-heading-inner clr\">Razones por las cuales se pueden otorgar excepciones (Perdones)<\/span><\/h3><div class=\"vcex-spacing\" style=\"height:20px\"><\/div>[vc_column_text color=\u00bb#222222&#8243; font_size=\u00bb16px\u00bb]En general, los perdones de inadmisibilidad se otorgan por las siguientes razones:[\/vc_column_text]<div class=\"vcex-spacing\" style=\"height:20px\"><\/div><div style=\"color:#222222;font-size:1.1428571428571428rem;\" class=\"vcex-module vcex-bullets custom-icon\">\n<ul>\n<li><div class=\"vcex-bullets-ci-wrap\"><span class=\"vcex-icon-wrap\"><span class=\"vcex-icon ticon ticon-angle-right\" style=\"color:#c79d63\" aria-hidden=\"true\"><\/span><\/span><div class=\"vcex-content\">Dificultad extrema para los familiares que califican<\/div><\/div><\/li>\n<li><div class=\"vcex-bullets-ci-wrap\"><span class=\"vcex-icon-wrap\"><span class=\"vcex-icon ticon ticon-angle-right\" style=\"color:#c79d63\" aria-hidden=\"true\"><\/span><\/span><div class=\"vcex-content\">Los riesgos para el p\u00fablico son m\u00ednimos<\/div><\/div><\/li>\n<li><div class=\"vcex-bullets-ci-wrap\"><span class=\"vcex-icon-wrap\"><span class=\"vcex-icon ticon ticon-angle-right\" style=\"color:#c79d63\" aria-hidden=\"true\"><\/span><\/span><div class=\"vcex-content\">La excepci\u00f3n es con prop\u00f3sito humanitario<\/div><\/div><\/li>\n<li><div class=\"vcex-bullets-ci-wrap\"><span class=\"vcex-icon-wrap\"><span class=\"vcex-icon ticon ticon-angle-right\" style=\"color:#c79d63\" aria-hidden=\"true\"><\/span><\/span><div class=\"vcex-content\">Renuncia a los intereses p\u00fablicos<\/div><\/div><\/li>\n<li><div class=\"vcex-bullets-ci-wrap\"><span class=\"vcex-icon-wrap\"><span class=\"vcex-icon ticon ticon-angle-right\" style=\"color:#c79d63\" aria-hidden=\"true\"><\/span><\/span><div class=\"vcex-content\">La excepci\u00f3n mantendr\u00eda la unidad familiar<\/div><\/div><\/li>\n<\/ul>\n<\/div><div class=\"vcex-spacing\" style=\"height:10px\"><\/div>[vc_column_text color=\u00bb#222222&#8243; font_size=\u00bb16px\u00bb]Cualquier falsificaci\u00f3n u ocultar hechos materiales cuando se busca obtener un perd\u00f3n o excepci\u00f3n puede causar que este perd\u00f3n sea negado y puede resultar en la negaci\u00f3n de otros beneficios relacionados con inmigraci\u00f3n. Adem\u00e1s, puede estar sujeto a un proceso criminal.[\/vc_column_text]<div class=\"vcex-spacing\" style=\"height:10px\"><\/div>[\/vc_column][\/vc_row][vc_row][vc_column]<div class=\"vcex-spacing\" style=\"height:40px\"><\/div>[\/vc_column][\/vc_row]\n","protected":false},"excerpt":{"rendered":"<p>Una persona no elegible para ser admitido en los Estados Unidos o para ajustar su estatus, pueden obtener una admisi\u00f3n legal por\u2026<\/p>\n","protected":false},"author":2,"featured_media":6308,"parent":2585,"menu_order":21,"comment_status":"closed","ping_status":"closed","template":"","meta":{"_joinchat":[],"footnotes":""},"class_list":["post-2504","page","type-page","status-publish","has-post-thumbnail","hentry","entry","has-media"],"yoast_head":"<!-- This site is optimized with the Yoast SEO plugin v15.3 - https:\/\/yoast.com\/wordpress\/plugins\/seo\/ -->\n<title>Perdones de inadmisibilidad | Bilingual Immigration Attorney in South Florida - Bilingual Immigration Attorney in South Florida<\/title>\n<meta name=\"robots\" content=\"index, follow, max-snippet:-1, max-image-preview:large, max-video-preview:-1\" \/>\n<link rel=\"canonical\" href=\"https:\/\/www.carlosesandoval.com\/es\/nuestros-servicios\/familiar-basado-en-inmigracion\/perdones-de-inadmisibilidad\/\" \/>\n<meta property=\"og:locale\" content=\"es_ES\" \/>\n<meta property=\"og:type\" content=\"article\" \/>\n<meta property=\"og:title\" content=\"Perdones de inadmisibilidad | Bilingual Immigration Attorney in South Florida - Bilingual Immigration Attorney in South Florida\" \/>\n<meta property=\"og:description\" content=\"Una persona no elegible para ser admitido en los Estados Unidos o para ajustar su estatus, pueden obtener una admisi\u00f3n legal por\u2026\" \/>\n<meta property=\"og:url\" content=\"https:\/\/www.carlosesandoval.com\/es\/nuestros-servicios\/familiar-basado-en-inmigracion\/perdones-de-inadmisibilidad\/\" \/>\n<meta property=\"og:site_name\" content=\"Carlos Sandoval\" \/>\n<meta property=\"article:publisher\" content=\"https:\/\/www.facebook.com\/carlosesandovalpa\" \/>\n<meta property=\"article:author\" content=\"http:\/\/www.facebook.com\/carlosesandovalpa\" \/>\n<meta property=\"article:modified_time\" content=\"2021-03-08T06:15:22+00:00\" \/>\n<meta property=\"og:image\" content=\"https:\/\/www.carlosesandoval.com\/wp-content\/uploads\/2020\/12\/family_base_immigration_5.jpg\" \/>\n\t<meta property=\"og:image:width\" content=\"288\" \/>\n\t<meta property=\"og:image:height\" content=\"95\" \/>\n<meta name=\"twitter:card\" content=\"summary_large_image\" \/>\n<meta name=\"twitter:title\" content=\"Perdones de inadmisibilidad | Bilingual Immigration Attorney in South Florida - Bilingual Immigration Attorney in South Florida\" \/>\n<meta name=\"twitter:label1\" content=\"Escrito por\">\n\t<meta name=\"twitter:data1\" content=\"Carlos Sandoval\">\n\t<meta name=\"twitter:label2\" content=\"Tiempo de lectura\">\n\t<meta name=\"twitter:data2\" content=\"3 minutos\">\n<script type=\"application\/ld+json\" class=\"yoast-schema-graph\">{\"@context\":\"https:\/\/schema.org\",\"@graph\":[{\"@type\":\"Organization\",\"@id\":\"https:\/\/www.carlosesandoval.com\/#organization\",\"name\":\"Carlos E. Sandoval, P.A.\",\"url\":\"https:\/\/www.carlosesandoval.com\/\",\"sameAs\":[\"https:\/\/www.facebook.com\/carlosesandovalpa\",\"https:\/\/www.instagram.com\/carlosesandovalpa\/\",\"https:\/\/www.linkedin.com\/in\/carlosesandoval\/\",\"https:\/\/www.youtube.com\/channel\/UCjV8Lal1X8egP2Wi1r6-eLg\"],\"logo\":{\"@type\":\"ImageObject\",\"@id\":\"https:\/\/www.carlosesandoval.com\/#logo\",\"inLanguage\":\"es\",\"url\":\"https:\/\/www.carlosesandoval.com\/wp-content\/uploads\/2022\/05\/logo-2x-retina.png\",\"width\":848,\"height\":134,\"caption\":\"Carlos E. Sandoval, P.A.\"},\"image\":{\"@id\":\"https:\/\/www.carlosesandoval.com\/#logo\"}},{\"@type\":\"WebSite\",\"@id\":\"https:\/\/www.carlosesandoval.com\/#website\",\"url\":\"https:\/\/www.carlosesandoval.com\/\",\"name\":\"Carlos Sandoval, P.A.\",\"description\":\"\",\"publisher\":{\"@id\":\"https:\/\/www.carlosesandoval.com\/#organization\"},\"potentialAction\":[{\"@type\":\"SearchAction\",\"target\":\"https:\/\/www.carlosesandoval.com\/?s={search_term_string}\",\"query-input\":\"required name=search_term_string\"}],\"inLanguage\":\"es\"},{\"@type\":\"ImageObject\",\"@id\":\"https:\/\/www.carlosesandoval.com\/es\/nuestros-servicios\/familiar-basado-en-inmigracion\/perdones-de-inadmisibilidad\/#primaryimage\",\"inLanguage\":\"es\",\"url\":\"https:\/\/www.carlosesandoval.com\/wp-content\/uploads\/2020\/12\/family_base_immigration_5.jpg\",\"width\":288,\"height\":95,\"caption\":\"Inadmissibility Waivers\"},{\"@type\":\"WebPage\",\"@id\":\"https:\/\/www.carlosesandoval.com\/es\/nuestros-servicios\/familiar-basado-en-inmigracion\/perdones-de-inadmisibilidad\/#webpage\",\"url\":\"https:\/\/www.carlosesandoval.com\/es\/nuestros-servicios\/familiar-basado-en-inmigracion\/perdones-de-inadmisibilidad\/\",\"name\":\"Perdones de inadmisibilidad | Bilingual Immigration Attorney in South Florida - Bilingual Immigration Attorney in South Florida\",\"isPartOf\":{\"@id\":\"https:\/\/www.carlosesandoval.com\/#website\"},\"primaryImageOfPage\":{\"@id\":\"https:\/\/www.carlosesandoval.com\/es\/nuestros-servicios\/familiar-basado-en-inmigracion\/perdones-de-inadmisibilidad\/#primaryimage\"},\"datePublished\":\"2020-09-09T05:16:49+00:00\",\"dateModified\":\"2021-03-08T06:15:22+00:00\",\"breadcrumb\":{\"@id\":\"https:\/\/www.carlosesandoval.com\/es\/nuestros-servicios\/familiar-basado-en-inmigracion\/perdones-de-inadmisibilidad\/#breadcrumb\"},\"inLanguage\":\"es\",\"potentialAction\":[{\"@type\":\"ReadAction\",\"target\":[\"https:\/\/www.carlosesandoval.com\/es\/nuestros-servicios\/familiar-basado-en-inmigracion\/perdones-de-inadmisibilidad\/\"]}]},{\"@type\":\"BreadcrumbList\",\"@id\":\"https:\/\/www.carlosesandoval.com\/es\/nuestros-servicios\/familiar-basado-en-inmigracion\/perdones-de-inadmisibilidad\/#breadcrumb\",\"itemListElement\":[{\"@type\":\"ListItem\",\"position\":1,\"item\":{\"@type\":\"WebPage\",\"@id\":\"https:\/\/www.carlosesandoval.com\/\",\"url\":\"https:\/\/www.carlosesandoval.com\/\",\"name\":\"Home\"}},{\"@type\":\"ListItem\",\"position\":2,\"item\":{\"@type\":\"WebPage\",\"@id\":\"https:\/\/www.carlosesandoval.com\/es\/nuestros-servicios\/\",\"url\":\"https:\/\/www.carlosesandoval.com\/es\/nuestros-servicios\/\",\"name\":\"Nuestros Servicios\"}},{\"@type\":\"ListItem\",\"position\":3,\"item\":{\"@type\":\"WebPage\",\"@id\":\"https:\/\/www.carlosesandoval.com\/es\/nuestros-servicios\/familiar-basado-en-inmigracion\/\",\"url\":\"https:\/\/www.carlosesandoval.com\/es\/nuestros-servicios\/familiar-basado-en-inmigracion\/\",\"name\":\"Inmigraci\\u00f3n Basada en Familia\"}},{\"@type\":\"ListItem\",\"position\":4,\"item\":{\"@type\":\"WebPage\",\"@id\":\"https:\/\/www.carlosesandoval.com\/es\/nuestros-servicios\/familiar-basado-en-inmigracion\/perdones-de-inadmisibilidad\/\",\"url\":\"https:\/\/www.carlosesandoval.com\/es\/nuestros-servicios\/familiar-basado-en-inmigracion\/perdones-de-inadmisibilidad\/\",\"name\":\"Perdones de Inadmisibilidad\"}}]}]}<\/script>\n<!-- \/ Yoast SEO plugin. -->","_links":{"self":[{"href":"https:\/\/www.carlosesandoval.com\/es\/wp-json\/wp\/v2\/pages\/2504","targetHints":{"allow":["GET"]}}],"collection":[{"href":"https:\/\/www.carlosesandoval.com\/es\/wp-json\/wp\/v2\/pages"}],"about":[{"href":"https:\/\/www.carlosesandoval.com\/es\/wp-json\/wp\/v2\/types\/page"}],"author":[{"embeddable":true,"href":"https:\/\/www.carlosesandoval.com\/es\/wp-json\/wp\/v2\/users\/2"}],"replies":[{"embeddable":true,"href":"https:\/\/www.carlosesandoval.com\/es\/wp-json\/wp\/v2\/comments?post=2504"}],"version-history":[{"count":0,"href":"https:\/\/www.carlosesandoval.com\/es\/wp-json\/wp\/v2\/pages\/2504\/revisions"}],"up":[{"embeddable":true,"href":"https:\/\/www.carlosesandoval.com\/es\/wp-json\/wp\/v2\/pages\/2585"}],"wp:featuredmedia":[{"embeddable":true,"href":"https:\/\/www.carlosesandoval.com\/es\/wp-json\/wp\/v2\/media\/6308"}],"wp:attachment":[{"href":"https:\/\/www.carlosesandoval.com\/es\/wp-json\/wp\/v2\/media?parent=2504"}],"curies":[{"name":"wp","href":"https:\/\/api.w.org\/{rel}","templated":true}]}}